{"id":25405,"date":"2024-05-22T13:37:16","date_gmt":"2024-05-22T11:37:16","guid":{"rendered":"https:\/\/hcbhospitales.com\/takk-til-typ-hcb-dental\/"},"modified":"2024-06-03T12:21:45","modified_gmt":"2024-06-03T10:21:45","slug":"takk-til-typ-hcb-dental","status":"publish","type":"page","link":"https:\/\/hcbhospitales.com\/no\/takk-til-typ-hcb-dental\/","title":{"rendered":"Takk til TYP HCB Dental"},"content":{"rendered":"\t\t<div data-elementor-type=\"wp-page\" data-elementor-id=\"25405\" class=\"elementor elementor-25405 elementor-25046\" data-elementor-post-type=\"page\">\n\t\t\t\t\t\t<section class=\"elementor-section elementor-top-section elementor-element elementor-element-ad49355 elementor-section-boxed elementor-section-height-default elementor-section-height-default\" data-id=\"ad49355\" data-element_type=\"section\" data-e-type=\"section\" data-settings=\"{&quot;jet_parallax_layout_list&quot;:[]}\">\n\t\t\t\t\t\t\t<div class=\"elementor-background-overlay\"><\/div>\n\t\t\t\t\t\t\t<div class=\"elementor-container elementor-column-gap-default\">\n\t\t\t\t\t<div class=\"elementor-column elementor-col-50 elementor-top-column elementor-element elementor-element-ce65ed2\" data-id=\"ce65ed2\" data-element_type=\"column\" data-e-type=\"column\">\n\t\t\t<div class=\"elementor-widget-wrap elementor-element-populated\">\n\t\t\t\t\t\t<section class=\"elementor-section elementor-inner-section elementor-element elementor-element-85d41d3 elementor-section-boxed elementor-section-height-default elementor-section-height-default\" data-id=\"85d41d3\" data-element_type=\"section\" data-e-type=\"section\" data-settings=\"{&quot;jet_parallax_layout_list&quot;:[]}\">\n\t\t\t\t\t\t<div class=\"elementor-container elementor-column-gap-default\">\n\t\t\t\t\t<div class=\"elementor-column elementor-col-100 elementor-inner-column elementor-element elementor-element-ee9adab\" data-id=\"ee9adab\" data-element_type=\"column\" data-e-type=\"column\">\n\t\t\t<div class=\"elementor-widget-wrap elementor-element-populated\">\n\t\t\t\t\t\t<div class=\"elementor-element elementor-element-de8bb06 elementor-widget elementor-widget-spacer\" data-id=\"de8bb06\" data-element_type=\"widget\" data-e-type=\"widget\" data-widget_type=\"spacer.default\">\n\t\t\t\t<div class=\"elementor-widget-container\">\n\t\t\t\t\t\t\t<div class=\"elementor-spacer\">\n\t\t\t<div class=\"elementor-spacer-inner\"><\/div>\n\t\t<\/div>\n\t\t\t\t\t\t<\/div>\n\t\t\t\t<\/div>\n\t\t\t\t<div class=\"elementor-element elementor-element-5c89c9f elementor-widget elementor-widget-spacer\" data-id=\"5c89c9f\" data-element_type=\"widget\" data-e-type=\"widget\" data-widget_type=\"spacer.default\">\n\t\t\t\t<div class=\"elementor-widget-container\">\n\t\t\t\t\t\t\t<div class=\"elementor-spacer\">\n\t\t\t<div class=\"elementor-spacer-inner\"><\/div>\n\t\t<\/div>\n\t\t\t\t\t\t<\/div>\n\t\t\t\t<\/div>\n\t\t\t\t<div class=\"elementor-element elementor-element-6a7c7ee elementor-widget elementor-widget-heading\" data-id=\"6a7c7ee\" data-element_type=\"widget\" data-e-type=\"widget\" data-widget_type=\"heading.default\">\n\t\t\t\t<div class=\"elementor-widget-container\">\n\t\t\t\t\t<h1 class=\"elementor-heading-title elementor-size-default\">Tusen takk skal du ha  <p>for din interesse!<\/p><\/h1>\t\t\t\t<\/div>\n\t\t\t\t<\/div>\n\t\t\t\t\t<\/div>\n\t\t<\/div>\n\t\t\t\t\t<\/div>\n\t\t<\/section>\n\t\t\t\t<div class=\"elementor-element elementor-element-a3e64ba elementor-widget elementor-widget-text-editor\" data-id=\"a3e64ba\" data-element_type=\"widget\" data-e-type=\"widget\" data-widget_type=\"text-editor.default\">\n\t\t\t\t<div class=\"elementor-widget-container\">\n\t\t\t\t\t\t\t\t\t<p>I l\u00f8pet av de neste dagene vil teamet v\u00e5rt ringe deg for \u00e5 svare p\u00e5 alle sp\u00f8rsm\u00e5lene dine. Takk for tilliten du har vist HCB Hospitals.<\/p>\n\t\t\t\t\t\t\t\t<\/div>\n\t\t\t\t<\/div>\n\t\t\t\t<div class=\"elementor-element elementor-element-904b83a elementor-widget elementor-widget-spacer\" data-id=\"904b83a\" data-element_type=\"widget\" data-e-type=\"widget\" data-widget_type=\"spacer.default\">\n\t\t\t\t<div class=\"elementor-widget-container\">\n\t\t\t\t\t\t\t<div class=\"elementor-spacer\">\n\t\t\t<div class=\"elementor-spacer-inner\"><\/div>\n\t\t<\/div>\n\t\t\t\t\t\t<\/div>\n\t\t\t\t<\/div>\n\t\t\t\t\t<\/div>\n\t\t<\/div>\n\t\t\t\t<div class=\"elementor-column elementor-col-50 elementor-top-column elementor-element elementor-element-525b1cc\" data-id=\"525b1cc\" data-element_type=\"column\" data-e-type=\"column\">\n\t\t\t<div class=\"elementor-widget-wrap elementor-element-populated\">\n\t\t\t\t\t\t<div class=\"elementor-element elementor-element-6139330 elementor-widget elementor-widget-spacer\" data-id=\"6139330\" data-element_type=\"widget\" data-e-type=\"widget\" data-widget_type=\"spacer.default\">\n\t\t\t\t<div class=\"elementor-widget-container\">\n\t\t\t\t\t\t\t<div class=\"elementor-spacer\">\n\t\t\t<div class=\"elementor-spacer-inner\"><\/div>\n\t\t<\/div>\n\t\t\t\t\t\t<\/div>\n\t\t\t\t<\/div>\n\t\t\t\t<div class=\"elementor-element elementor-element-ca5543b elementor-widget elementor-widget-image\" data-id=\"ca5543b\" data-element_type=\"widget\" data-e-type=\"widget\" data-widget_type=\"image.default\">\n\t\t\t\t<div class=\"elementor-widget-container\">\n\t\t\t\t\t\t\t\t\t\t\t\t\t\t\t<img fetchpriority=\"high\" decoding=\"async\" width=\"800\" height=\"600\" src=\"https:\/\/hcbhospitales.com\/wp-content\/uploads\/2024\/03\/hcb-dental.png\" class=\"attachment-large size-large wp-image-24399\" alt=\"\" srcset=\"https:\/\/hcbhospitales.com\/wp-content\/uploads\/2024\/03\/hcb-dental.png 800w, https:\/\/hcbhospitales.com\/wp-content\/uploads\/2024\/03\/hcb-dental-300x225.png 300w, https:\/\/hcbhospitales.com\/wp-content\/uploads\/2024\/03\/hcb-dental-768x576.png 768w\" sizes=\"(max-width: 800px) 100vw, 800px\" \/>\t\t\t\t\t\t\t\t\t\t\t\t\t\t\t<\/div>\n\t\t\t\t<\/div>\n\t\t\t\t\t<\/div>\n\t\t<\/div>\n\t\t\t\t\t<\/div>\n\t\t<\/section>\n\t\t\t\t<\/div>\n\t\t","protected":false},"excerpt":{"rendered":"<p>Tusen takk skal du ha for din interesse! I l\u00f8pet av de neste dagene vil teamet v\u00e5rt ringe deg for \u00e5 svare p\u00e5 alle sp\u00f8rsm\u00e5lene dine. Takk for tilliten du har vist HCB Hospitals.<\/p>\n","protected":false},"author":6,"featured_media":0,"parent":0,"menu_order":0,"comment_status":"closed","ping_status":"closed","template":"elementor_header_footer","meta":{"_acf_changed":false,"footnotes":""},"class_list":["post-25405","page","type-page","status-publish","hentry"],"acf":[],"_links":{"self":[{"href":"https:\/\/hcbhospitales.com\/no\/wp-json\/wp\/v2\/pages\/25405","targetHints":{"allow":["GET"]}}],"collection":[{"href":"https:\/\/hcbhospitales.com\/no\/wp-json\/wp\/v2\/pages"}],"about":[{"href":"https:\/\/hcbhospitales.com\/no\/wp-json\/wp\/v2\/types\/page"}],"author":[{"embeddable":true,"href":"https:\/\/hcbhospitales.com\/no\/wp-json\/wp\/v2\/users\/6"}],"replies":[{"embeddable":true,"href":"https:\/\/hcbhospitales.com\/no\/wp-json\/wp\/v2\/comments?post=25405"}],"version-history":[{"count":0,"href":"https:\/\/hcbhospitales.com\/no\/wp-json\/wp\/v2\/pages\/25405\/revisions"}],"wp:attachment":[{"href":"https:\/\/hcbhospitales.com\/no\/wp-json\/wp\/v2\/media?parent=25405"}],"curies":[{"name":"wp","href":"https:\/\/api.w.org\/{rel}","templated":true}]}}