{"id":17069,"date":"2022-04-12T11:04:18","date_gmt":"2022-04-12T09:04:18","guid":{"rendered":"https:\/\/hcbhospitales.com\/?page_id=17069"},"modified":"2023-12-04T11:55:05","modified_gmt":"2023-12-04T10:55:05","slug":"hcbs-spesialiserte-barneavdeling","status":"publish","type":"page","link":"https:\/\/hcbhospitales.com\/no\/referanseenheter\/hcbs-spesialiserte-barneavdeling\/","title":{"rendered":"HCB\u2019S SPESIALISERTE BARNEAVDELING"},"content":{"rendered":"\t\t<div data-elementor-type=\"wp-page\" data-elementor-id=\"17069\" class=\"elementor elementor-17069 elementor-5349\" data-elementor-post-type=\"page\">\n\t\t\t\t\t\t<section class=\"elementor-section elementor-top-section elementor-element elementor-element-8ba004e elementor-section-boxed elementor-section-height-default elementor-section-height-default\" data-id=\"8ba004e\" data-element_type=\"section\" data-e-type=\"section\" data-settings=\"{&quot;jet_parallax_layout_list&quot;:[{&quot;jet_parallax_layout_image&quot;:{&quot;url&quot;:&quot;&quot;,&quot;id&quot;:&quot;&quot;,&quot;size&quot;:&quot;&quot;},&quot;_id&quot;:&quot;bfae6c3&quot;,&quot;jet_parallax_layout_image_tablet&quot;:{&quot;url&quot;:&quot;&quot;,&quot;id&quot;:&quot;&quot;,&quot;size&quot;:&quot;&quot;},&quot;jet_parallax_layout_image_mobile&quot;:{&quot;url&quot;:&quot;&quot;,&quot;id&quot;:&quot;&quot;,&quot;size&quot;:&quot;&quot;},&quot;jet_parallax_layout_speed&quot;:{&quot;unit&quot;:&quot;%&quot;,&quot;size&quot;:50,&quot;sizes&quot;:[]},&quot;jet_parallax_layout_type&quot;:&quot;scroll&quot;,&quot;jet_parallax_layout_direction&quot;:&quot;1&quot;,&quot;jet_parallax_layout_fx_direction&quot;:null,&quot;jet_parallax_layout_z_index&quot;:&quot;&quot;,&quot;jet_parallax_layout_bg_x&quot;:50,&quot;jet_parallax_layout_bg_x_tablet&quot;:&quot;&quot;,&quot;jet_parallax_layout_bg_x_mobile&quot;:&quot;&quot;,&quot;jet_parallax_layout_bg_y&quot;:50,&quot;jet_parallax_layout_bg_y_tablet&quot;:&quot;&quot;,&quot;jet_parallax_layout_bg_y_mobile&quot;:&quot;&quot;,&quot;jet_parallax_layout_bg_size&quot;:&quot;auto&quot;,&quot;jet_parallax_layout_bg_size_tablet&quot;:&quot;&quot;,&quot;jet_parallax_layout_bg_size_mobile&quot;:&quot;&quot;,&quot;jet_parallax_layout_animation_prop&quot;:&quot;transform&quot;,&quot;jet_parallax_layout_on&quot;:[&quot;desktop&quot;,&quot;tablet&quot;]}],&quot;background_background&quot;:&quot;gradient&quot;}\">\n\t\t\t\t\t\t<div class=\"elementor-container elementor-column-gap-default\">\n\t\t\t\t\t<div class=\"elementor-column elementor-col-100 elementor-top-column elementor-element elementor-element-2b0e3e0\" data-id=\"2b0e3e0\" data-element_type=\"column\" data-e-type=\"column\">\n\t\t\t<div class=\"elementor-widget-wrap elementor-element-populated\">\n\t\t\t\t\t\t<div class=\"elementor-element elementor-element-00a09ba elementor-widget elementor-widget-jet-breadcrumbs\" data-id=\"00a09ba\" data-element_type=\"widget\" data-e-type=\"widget\" data-widget_type=\"jet-breadcrumbs.default\">\n\t\t\t\t<div class=\"elementor-widget-container\">\n\t\t\t\t\t<div class=\"elementor-jet-breadcrumbs jet-blocks\">\n\t\t<div class=\"jet-breadcrumbs\">\n\t\t<div class=\"jet-breadcrumbs__content\">\n\t\t<div class=\"jet-breadcrumbs__wrap\"><div class=\"jet-breadcrumbs__item\"><a href=\"https:\/\/hcbhospitales.com\/no\/\" class=\"jet-breadcrumbs__item-link is-home\" rel=\"home\" title=\"Home\">Home<\/a><\/div>\n\t\t<\/div>\n\t\t<\/div>\n\t\t<\/div><\/div>\t\t\t\t<\/div>\n\t\t\t\t<\/div>\n\t\t\t\t<div class=\"elementor-element elementor-element-66289bf elementor-widget elementor-widget-image\" data-id=\"66289bf\" data-element_type=\"widget\" data-e-type=\"widget\" data-widget_type=\"image.default\">\n\t\t\t\t<div class=\"elementor-widget-container\">\n\t\t\t\t\t\t\t\t\t\t\t\t\t\t\t<img fetchpriority=\"high\" decoding=\"async\" width=\"800\" height=\"600\" src=\"https:\/\/hcbhospitales.com\/wp-content\/uploads\/2022\/02\/unidades-de-referencia-6.jpg\" class=\"attachment-full size-full wp-image-16239\" alt=\"\" srcset=\"https:\/\/hcbhospitales.com\/wp-content\/uploads\/2022\/02\/unidades-de-referencia-6.jpg 800w, https:\/\/hcbhospitales.com\/wp-content\/uploads\/2022\/02\/unidades-de-referencia-6-300x225.jpg 300w, https:\/\/hcbhospitales.com\/wp-content\/uploads\/2022\/02\/unidades-de-referencia-6-768x576.jpg 768w\" sizes=\"(max-width: 800px) 100vw, 800px\" \/>\t\t\t\t\t\t\t\t\t\t\t\t\t\t\t<\/div>\n\t\t\t\t<\/div>\n\t\t\t\t<div class=\"elementor-element elementor-element-4a588bd elementor-widget elementor-widget-text-editor\" data-id=\"4a588bd\" data-element_type=\"widget\" data-e-type=\"widget\" data-widget_type=\"text-editor.default\">\n\t\t\t\t<div class=\"elementor-widget-container\">\n\t\t\t\t\t\t\t\t\t<p><span style=\"font-weight: 400;\">HCB hospitales har opprettet den spesialiserte pediatriske avdelingen for \u00e5 dekke helse- og velv\u00e6rebehovene til hele familien. HCB forener i dette prosjektet et team av barneleger spesialisert p\u00e5 pleie og velv\u00e6re av barn.\u00a0<\/span><\/p><p><span style=\"font-weight: 400;\">HCB\u2019s spesialiserte barneavdeling ble opprettet og vokser stadig for \u00e5 kunne dekke b\u00e5de generelle pediatriske behov og mer komplekse behov der spesialiserte fagfolk m\u00e5 gripe inn. HCB har derfor et team av barnespesialister og legetjenester rettet mot barn fra 0 til 15 \u00e5r.\u00a0<\/span><\/p><p><b>Pediatrisk pasient<\/b><span style=\"font-weight: 400;\">\u00a0<\/span><\/p><p><span style=\"font-weight: 400;\">Den pediatriske pasienten inkluderer barn fra f\u00f8dsel til 14 \u00e5r og 364 dager (15 \u00e5r). De er ogs\u00e5 klassifisert etter alder i:\u00a0<\/span><\/p><p><span style=\"font-weight: 400;\">Nyf\u00f8dt: fra f\u00f8dsel til 1 m\u00e5ned.\u00a0<\/span><\/p><p><span style=\"font-weight: 400;\">Spedbarn: fra 1 m\u00e5ned til 23 m\u00e5neder<\/span><\/p><p><span style=\"font-weight: 400;\">F\u00f8rskole: fra 2 \u00e5r til 5 \u00e5r gammel<\/span><\/p><p><span style=\"font-weight: 400;\">Skole: fra 6 til 11 \u00e5r gammel.\u00a0<\/span><\/p><p><span style=\"font-weight: 400;\">Ungdom: fra 12 til 14 \u00e5r gammel.\u00a0<\/span><\/p><p><span style=\"font-weight: 400;\">HCB\u2019s spesialiserte barneavdeling jobber aktivt som et pediatrisk-sykepleie-\/sykepleie-pediatrisk team p\u00e5 f\u00f8lgende tjenester og behandlinger:\u00a0<\/span><\/p><p><b>PEDIATRISK KONSULTASJON\u00a0<\/b><\/p><p><span style=\"font-weight: 400;\">Det er den typen pleie som er beregnet p\u00e5 pasienter som kommer for patologi eller ethvert annet helseproblem\u00a0<\/span><\/p><p><b>AKUTT PEDIATRISK KONSULTASJON\u00a0<\/b><\/p><p><span style=\"font-weight: 400;\">Dette er konsultasjonene som gjennomf\u00f8res uten avtale, pasienten kommer fordi de krever akutt behandling p\u00e5 grunn av akutt patologi. <\/span><\/p>\t\t\t\t\t\t\t\t<\/div>\n\t\t\t\t<\/div>\n\t\t\t\t<div class=\"elementor-element elementor-element-dfca041 elementor-widget elementor-widget-toggle\" data-id=\"dfca041\" data-element_type=\"widget\" data-e-type=\"widget\" data-widget_type=\"toggle.default\">\n\t\t\t\t<div class=\"elementor-widget-container\">\n\t\t\t\t\t\t\t<div class=\"elementor-toggle\">\n\t\t\t\t\t\t\t<div class=\"elementor-toggle-item\">\n\t\t\t\t\t<div id=\"elementor-tab-title-2341\" class=\"elementor-tab-title\" data-tab=\"1\" role=\"button\" aria-controls=\"elementor-tab-content-2341\" aria-expanded=\"false\">\n\t\t\t\t\t\t\t\t\t\t\t\t<span class=\"elementor-toggle-icon elementor-toggle-icon-left\" aria-hidden=\"true\">\n\t\t\t\t\t\t\t\t\t\t\t\t\t\t\t<span class=\"elementor-toggle-icon-closed\"><svg class=\"e-font-icon-svg e-fas-caret-right\" viewBox=\"0 0 192 512\" xmlns=\"http:\/\/www.w3.org\/2000\/svg\"><path d=\"M0 384.662V127.338c0-17.818 21.543-26.741 34.142-14.142l128.662 128.662c7.81 7.81 7.81 20.474 0 28.284L34.142 398.804C21.543 411.404 0 402.48 0 384.662z\"><\/path><\/svg><\/span>\n\t\t\t\t\t\t\t\t<span class=\"elementor-toggle-icon-opened\"><svg class=\"elementor-toggle-icon-opened e-font-icon-svg e-fas-caret-up\" viewBox=\"0 0 320 512\" xmlns=\"http:\/\/www.w3.org\/2000\/svg\"><path d=\"M288.662 352H31.338c-17.818 0-26.741-21.543-14.142-34.142l128.662-128.662c7.81-7.81 20.474-7.81 28.284 0l128.662 128.662c12.6 12.599 3.676 34.142-14.142 34.142z\"><\/path><\/svg><\/span>\n\t\t\t\t\t\t\t\t\t\t\t\t\t<\/span>\n\t\t\t\t\t\t\t\t\t\t\t\t<a class=\"elementor-toggle-title\" tabindex=\"0\">SPESIALITETER: BARNEENDOKRINOLOGI, BARNEKARDIOLOGI OG NEVROPEDIATRI<\/a>\n\t\t\t\t\t<\/div>\n\n\t\t\t\t\t<div id=\"elementor-tab-content-2341\" class=\"elementor-tab-content elementor-clearfix\" data-tab=\"1\" role=\"region\" aria-labelledby=\"elementor-tab-title-2341\"><p><b>Endokrinologi. <\/b><span style=\"font-weight: 400;\">P\u00e5 konsultasjon for pediatrisk endokrinologi utf\u00f8rer vi diagnostisering, behandling og oppf\u00f8lging av mulige hormonforstyrrelser hos barn. Noen av lidelsene vi behandler inkluderer blant annet:\u00a0<\/span><\/p><ul><li style=\"font-weight: 400;\" aria-level=\"1\"><span style=\"font-weight: 400;\">Vekstproblemer, som kort eller h\u00f8y vekst.<\/span><\/li><li style=\"font-weight: 400;\" aria-level=\"1\"><span style=\"font-weight: 400;\">Tidlig eller sen pubertet.<\/span><\/li><li style=\"font-weight: 400;\" aria-level=\"1\"><span style=\"font-weight: 400;\">Forst\u00f8rrelse av skjoldbruskkjertelen (struma).<\/span><\/li><li style=\"font-weight: 400;\" aria-level=\"1\"><span style=\"font-weight: 400;\">Forandringer i skjoldbruskkjertelens funksjon (hyper\/hypotyreose).\u00a0<\/span><\/li><li style=\"font-weight: 400;\" aria-level=\"1\"><span style=\"font-weight: 400;\">Forandringer i binyrens funksjon.<\/span><\/li><li style=\"font-weight: 400;\" aria-level=\"1\"><span style=\"font-weight: 400;\">Forandringer i kj\u00f8nnsorganer.<\/span><\/li><li style=\"font-weight: 400;\" aria-level=\"1\"><span style=\"font-weight: 400;\">Dysfunksjon i eggstokkene og testikklene.<\/span><\/li><li style=\"font-weight: 400;\" aria-level=\"1\"><span style=\"font-weight: 400;\">Diabetes.<\/span><\/li><li style=\"font-weight: 400;\" aria-level=\"1\"><span style=\"font-weight: 400;\">Lavt blodsukker (hypoglykemi).<\/span><\/li><li style=\"font-weight: 400;\" aria-level=\"1\"><span style=\"font-weight: 400;\">Overvekt.<\/span><\/li><li style=\"font-weight: 400;\" aria-level=\"1\"><span style=\"font-weight: 400;\">Problemer med D-vitamin\/kalsium\/fosfor (rakitt, hypokalsemi).\u00a0<\/span><\/li><\/ul><p><b>Barnekardiologi:<\/b><span style=\"font-weight: 400;\"> P\u00e5 konsultasjon utf\u00f8rer vi diagnostisering, behandling og oppf\u00f8lging av mulige kardiovaskul\u00e6re patologier hos barn: bilyd identifisert av annen fagperson, hjertebank, brystsmerter, synkope eller svimmelhet&#8230; Vi studerer ogs\u00e5 asymptomatiske pasienter som har p\u00e5r\u00f8rende med hjertesykdommer da dette kan arves. P\u00e5 konsultasjonen gj\u00f8res f\u00f8lgende:<\/span><\/p><ul><li style=\"font-weight: 400;\" aria-level=\"1\"><span style=\"font-weight: 400;\">Detaljert historikk hvor man blir spurt om problemets art, familiens og pasientens bakgrunn\u00a0<\/span><\/li><li style=\"font-weight: 400;\" aria-level=\"1\"><span style=\"font-weight: 400;\">Fysisk unders\u00f8kelse hvor pasienten blir lyttet p\u00e5 og pulsen tas.<\/span><\/li><li style=\"font-weight: 400;\" aria-level=\"1\"><span style=\"font-weight: 400;\">Blodtrykk og oksygenmetning vil bli tatt om n\u00f8dvendig.<\/span><\/li><li style=\"font-weight: 400;\" aria-level=\"1\"><span style=\"font-weight: 400;\">Elektrokardiogram med 12 avledninger.\u00a0<\/span><\/li><li style=\"font-weight: 400;\" aria-level=\"1\"><span style=\"font-weight: 400;\">Ekkokardiografi med farge-Doppler og\u00a0 todimensjonale strukturbildet<\/span><\/li><\/ul><p>\u00a0<\/p><p><b>Nevropediatri:<\/b><span style=\"font-weight: 400;\"> P\u00e5 nevropediatrisk konsultasjon utf\u00f8rer vi diagnostisering, behandling og oppf\u00f8lging av mulige patologier som involverer nervesystemet hos barnepasienten. Blant annet behandler vi f\u00f8lgende patologier:\u00a0<\/span><\/p><ul><li style=\"font-weight: 400;\" aria-level=\"1\"><span style=\"font-weight: 400;\">Oppmerksomhetsforstyrrelse med\/uten hyperaktivitet (ADD\/ADHD)<\/span><\/li><li style=\"font-weight: 400;\" aria-level=\"1\"><span style=\"font-weight: 400;\">Utviklingsforsinkelser, globale og motoriske ferdigheter.<\/span><\/li><li style=\"font-weight: 400;\" aria-level=\"1\"><span style=\"font-weight: 400;\">Spr\u00e5kforstyrrelser.\u00a0<\/span><\/li><li style=\"font-weight: 400;\" aria-level=\"1\"><span style=\"font-weight: 400;\">Epileptiske anfall (frav\u00e6r, kramper, etc.) med eller uten feber.\u00a0<\/span><\/li><li style=\"font-weight: 400;\" aria-level=\"1\"><span style=\"font-weight: 400;\">Intellektuell utviklingshemming eller funksjonshemming.<\/span><\/li><li style=\"font-weight: 400;\" aria-level=\"1\"><span style=\"font-weight: 400;\">L\u00e6reforstyrrelser p\u00e5 skolen.\u00a0<\/span><\/li><li style=\"font-weight: 400;\" aria-level=\"1\"><span style=\"font-weight: 400;\">Hodepine.<\/span><\/li><li style=\"font-weight: 400;\" aria-level=\"1\"><span style=\"font-weight: 400;\">Diagnostisering av lav- eller h\u00f8y autisme eller s\u00e5kalt \u00abAspergers syndrom\u00bb.\u00a0<\/span><\/li><li style=\"font-weight: 400;\" aria-level=\"1\"><span style=\"font-weight: 400;\">Diagnose av hjernemisdannelse. <\/span><\/li><\/ul><\/div>\n\t\t\t\t<\/div>\n\t\t\t\t\t\t\t\t<\/div>\n\t\t\t\t\t\t<\/div>\n\t\t\t\t<\/div>\n\t\t\t\t<div class=\"elementor-element elementor-element-1c79c5a elementor-widget elementor-widget-toggle\" data-id=\"1c79c5a\" data-element_type=\"widget\" data-e-type=\"widget\" data-widget_type=\"toggle.default\">\n\t\t\t\t<div class=\"elementor-widget-container\">\n\t\t\t\t\t\t\t<div class=\"elementor-toggle\">\n\t\t\t\t\t\t\t<div class=\"elementor-toggle-item\">\n\t\t\t\t\t<div id=\"elementor-tab-title-2981\" class=\"elementor-tab-title\" data-tab=\"1\" role=\"button\" aria-controls=\"elementor-tab-content-2981\" aria-expanded=\"false\">\n\t\t\t\t\t\t\t\t\t\t\t\t<span class=\"elementor-toggle-icon elementor-toggle-icon-left\" aria-hidden=\"true\">\n\t\t\t\t\t\t\t\t\t\t\t\t\t\t\t<span class=\"elementor-toggle-icon-closed\"><svg class=\"e-font-icon-svg e-fas-caret-right\" viewBox=\"0 0 192 512\" xmlns=\"http:\/\/www.w3.org\/2000\/svg\"><path d=\"M0 384.662V127.338c0-17.818 21.543-26.741 34.142-14.142l128.662 128.662c7.81 7.81 7.81 20.474 0 28.284L34.142 398.804C21.543 411.404 0 402.48 0 384.662z\"><\/path><\/svg><\/span>\n\t\t\t\t\t\t\t\t<span class=\"elementor-toggle-icon-opened\"><svg class=\"elementor-toggle-icon-opened e-font-icon-svg e-fas-caret-up\" viewBox=\"0 0 320 512\" xmlns=\"http:\/\/www.w3.org\/2000\/svg\"><path d=\"M288.662 352H31.338c-17.818 0-26.741-21.543-14.142-34.142l128.662-128.662c7.81-7.81 20.474-7.81 28.284 0l128.662 128.662c12.6 12.599 3.676 34.142-14.142 34.142z\"><\/path><\/svg><\/span>\n\t\t\t\t\t\t\t\t\t\t\t\t\t<\/span>\n\t\t\t\t\t\t\t\t\t\t\t\t<a class=\"elementor-toggle-title\" tabindex=\"0\">HELSEPROGRAM FOR BARN<\/a>\n\t\t\t\t\t<\/div>\n\n\t\t\t\t\t<div id=\"elementor-tab-content-2981\" class=\"elementor-tab-content elementor-clearfix\" data-tab=\"1\" role=\"region\" aria-labelledby=\"elementor-tab-title-2981\"><p><span style=\"font-weight: 400;\">Det er programmet for systematiske helsekontroller. N\u00e5r vi gjennomf\u00f8rer helsesjekker for barn, er vi styrt av barnehelseprogrammet etablert i Valencia regionen, selvom helsesjekker ogs\u00e5 utf\u00f8res i v\u00e5r tjeneste n\u00e5r foreldrene \u00f8nsker det.\u00a0<\/span><\/p><p><b>Det anbefales \u00e5 gjennomf\u00f8re den f\u00f8rste kontrollen mellom femte og tiende dag etter f\u00f8dsel, <\/b><span style=\"font-weight: 400;\">dersom det ikke var problemer under f\u00f8dselen eller de f\u00f8rste dagene etter f\u00f8dselen.\u00a0<\/span><\/p><p><span style=\"font-weight: 400;\">Hvis det ikke oppdages noe problem, anbefales det etter det f\u00f8rste bes\u00f8ket \u00e5 gj\u00f8re m\u00e5nedlige vurderinger de f\u00f8rste 12 m\u00e5nedene. Etter det f\u00f8rste leve\u00e5ret anbefales det \u00e5 gjennomf\u00f8re gjennomgangen hver tredje m\u00e5ned. Senere, fra det andre til det femte \u00e5ret av barnets liv, <\/span><b>anbefales det \u00e5 bes\u00f8ke barnelegen hver sjette m\u00e5ned.<\/b><span style=\"font-weight: 400;\"> Fra fylte 5 \u00e5r anbefales en \u00e5rlig kontroll.\u00a0<\/span><\/p><p><span style=\"font-weight: 400;\">I disse helsesjekkene utf\u00f8res somatometri p\u00e5 barnet for \u00e5 kontrollere vekst, oppf\u00f8lging av utviklingsmessige milep\u00e6ler, vaksiner tilsvarende alder gis, tvil og bekymringer fra foreldrene l\u00f8ses, anbefalinger gis ang\u00e5ende utvikling, mating&#8230;. Mulige helseproblemer kan bli oppdaget.<\/span><\/p><p><span style=\"font-weight: 400;\">Det er omsorg rettet mot \u00e5 forebygge og fremme helsen, UTDANNELSE FOR HELSE. Man blir ogs\u00e5 informert om neste bes\u00f8k og hvilke vaksiner som skal tas. Vaksinasjonsskjemaet blir forklart og hvilke vaksiner som er finansiert og hvilke som ikke er det. I disse programmene tar vi ogs\u00e5 for oss oppdateringen av vaksinene til utenlandske pasienter og deres sammenligning med vaksinasjonskalenderen til Valencia regionen.\u00a0\u00a0<\/span><\/p><p><span style=\"font-weight: 400;\">P\u00e5 den annen side, i denne tjenesten utf\u00f8rer vi skolebevisene som kreves av barneskoler og ungdomsskoler ved innkrivning av barn.\u00a0<\/span><\/p><p><b>PEDIATRISKE SYKEPLEIE<\/b><span style=\"font-weight: 400;\">\u00a0<\/span><\/p><p><span style=\"font-weight: 400;\">Det er konsultasjonen beregnet p\u00e5 pasienter som kun trenger hjelp fra sykepleier:\u00a0<\/span><\/p><ul><li style=\"font-weight: 400;\" aria-level=\"1\"><span style=\"font-weight: 400;\">Blodpr\u00f8ver hos pediatriske pasienter<\/span><\/li><li style=\"font-weight: 400;\" aria-level=\"1\"><span style=\"font-weight: 400;\">Gjennomf\u00f8ring av test for h\u00f8rselstap hos nyf\u00f8dte (otoakustiske emisjoner)\u00a0<\/span><\/li><li style=\"font-weight: 400;\" aria-level=\"1\"><span style=\"font-weight: 400;\">Vaksinasjon i f\u00f8lge barnevaksinasjonsprogrammet.\u00a0<\/span><\/li><li style=\"font-weight: 400;\" aria-level=\"1\"><span style=\"font-weight: 400;\">Administrering av foreskrevne kroniske medisiner (hormonbehandlinger)<\/span><\/li><li style=\"font-weight: 400;\" aria-level=\"1\"><span style=\"font-weight: 400;\">S\u00e5rbehandling<\/span><\/li><li style=\"font-weight: 400;\" aria-level=\"1\"><span style=\"font-weight: 400;\">M\u00e5nedlig immunbehandling\u00a0<\/span><\/li><\/ul><p><span style=\"font-weight: 400;\">N\u00e5r det er n\u00f8dvendig eller p\u00e5krevet, blir det bedt om en vurdering av lege\/barnelege.\u00a0<\/span><\/p><p><b>OBSERVASJONSROM<\/b><\/p><p><span style=\"font-weight: 400;\">P\u00e5 enheten har vi et observasjonsrom utstyrt med en barneseng som vi bruker dersom en pasient trenger observasjonstid p\u00e5 grunn av sin patologi eller for \u00e5 holde han\/hun p\u00e5 vent dersom man m\u00e5 overf\u00f8res til annet sykehus for innleggelse. Her utf\u00f8res pleien som kreves av pasienten: overv\u00e5king av vitale tegn, administrering av medisiner, teknikker, etc. <\/span><\/p><\/div>\n\t\t\t\t<\/div>\n\t\t\t\t\t\t\t\t<\/div>\n\t\t\t\t\t\t<\/div>\n\t\t\t\t<\/div>\n\t\t\t\t<div class=\"elementor-element elementor-element-da0cd8c elementor-widget elementor-widget-toggle\" data-id=\"da0cd8c\" data-element_type=\"widget\" data-e-type=\"widget\" data-widget_type=\"toggle.default\">\n\t\t\t\t<div class=\"elementor-widget-container\">\n\t\t\t\t\t\t\t<div class=\"elementor-toggle\">\n\t\t\t\t\t\t\t<div class=\"elementor-toggle-item\">\n\t\t\t\t\t<div id=\"elementor-tab-title-2281\" class=\"elementor-tab-title\" data-tab=\"1\" role=\"button\" aria-controls=\"elementor-tab-content-2281\" aria-expanded=\"false\">\n\t\t\t\t\t\t\t\t\t\t\t\t<span class=\"elementor-toggle-icon elementor-toggle-icon-left\" aria-hidden=\"true\">\n\t\t\t\t\t\t\t\t\t\t\t\t\t\t\t<span class=\"elementor-toggle-icon-closed\"><svg class=\"e-font-icon-svg e-fas-caret-right\" viewBox=\"0 0 192 512\" xmlns=\"http:\/\/www.w3.org\/2000\/svg\"><path d=\"M0 384.662V127.338c0-17.818 21.543-26.741 34.142-14.142l128.662 128.662c7.81 7.81 7.81 20.474 0 28.284L34.142 398.804C21.543 411.404 0 402.48 0 384.662z\"><\/path><\/svg><\/span>\n\t\t\t\t\t\t\t\t<span class=\"elementor-toggle-icon-opened\"><svg class=\"elementor-toggle-icon-opened e-font-icon-svg e-fas-caret-up\" viewBox=\"0 0 320 512\" xmlns=\"http:\/\/www.w3.org\/2000\/svg\"><path d=\"M288.662 352H31.338c-17.818 0-26.741-21.543-14.142-34.142l128.662-128.662c7.81-7.81 20.474-7.81 28.284 0l128.662 128.662c12.6 12.599 3.676 34.142-14.142 34.142z\"><\/path><\/svg><\/span>\n\t\t\t\t\t\t\t\t\t\t\t\t\t<\/span>\n\t\t\t\t\t\t\t\t\t\t\t\t<a class=\"elementor-toggle-title\" tabindex=\"0\">Spesialister<\/a>\n\t\t\t\t\t<\/div>\n\n\t\t\t\t\t<div id=\"elementor-tab-content-2281\" class=\"elementor-tab-content elementor-clearfix\" data-tab=\"1\" role=\"region\" aria-labelledby=\"elementor-tab-title-2281\"><p><b><\/b><b>Dr. Pepe Mut<\/b>\u00a0 \u00a0 \u00a0 \u00a0 \u00a0 \u00a0 \u00a0 \u00a0 \u00a0 \u00a0<\/p><p><b>Dr. Leonardo Landa<\/b><\/p><p><b>Dra. Maria Beneyto Lluch<\/b><span style=\"font-weight: 400;\">\u00a0\u00a0\u00a0\u00a0\u00a0\u00a0\u00a0\u00a0\u00a0\u00a0\u00a0<\/span><\/p><p><b>Dra. Lourdes Escriv\u00e1 Cholvi<\/b><\/p><p><b>Dra. Teresa Llobat Stelles<\/b><\/p><p class=\"nombre\"><strong>Dra. Ver\u00f3nica Cardona Leyda<\/strong><\/p><p class=\"nombre\"><strong>Dra. Lourdes Giner P\u00e9rez\u00a0<\/strong><\/p><p class=\"nombre\"><strong>Dr. Hilario Sell\u00e9s Cantos\u00a0<\/strong><\/p><p class=\"nombre\"><strong>Dra. Diana V\u00e9lez Vel\u00e1squez<\/strong>\u00a0<\/p><\/div>\n\t\t\t\t<\/div>\n\t\t\t\t\t\t\t\t<\/div>\n\t\t\t\t\t\t<\/div>\n\t\t\t\t<\/div>\n\t\t\t\t\t<\/div>\n\t\t<\/div>\n\t\t\t\t\t<\/div>\n\t\t<\/section>\n\t\t\t\t<\/div>\n\t\t","protected":false},"excerpt":{"rendered":"<p>HCB Hospitales HCB hospitales har opprettet den spesialiserte pediatriske avdelingen for \u00e5 dekke helse- og velv\u00e6rebehovene til hele familien. HCB forener i dette prosjektet et team av barneleger spesialisert p\u00e5 pleie og velv\u00e6re av barn.\u00a0 HCB\u2019s spesialiserte barneavdeling ble opprettet og vokser stadig for \u00e5 kunne dekke b\u00e5de generelle pediatriske behov og mer komplekse behov [&hellip;]<\/p>\n","protected":false},"author":2,"featured_media":0,"parent":22489,"menu_order":0,"comment_status":"closed","ping_status":"closed","template":"","meta":{"_acf_changed":false,"footnotes":""},"class_list":["post-17069","page","type-page","status-publish","hentry"],"acf":[],"_links":{"self":[{"href":"https:\/\/hcbhospitales.com\/no\/wp-json\/wp\/v2\/pages\/17069","targetHints":{"allow":["GET"]}}],"collection":[{"href":"https:\/\/hcbhospitales.com\/no\/wp-json\/wp\/v2\/pages"}],"about":[{"href":"https:\/\/hcbhospitales.com\/no\/wp-json\/wp\/v2\/types\/page"}],"author":[{"embeddable":true,"href":"https:\/\/hcbhospitales.com\/no\/wp-json\/wp\/v2\/users\/2"}],"replies":[{"embeddable":true,"href":"https:\/\/hcbhospitales.com\/no\/wp-json\/wp\/v2\/comments?post=17069"}],"version-history":[{"count":3,"href":"https:\/\/hcbhospitales.com\/no\/wp-json\/wp\/v2\/pages\/17069\/revisions"}],"predecessor-version":[{"id":22708,"href":"https:\/\/hcbhospitales.com\/no\/wp-json\/wp\/v2\/pages\/17069\/revisions\/22708"}],"up":[{"embeddable":true,"href":"https:\/\/hcbhospitales.com\/no\/wp-json\/wp\/v2\/pages\/22489"}],"wp:attachment":[{"href":"https:\/\/hcbhospitales.com\/no\/wp-json\/wp\/v2\/media?parent=17069"}],"curies":[{"name":"wp","href":"https:\/\/api.w.org\/{rel}","templated":true}]}}