{"id":17056,"date":"2022-04-12T14:42:32","date_gmt":"2022-04-12T12:42:32","guid":{"rendered":"https:\/\/hcbhospitales.com\/?page_id=17056"},"modified":"2023-12-04T11:57:11","modified_gmt":"2023-12-04T10:57:11","slug":"arteriell-hypertensjonsenhet","status":"publish","type":"page","link":"https:\/\/hcbhospitales.com\/no\/referanseenheter\/arteriell-hypertensjonsenhet\/","title":{"rendered":"ARTERIELL HYPERTENSJONSENHET"},"content":{"rendered":"\t\t<div data-elementor-type=\"wp-page\" data-elementor-id=\"17056\" class=\"elementor elementor-17056 elementor-5440\" data-elementor-post-type=\"page\">\n\t\t\t\t\t\t<section class=\"elementor-section elementor-top-section elementor-element elementor-element-8ba004e elementor-section-boxed elementor-section-height-default elementor-section-height-default\" data-id=\"8ba004e\" data-element_type=\"section\" data-e-type=\"section\" data-settings=\"{&quot;jet_parallax_layout_list&quot;:[{&quot;jet_parallax_layout_image&quot;:{&quot;url&quot;:&quot;&quot;,&quot;id&quot;:&quot;&quot;,&quot;size&quot;:&quot;&quot;},&quot;_id&quot;:&quot;bfae6c3&quot;,&quot;jet_parallax_layout_image_tablet&quot;:{&quot;url&quot;:&quot;&quot;,&quot;id&quot;:&quot;&quot;,&quot;size&quot;:&quot;&quot;},&quot;jet_parallax_layout_image_mobile&quot;:{&quot;url&quot;:&quot;&quot;,&quot;id&quot;:&quot;&quot;,&quot;size&quot;:&quot;&quot;},&quot;jet_parallax_layout_speed&quot;:{&quot;unit&quot;:&quot;%&quot;,&quot;size&quot;:50,&quot;sizes&quot;:[]},&quot;jet_parallax_layout_type&quot;:&quot;scroll&quot;,&quot;jet_parallax_layout_direction&quot;:&quot;1&quot;,&quot;jet_parallax_layout_fx_direction&quot;:null,&quot;jet_parallax_layout_z_index&quot;:&quot;&quot;,&quot;jet_parallax_layout_bg_x&quot;:50,&quot;jet_parallax_layout_bg_x_tablet&quot;:&quot;&quot;,&quot;jet_parallax_layout_bg_x_mobile&quot;:&quot;&quot;,&quot;jet_parallax_layout_bg_y&quot;:50,&quot;jet_parallax_layout_bg_y_tablet&quot;:&quot;&quot;,&quot;jet_parallax_layout_bg_y_mobile&quot;:&quot;&quot;,&quot;jet_parallax_layout_bg_size&quot;:&quot;auto&quot;,&quot;jet_parallax_layout_bg_size_tablet&quot;:&quot;&quot;,&quot;jet_parallax_layout_bg_size_mobile&quot;:&quot;&quot;,&quot;jet_parallax_layout_animation_prop&quot;:&quot;transform&quot;,&quot;jet_parallax_layout_on&quot;:[&quot;desktop&quot;,&quot;tablet&quot;]}],&quot;background_background&quot;:&quot;gradient&quot;}\">\n\t\t\t\t\t\t<div class=\"elementor-container elementor-column-gap-default\">\n\t\t\t\t\t<div class=\"elementor-column elementor-col-100 elementor-top-column elementor-element elementor-element-2b0e3e0\" data-id=\"2b0e3e0\" data-element_type=\"column\" data-e-type=\"column\">\n\t\t\t<div class=\"elementor-widget-wrap elementor-element-populated\">\n\t\t\t\t\t\t<div class=\"elementor-element elementor-element-a360f68 elementor-widget elementor-widget-jet-breadcrumbs\" data-id=\"a360f68\" data-element_type=\"widget\" data-e-type=\"widget\" data-widget_type=\"jet-breadcrumbs.default\">\n\t\t\t\t<div class=\"elementor-widget-container\">\n\t\t\t\t\t<div class=\"elementor-jet-breadcrumbs jet-blocks\">\n\t\t<div class=\"jet-breadcrumbs\">\n\t\t<div class=\"jet-breadcrumbs__content\">\n\t\t<div class=\"jet-breadcrumbs__wrap\"><div class=\"jet-breadcrumbs__item\"><a href=\"https:\/\/hcbhospitales.com\/no\/\" class=\"jet-breadcrumbs__item-link is-home\" rel=\"home\" title=\"Home\">Home<\/a><\/div>\n\t\t<\/div>\n\t\t<\/div>\n\t\t<\/div><\/div>\t\t\t\t<\/div>\n\t\t\t\t<\/div>\n\t\t\t\t<div class=\"elementor-element elementor-element-ef86eb8 elementor-widget elementor-widget-image\" data-id=\"ef86eb8\" data-element_type=\"widget\" data-e-type=\"widget\" data-widget_type=\"image.default\">\n\t\t\t\t<div class=\"elementor-widget-container\">\n\t\t\t\t\t\t\t\t\t\t\t\t\t\t\t<img fetchpriority=\"high\" decoding=\"async\" width=\"800\" height=\"600\" src=\"https:\/\/hcbhospitales.com\/wp-content\/uploads\/2022\/02\/unidades-de-referencia-12.jpg\" class=\"attachment-full size-full wp-image-16245\" alt=\"\" srcset=\"https:\/\/hcbhospitales.com\/wp-content\/uploads\/2022\/02\/unidades-de-referencia-12.jpg 800w, https:\/\/hcbhospitales.com\/wp-content\/uploads\/2022\/02\/unidades-de-referencia-12-300x225.jpg 300w, https:\/\/hcbhospitales.com\/wp-content\/uploads\/2022\/02\/unidades-de-referencia-12-768x576.jpg 768w\" sizes=\"(max-width: 800px) 100vw, 800px\" \/>\t\t\t\t\t\t\t\t\t\t\t\t\t\t\t<\/div>\n\t\t\t\t<\/div>\n\t\t\t\t<div class=\"elementor-element elementor-element-4a588bd elementor-widget elementor-widget-text-editor\" data-id=\"4a588bd\" data-element_type=\"widget\" data-e-type=\"widget\" data-widget_type=\"text-editor.default\">\n\t\t\t\t<div class=\"elementor-widget-container\">\n\t\t\t\t\t\t\t\t\t<p><b>ARTERIELL HYPERTENSJONSENHET\u00a0<\/b><\/p><p><span style=\"font-weight: 400;\">HCB hospitales samler <\/span><b>spesialister innen internmedisin, kardiologi og nefrologi rundt den nye arterielle hypertensjonsenheten<\/b><span style=\"font-weight: 400;\">, og skaper et tverrfaglig team dedikert til \u00e5 analysere, overv\u00e5ke, forbedre den generelle helsetilstanden til pasienter med arteriell hypertensjon (HTN) og forhindre fremtidige assosierte patologier.\u00a0<\/span><\/p><p><b>Denne spesialiserte enheten fullf\u00f8rer utvalget av HCB hospitales tjenester p\u00e5 et spesielt viktig omr\u00e5de, p\u00e5 grunn av den h\u00f8ye forekomsten av arteriell hypertensjon, den h\u00f8ye assosierte sykelighet og d\u00f8delighet og den store variasjonen som i dag eksisterer i grad av kontroll og behandling.\u00a0<\/b><\/p>\t\t\t\t\t\t\t\t<\/div>\n\t\t\t\t<\/div>\n\t\t\t\t<div class=\"elementor-element elementor-element-9c9d2a6 elementor-widget elementor-widget-toggle\" data-id=\"9c9d2a6\" data-element_type=\"widget\" data-e-type=\"widget\" data-widget_type=\"toggle.default\">\n\t\t\t\t<div class=\"elementor-widget-container\">\n\t\t\t\t\t\t\t<div class=\"elementor-toggle\">\n\t\t\t\t\t\t\t<div class=\"elementor-toggle-item\">\n\t\t\t\t\t<div id=\"elementor-tab-title-1641\" class=\"elementor-tab-title\" data-tab=\"1\" role=\"button\" aria-controls=\"elementor-tab-content-1641\" aria-expanded=\"false\">\n\t\t\t\t\t\t\t\t\t\t\t\t<span class=\"elementor-toggle-icon elementor-toggle-icon-left\" aria-hidden=\"true\">\n\t\t\t\t\t\t\t\t\t\t\t\t\t\t\t<span class=\"elementor-toggle-icon-closed\"><svg class=\"e-font-icon-svg e-fas-caret-right\" viewBox=\"0 0 192 512\" xmlns=\"http:\/\/www.w3.org\/2000\/svg\"><path d=\"M0 384.662V127.338c0-17.818 21.543-26.741 34.142-14.142l128.662 128.662c7.81 7.81 7.81 20.474 0 28.284L34.142 398.804C21.543 411.404 0 402.48 0 384.662z\"><\/path><\/svg><\/span>\n\t\t\t\t\t\t\t\t<span class=\"elementor-toggle-icon-opened\"><svg class=\"elementor-toggle-icon-opened e-font-icon-svg e-fas-caret-up\" viewBox=\"0 0 320 512\" xmlns=\"http:\/\/www.w3.org\/2000\/svg\"><path d=\"M288.662 352H31.338c-17.818 0-26.741-21.543-14.142-34.142l128.662-128.662c7.81-7.81 20.474-7.81 28.284 0l128.662 128.662c12.6 12.599 3.676 34.142-14.142 34.142z\"><\/path><\/svg><\/span>\n\t\t\t\t\t\t\t\t\t\t\t\t\t<\/span>\n\t\t\t\t\t\t\t\t\t\t\t\t<a class=\"elementor-toggle-title\" tabindex=\"0\">Hvem er denne enheten til for? <\/a>\n\t\t\t\t\t<\/div>\n\n\t\t\t\t\t<div id=\"elementor-tab-content-1641\" class=\"elementor-tab-content elementor-clearfix\" data-tab=\"1\" role=\"region\" aria-labelledby=\"elementor-tab-title-1641\"><ul><li style=\"font-weight: 400;\" aria-level=\"1\"><span style=\"font-weight: 400;\">Behandlingsresistent hypertensjon.\u00a0<\/span><\/li><li style=\"font-weight: 400;\" aria-level=\"1\"><span style=\"font-weight: 400;\">Refrakt\u00e6r arteriell hypertensjon<\/span><\/li><li style=\"font-weight: 400;\" aria-level=\"1\"><span style=\"font-weight: 400;\">Unders\u00f8kelse av sekund\u00e6r hypertensjon.<\/span><\/li><li style=\"font-weight: 400;\" aria-level=\"1\"><span style=\"font-weight: 400;\">Hypertensjon med skade p\u00e5 m\u00e5lorganer.<\/span><\/li><li style=\"font-weight: 400;\" aria-level=\"1\"><span style=\"font-weight: 400;\">Multiple medikamentintoleranser.\u00a0<\/span><\/li><li style=\"font-weight: 400;\" aria-level=\"1\"><span style=\"font-weight: 400;\">H\u00f8yt blodtrykk under graviditet.<\/span><\/li><li style=\"font-weight: 400;\" aria-level=\"1\"><span style=\"font-weight: 400;\">Pasienter med middels\/h\u00f8y kardiovaskul\u00e6r risiko\u00a0<\/span><\/li><li style=\"font-weight: 400;\" aria-level=\"1\"><span style=\"font-weight: 400;\">Pasienter som har behov for sekund\u00e6r forebygging av kardiovaskul\u00e6r risiko <\/span><\/li><\/ul><\/div>\n\t\t\t\t<\/div>\n\t\t\t\t\t\t\t<div class=\"elementor-toggle-item\">\n\t\t\t\t\t<div id=\"elementor-tab-title-1642\" class=\"elementor-tab-title\" data-tab=\"2\" role=\"button\" aria-controls=\"elementor-tab-content-1642\" aria-expanded=\"false\">\n\t\t\t\t\t\t\t\t\t\t\t\t<span class=\"elementor-toggle-icon elementor-toggle-icon-left\" aria-hidden=\"true\">\n\t\t\t\t\t\t\t\t\t\t\t\t\t\t\t<span class=\"elementor-toggle-icon-closed\"><svg class=\"e-font-icon-svg e-fas-caret-right\" viewBox=\"0 0 192 512\" xmlns=\"http:\/\/www.w3.org\/2000\/svg\"><path d=\"M0 384.662V127.338c0-17.818 21.543-26.741 34.142-14.142l128.662 128.662c7.81 7.81 7.81 20.474 0 28.284L34.142 398.804C21.543 411.404 0 402.48 0 384.662z\"><\/path><\/svg><\/span>\n\t\t\t\t\t\t\t\t<span class=\"elementor-toggle-icon-opened\"><svg class=\"elementor-toggle-icon-opened e-font-icon-svg e-fas-caret-up\" viewBox=\"0 0 320 512\" xmlns=\"http:\/\/www.w3.org\/2000\/svg\"><path d=\"M288.662 352H31.338c-17.818 0-26.741-21.543-14.142-34.142l128.662-128.662c7.81-7.81 20.474-7.81 28.284 0l128.662 128.662c12.6 12.599 3.676 34.142-14.142 34.142z\"><\/path><\/svg><\/span>\n\t\t\t\t\t\t\t\t\t\t\t\t\t<\/span>\n\t\t\t\t\t\t\t\t\t\t\t\t<a class=\"elementor-toggle-title\" tabindex=\"0\">Enhetens m\u00e5l <\/a>\n\t\t\t\t\t<\/div>\n\n\t\t\t\t\t<div id=\"elementor-tab-content-1642\" class=\"elementor-tab-content elementor-clearfix\" data-tab=\"2\" role=\"region\" aria-labelledby=\"elementor-tab-title-1642\"><p><span style=\"font-weight: 400;\">Enheten har som m\u00e5l \u00e5 etablere en protokollisert evaluering av hypertensive pasienter og har f\u00f8lgende grunnleggende m\u00e5l:\u00a0<\/span><\/p><ul><li style=\"font-weight: 400;\" aria-level=\"1\"><span style=\"font-weight: 400;\">Definere <\/span><b>typen og graden av arteriell hypertensjon.\u00a0<\/b><\/li><li style=\"font-weight: 400;\" aria-level=\"1\"><span style=\"font-weight: 400;\">Oppdag <\/span><b>mulige \u00e5rsaker til sekund\u00e6r hypertensjon.\u00a0<\/b><\/li><li style=\"font-weight: 400;\" aria-level=\"1\"><span style=\"font-weight: 400;\">Foreta en omfattende <\/span><b>vurdering av kardiovaskul\u00e6r risiko<\/b><span style=\"font-weight: 400;\">, med dens stratifisering, gjennom:\u00a0<\/span><\/li><li style=\"font-weight: 400;\" aria-level=\"1\"><b>Unders\u00f8kelse av andre kardiovaskul\u00e6re risikofaktorer:<\/b><span style=\"font-weight: 400;\"> dyslipidemi, r\u00f8yking, overvekt, diabetes og stillesittende livsstil.\u00a0<\/span><\/li><li style=\"font-weight: 400;\" aria-level=\"1\"><b>Tidlig p\u00e5visning<\/b><span style=\"font-weight: 400;\"> av lesjoner i m\u00e5lorganer.\u00a0<\/span><\/li><li style=\"font-weight: 400;\" aria-level=\"1\"><span style=\"font-weight: 400;\">Etablere en helhetlig behandling med all innhentet informasjon.\u00a0<\/span><\/li><li style=\"font-weight: 400;\" aria-level=\"1\"><span style=\"font-weight: 400;\">Foreta en oppf\u00f8lging og regulert kontroll av nevnte pasienter.\u00a0<\/span><\/li><\/ul><\/div>\n\t\t\t\t<\/div>\n\t\t\t\t\t\t\t<div class=\"elementor-toggle-item\">\n\t\t\t\t\t<div id=\"elementor-tab-title-1643\" class=\"elementor-tab-title\" data-tab=\"3\" role=\"button\" aria-controls=\"elementor-tab-content-1643\" aria-expanded=\"false\">\n\t\t\t\t\t\t\t\t\t\t\t\t<span class=\"elementor-toggle-icon elementor-toggle-icon-left\" aria-hidden=\"true\">\n\t\t\t\t\t\t\t\t\t\t\t\t\t\t\t<span class=\"elementor-toggle-icon-closed\"><svg class=\"e-font-icon-svg e-fas-caret-right\" viewBox=\"0 0 192 512\" xmlns=\"http:\/\/www.w3.org\/2000\/svg\"><path d=\"M0 384.662V127.338c0-17.818 21.543-26.741 34.142-14.142l128.662 128.662c7.81 7.81 7.81 20.474 0 28.284L34.142 398.804C21.543 411.404 0 402.48 0 384.662z\"><\/path><\/svg><\/span>\n\t\t\t\t\t\t\t\t<span class=\"elementor-toggle-icon-opened\"><svg class=\"elementor-toggle-icon-opened e-font-icon-svg e-fas-caret-up\" viewBox=\"0 0 320 512\" xmlns=\"http:\/\/www.w3.org\/2000\/svg\"><path d=\"M288.662 352H31.338c-17.818 0-26.741-21.543-14.142-34.142l128.662-128.662c7.81-7.81 20.474-7.81 28.284 0l128.662 128.662c12.6 12.599 3.676 34.142-14.142 34.142z\"><\/path><\/svg><\/span>\n\t\t\t\t\t\t\t\t\t\t\t\t\t<\/span>\n\t\t\t\t\t\t\t\t\t\t\t\t<a class=\"elementor-toggle-title\" tabindex=\"0\">Evaluering av pasienten med hypertensjon <\/a>\n\t\t\t\t\t<\/div>\n\n\t\t\t\t\t<div id=\"elementor-tab-content-1643\" class=\"elementor-tab-content elementor-clearfix\" data-tab=\"3\" role=\"region\" aria-labelledby=\"elementor-tab-title-1643\"><p><span style=\"font-weight: 400;\">Den <\/span><b>m\u00e5lrettede kliniske historien<\/b><span style=\"font-weight: 400;\">, den <\/span><b>grunnleggende fysiske unders\u00f8kelsen<\/b><span style=\"font-weight: 400;\"> og <\/span><b>gjennomf\u00f8ringen av en rekke generelle komplement\u00e6re unders\u00f8kelser<\/b><span style=\"font-weight: 400;\"> utgj\u00f8r studieprotokollen til HCB-enheten for arteriell hypertensjon.\u00a0<\/span><\/p><p><span style=\"font-weight: 400;\">I utvalgte tilfeller vil avanserte komplement\u00e6re unders\u00f8kelser v\u00e6re n\u00f8dvendig for st\u00f8rre diagnostisk presisjon, b\u00e5de for \u00e5 stratifisere kardiovaskul\u00e6r risiko og for \u00e5 spesifisere diagnosen sekund\u00e6r hypertensjon.\u00a0<\/span><\/p><ul><li style=\"font-weight: 400;\" aria-level=\"1\"><b>N\u00f8yaktig diagnose av typen hypertensjon gjennom standardisert blodtrykksm\u00e5ling, AMPA og ABPM.\u00a0<\/b><\/li><li style=\"font-weight: 400;\" aria-level=\"1\"><b>Personlig tilpasset behandling av arteriell hypertensjon.\u00a0<\/b><\/li><li style=\"font-weight: 400;\" aria-level=\"1\"><b>Spesifikk tiln\u00e6rming til alle kardiovaskul\u00e6re risikofaktorer.\u00a0<\/b><\/li><li style=\"font-weight: 400;\" aria-level=\"1\"><b>Tidlig oppdagelse av m\u00e5lorganskade gjennom:\u00a0<\/b><\/li><li style=\"font-weight: 400;\" aria-level=\"1\"><span style=\"font-weight: 400;\">Okul\u00e6r funduskontroll av \u00f8yelege ved arteriell hypertensjon grad 2-3.\u00a0<\/span><\/li><li style=\"font-weight: 400;\" aria-level=\"1\"><span style=\"font-weight: 400;\">Ultralyd av kardiologi i tilfelle symptomer eller tegn p\u00e5 hjertesvikt eller strukturelle problemer. Andre tester avhengig av pasientens spesifikke situasjon.\u00a0<\/span><\/li><li style=\"font-weight: 400;\" aria-level=\"1\"><span style=\"font-weight: 400;\">Abdominal ultralyd med doppler-unders\u00f8kelse, ved tegn p\u00e5 nyre- og\/eller perifer vaskul\u00e6r sykdom, for mistanke om nyrearteriestenose eller patologi i binyrene. Det kan utvides med CT eller MR.\u00a0<\/span><\/li><li style=\"font-weight: 400;\" aria-level=\"1\"><span style=\"font-weight: 400;\">En karotidarterie ultralyd for cerebral eller perifer vaskul\u00e6r sykdom, med bestemmelse av intima \/ media tykkelse.\u00a0<\/span><\/li><li style=\"font-weight: 400;\" aria-level=\"1\"><span style=\"font-weight: 400;\">Ankel-arm indeks, evaluering av perifer vaskul\u00e6r sykdom.\u00a0<\/span><\/li><li style=\"font-weight: 400;\" aria-level=\"1\"><span style=\"font-weight: 400;\">Hjerneavbildningstester eller kognitiv funksjon utf\u00f8rt av nevrologi.\u00a0<\/span><\/li><\/ul><p><b>De terapeutiske grunnlagene\u00a0<\/b><\/p><p><span style=\"font-weight: 400;\">Livsstilsendringer (ikke-farmakologisk behandling) og farmakologisk behandling.\u00a0<\/span><\/p><p><span style=\"font-weight: 400;\">Endringer i livsstilen er grunnlaget for behandlingen av spesielt arteriell hypertensjon og kardiovaskul\u00e6r forebygging generelt sett. Imidlertid vil de fleste pasienter ogs\u00e5 trenge farmakologisk behandling.\u00a0<\/span><\/p><\/div>\n\t\t\t\t<\/div>\n\t\t\t\t\t\t\t\t<\/div>\n\t\t\t\t\t\t<\/div>\n\t\t\t\t<\/div>\n\t\t\t\t<div class=\"elementor-element elementor-element-2ca40ca elementor-widget elementor-widget-toggle\" data-id=\"2ca40ca\" data-element_type=\"widget\" data-e-type=\"widget\" data-widget_type=\"toggle.default\">\n\t\t\t\t<div class=\"elementor-widget-container\">\n\t\t\t\t\t\t\t<div class=\"elementor-toggle\">\n\t\t\t\t\t\t\t<div class=\"elementor-toggle-item\">\n\t\t\t\t\t<div id=\"elementor-tab-title-4681\" class=\"elementor-tab-title\" data-tab=\"1\" role=\"button\" aria-controls=\"elementor-tab-content-4681\" aria-expanded=\"false\">\n\t\t\t\t\t\t\t\t\t\t\t\t<span class=\"elementor-toggle-icon elementor-toggle-icon-left\" aria-hidden=\"true\">\n\t\t\t\t\t\t\t\t\t\t\t\t\t\t\t<span class=\"elementor-toggle-icon-closed\"><svg class=\"e-font-icon-svg e-fas-caret-right\" viewBox=\"0 0 192 512\" xmlns=\"http:\/\/www.w3.org\/2000\/svg\"><path d=\"M0 384.662V127.338c0-17.818 21.543-26.741 34.142-14.142l128.662 128.662c7.81 7.81 7.81 20.474 0 28.284L34.142 398.804C21.543 411.404 0 402.48 0 384.662z\"><\/path><\/svg><\/span>\n\t\t\t\t\t\t\t\t<span class=\"elementor-toggle-icon-opened\"><svg class=\"elementor-toggle-icon-opened e-font-icon-svg e-fas-caret-up\" viewBox=\"0 0 320 512\" xmlns=\"http:\/\/www.w3.org\/2000\/svg\"><path d=\"M288.662 352H31.338c-17.818 0-26.741-21.543-14.142-34.142l128.662-128.662c7.81-7.81 20.474-7.81 28.284 0l128.662 128.662c12.6 12.599 3.676 34.142-14.142 34.142z\"><\/path><\/svg><\/span>\n\t\t\t\t\t\t\t\t\t\t\t\t\t<\/span>\n\t\t\t\t\t\t\t\t\t\t\t\t<a class=\"elementor-toggle-title\" tabindex=\"0\">Spesialister<\/a>\n\t\t\t\t\t<\/div>\n\n\t\t\t\t\t<div id=\"elementor-tab-content-4681\" class=\"elementor-tab-content elementor-clearfix\" data-tab=\"1\" role=\"region\" aria-labelledby=\"elementor-tab-title-4681\"><p><b>Nefrologi<\/b><\/p><p><span style=\"font-weight: 400;\">Dr. Jaime Sanz<\/span><span style=\"font-weight: 400;\"><br \/><\/span><span style=\"font-weight: 400;\">Dr. Edgardo Chac\u00f3n<\/span><\/p><p><b>Indremedisin<\/b><\/p><p><span style=\"font-weight: 400;\">Dra. Pilar Rey<\/span><\/p><p><b>Kardiologi<\/b><\/p><p><span style=\"font-weight: 400;\">Dr. Miguel \u00c1ngel L\u00f3pez Aranda<\/span><\/p><\/div>\n\t\t\t\t<\/div>\n\t\t\t\t\t\t\t\t<\/div>\n\t\t\t\t\t\t<\/div>\n\t\t\t\t<\/div>\n\t\t\t\t\t<\/div>\n\t\t<\/div>\n\t\t\t\t\t<\/div>\n\t\t<\/section>\n\t\t\t\t<\/div>\n\t\t","protected":false},"excerpt":{"rendered":"<p>HCB Hospitales ARTERIELL HYPERTENSJONSENHET\u00a0 HCB hospitales samler spesialister innen internmedisin, kardiologi og nefrologi rundt den nye arterielle hypertensjonsenheten, og skaper et tverrfaglig team dedikert til \u00e5 analysere, overv\u00e5ke, forbedre den generelle helsetilstanden til pasienter med arteriell hypertensjon (HTN) og forhindre fremtidige assosierte patologier.\u00a0 Denne spesialiserte enheten fullf\u00f8rer utvalget av HCB hospitales tjenester p\u00e5 et spesielt [&hellip;]<\/p>\n","protected":false},"author":2,"featured_media":0,"parent":22489,"menu_order":0,"comment_status":"closed","ping_status":"closed","template":"","meta":{"_acf_changed":false,"footnotes":""},"class_list":["post-17056","page","type-page","status-publish","hentry"],"acf":[],"_links":{"self":[{"href":"https:\/\/hcbhospitales.com\/no\/wp-json\/wp\/v2\/pages\/17056","targetHints":{"allow":["GET"]}}],"collection":[{"href":"https:\/\/hcbhospitales.com\/no\/wp-json\/wp\/v2\/pages"}],"about":[{"href":"https:\/\/hcbhospitales.com\/no\/wp-json\/wp\/v2\/types\/page"}],"author":[{"embeddable":true,"href":"https:\/\/hcbhospitales.com\/no\/wp-json\/wp\/v2\/users\/2"}],"replies":[{"embeddable":true,"href":"https:\/\/hcbhospitales.com\/no\/wp-json\/wp\/v2\/comments?post=17056"}],"version-history":[{"count":0,"href":"https:\/\/hcbhospitales.com\/no\/wp-json\/wp\/v2\/pages\/17056\/revisions"}],"up":[{"embeddable":true,"href":"https:\/\/hcbhospitales.com\/no\/wp-json\/wp\/v2\/pages\/22489"}],"wp:attachment":[{"href":"https:\/\/hcbhospitales.com\/no\/wp-json\/wp\/v2\/media?parent=17056"}],"curies":[{"name":"wp","href":"https:\/\/api.w.org\/{rel}","templated":true}]}}