{"id":17048,"date":"2022-04-12T11:06:00","date_gmt":"2022-04-12T09:06:00","guid":{"rendered":"https:\/\/hcbhospitales.com\/?page_id=17048"},"modified":"2023-12-04T11:55:13","modified_gmt":"2023-12-04T10:55:13","slug":"rehabilitering-og-fysioterapi-enhet","status":"publish","type":"page","link":"https:\/\/hcbhospitales.com\/no\/referanseenheter\/rehabilitering-og-fysioterapi-enhet\/","title":{"rendered":"REHABILITERING OG FYSIOTERAPI ENHET"},"content":{"rendered":"\t\t<div data-elementor-type=\"wp-page\" data-elementor-id=\"17048\" class=\"elementor elementor-17048 elementor-5356\" data-elementor-post-type=\"page\">\n\t\t\t\t\t\t<section class=\"elementor-section elementor-top-section elementor-element elementor-element-8ba004e elementor-section-boxed elementor-section-height-default elementor-section-height-default\" data-id=\"8ba004e\" data-element_type=\"section\" data-e-type=\"section\" data-settings=\"{&quot;jet_parallax_layout_list&quot;:[{&quot;jet_parallax_layout_image&quot;:{&quot;url&quot;:&quot;&quot;,&quot;id&quot;:&quot;&quot;,&quot;size&quot;:&quot;&quot;},&quot;_id&quot;:&quot;bfae6c3&quot;,&quot;jet_parallax_layout_image_tablet&quot;:{&quot;url&quot;:&quot;&quot;,&quot;id&quot;:&quot;&quot;,&quot;size&quot;:&quot;&quot;},&quot;jet_parallax_layout_image_mobile&quot;:{&quot;url&quot;:&quot;&quot;,&quot;id&quot;:&quot;&quot;,&quot;size&quot;:&quot;&quot;},&quot;jet_parallax_layout_speed&quot;:{&quot;unit&quot;:&quot;%&quot;,&quot;size&quot;:50,&quot;sizes&quot;:[]},&quot;jet_parallax_layout_type&quot;:&quot;scroll&quot;,&quot;jet_parallax_layout_direction&quot;:&quot;1&quot;,&quot;jet_parallax_layout_fx_direction&quot;:null,&quot;jet_parallax_layout_z_index&quot;:&quot;&quot;,&quot;jet_parallax_layout_bg_x&quot;:50,&quot;jet_parallax_layout_bg_x_tablet&quot;:&quot;&quot;,&quot;jet_parallax_layout_bg_x_mobile&quot;:&quot;&quot;,&quot;jet_parallax_layout_bg_y&quot;:50,&quot;jet_parallax_layout_bg_y_tablet&quot;:&quot;&quot;,&quot;jet_parallax_layout_bg_y_mobile&quot;:&quot;&quot;,&quot;jet_parallax_layout_bg_size&quot;:&quot;auto&quot;,&quot;jet_parallax_layout_bg_size_tablet&quot;:&quot;&quot;,&quot;jet_parallax_layout_bg_size_mobile&quot;:&quot;&quot;,&quot;jet_parallax_layout_animation_prop&quot;:&quot;transform&quot;,&quot;jet_parallax_layout_on&quot;:[&quot;desktop&quot;,&quot;tablet&quot;]}],&quot;background_background&quot;:&quot;gradient&quot;}\">\n\t\t\t\t\t\t<div class=\"elementor-container elementor-column-gap-default\">\n\t\t\t\t\t<div class=\"elementor-column elementor-col-100 elementor-top-column elementor-element elementor-element-2b0e3e0\" data-id=\"2b0e3e0\" data-element_type=\"column\" data-e-type=\"column\">\n\t\t\t<div class=\"elementor-widget-wrap elementor-element-populated\">\n\t\t\t\t\t\t<div class=\"elementor-element elementor-element-2909d80 elementor-widget elementor-widget-jet-breadcrumbs\" data-id=\"2909d80\" data-element_type=\"widget\" data-e-type=\"widget\" data-widget_type=\"jet-breadcrumbs.default\">\n\t\t\t\t<div class=\"elementor-widget-container\">\n\t\t\t\t\t<div class=\"elementor-jet-breadcrumbs jet-blocks\">\n\t\t<div class=\"jet-breadcrumbs\">\n\t\t<div class=\"jet-breadcrumbs__content\">\n\t\t<div class=\"jet-breadcrumbs__wrap\"><div class=\"jet-breadcrumbs__item\"><a href=\"https:\/\/hcbhospitales.com\/no\/\" class=\"jet-breadcrumbs__item-link is-home\" rel=\"home\" title=\"Home\">Home<\/a><\/div>\n\t\t<\/div>\n\t\t<\/div>\n\t\t<\/div><\/div>\t\t\t\t<\/div>\n\t\t\t\t<\/div>\n\t\t\t\t<div class=\"elementor-element elementor-element-b5eabd7 elementor-widget elementor-widget-image\" data-id=\"b5eabd7\" data-element_type=\"widget\" data-e-type=\"widget\" data-widget_type=\"image.default\">\n\t\t\t\t<div class=\"elementor-widget-container\">\n\t\t\t\t\t\t\t\t\t\t\t\t\t\t\t<img fetchpriority=\"high\" decoding=\"async\" width=\"800\" height=\"600\" src=\"https:\/\/hcbhospitales.com\/wp-content\/uploads\/2022\/02\/unidades-de-referencia-7.jpg\" class=\"attachment-full size-full wp-image-16240\" alt=\"\" srcset=\"https:\/\/hcbhospitales.com\/wp-content\/uploads\/2022\/02\/unidades-de-referencia-7.jpg 800w, https:\/\/hcbhospitales.com\/wp-content\/uploads\/2022\/02\/unidades-de-referencia-7-300x225.jpg 300w, https:\/\/hcbhospitales.com\/wp-content\/uploads\/2022\/02\/unidades-de-referencia-7-768x576.jpg 768w\" sizes=\"(max-width: 800px) 100vw, 800px\" \/>\t\t\t\t\t\t\t\t\t\t\t\t\t\t\t<\/div>\n\t\t\t\t<\/div>\n\t\t\t\t<div class=\"elementor-element elementor-element-4a588bd elementor-widget elementor-widget-text-editor\" data-id=\"4a588bd\" data-element_type=\"widget\" data-e-type=\"widget\" data-widget_type=\"text-editor.default\">\n\t\t\t\t<div class=\"elementor-widget-container\">\n\t\t\t\t\t\t\t\t\t<p><b>REHABILITERING OG FYSIOTERAPI ENHET<\/b><span style=\"font-weight: 400;\">\u00a0<\/span><\/p><p><span style=\"font-weight: 400;\">HCB hospitales fysioterapi- og rehabiliteringsenhet yter tjenester til polikliniske og inneliggende pasienter. HCBs medisinske fysioterapi- og rehabiliteringsteam best\u00e5r av spesialist i rehabilitering og fysikalsk medisin, fysioterapeuter og assistenter. HCB\u2019s rehabiliterings- og fysioterapitjenesten gir omfattende omsorg til pasienter med alle typer funksjonshemming for \u00e5 komme seg fra skaden eller for \u00e5 forbedre funksjonsniv\u00e5et. De viktigste behandlingene utviklet innen medisinsk fysioterapi og HCB-rehabilitering er:\u00a0<\/span><\/p><ul><li style=\"font-weight: 400;\" aria-level=\"1\"><b>Enhet for det lokomotorisk system (muskel- og skjelettsystemet)<\/b><\/li><li style=\"font-weight: 400;\" aria-level=\"1\"><b>Nevrorehabilitering<\/b><\/li><li style=\"font-weight: 400;\" aria-level=\"1\"><b>Enhet for lymf\u00f8dem, ven\u00f8s insuffisiens<\/b><\/li><li style=\"font-weight: 400;\" aria-level=\"1\"><b>Enhet for gjenoppretting av bekkenbunn: inkontinens (urinlekkasje)<\/b><\/li><li style=\"font-weight: 400;\" aria-level=\"1\"><b>Barnerehabilitering\u00a0\u00a0<\/b><\/li><\/ul><p><span style=\"font-weight: 400;\">Helsehjelpen til tjenesten gis i medisinske konsultasjoner og i treningssentre som er designet for denne tjenesten. I tillegg er det ogs\u00e5 utviklet i sykehusinnleggelsesomr\u00e5det, og gir spesialisert service til innlagte pasienter som trenger det.\u00a0<\/span><\/p><p>\u00a0<\/p><p><b>MEDISINSK FYSIOTERAPI HCB BENIDORM<\/b><span style=\"font-weight: 400;\">\u00a0<\/span><\/p><p><span style=\"font-weight: 400;\">Fasilitetene i Benidorm (500 m\u00b2 som er fordelt p\u00e5 2 medisinske konsultasjoner, 6 bokser for behandlinger og et romslig treningsstudio, samt garderober med dusjer og skap og store fellesomr\u00e5de og resepsjon) har den nyeste teknologien innen medisinsk rehabilitering og fysioterapi .\u00a0<\/span><\/p><p><b>HCB\u2019s Medisinske Fysioterapisenter ligger p\u00e5 Avenida de L&#8217;Aig\u00fcera, 13 (Benidorm). Det ligger mellom Avenida de L&#8217;Aig\u00fcera (p\u00e5 omtrentlig h\u00f8yde av Plaza de Toros\/tyrefektningsarenaen) og Calle Orcheta, som starter fra den sentrale Avenida Beniard\u00e0.\u00a0<\/b><\/p><p><b>TIMEBESTILLING OG INFORMASJON<\/b><\/p><p><a href=\"mailto:rehabilitacion@hcbhospitales.com\"><span style=\"font-weight: 400;\">rehabilitacion@hcbhospitales.com<\/span><\/a><\/p><p><span style=\"font-weight: 400;\">Telefon 96 607 27 33<\/span><\/p>\t\t\t\t\t\t\t\t<\/div>\n\t\t\t\t<\/div>\n\t\t\t\t<div class=\"elementor-element elementor-element-2be3f03 elementor-widget elementor-widget-toggle\" data-id=\"2be3f03\" data-element_type=\"widget\" data-e-type=\"widget\" data-widget_type=\"toggle.default\">\n\t\t\t\t<div class=\"elementor-widget-container\">\n\t\t\t\t\t\t\t<div class=\"elementor-toggle\">\n\t\t\t\t\t\t\t<div class=\"elementor-toggle-item\">\n\t\t\t\t\t<div id=\"elementor-tab-title-4601\" class=\"elementor-tab-title\" data-tab=\"1\" role=\"button\" aria-controls=\"elementor-tab-content-4601\" aria-expanded=\"false\">\n\t\t\t\t\t\t\t\t\t\t\t\t<span class=\"elementor-toggle-icon elementor-toggle-icon-left\" aria-hidden=\"true\">\n\t\t\t\t\t\t\t\t\t\t\t\t\t\t\t<span class=\"elementor-toggle-icon-closed\"><svg class=\"e-font-icon-svg e-fas-caret-right\" viewBox=\"0 0 192 512\" xmlns=\"http:\/\/www.w3.org\/2000\/svg\"><path d=\"M0 384.662V127.338c0-17.818 21.543-26.741 34.142-14.142l128.662 128.662c7.81 7.81 7.81 20.474 0 28.284L34.142 398.804C21.543 411.404 0 402.48 0 384.662z\"><\/path><\/svg><\/span>\n\t\t\t\t\t\t\t\t<span class=\"elementor-toggle-icon-opened\"><svg class=\"elementor-toggle-icon-opened e-font-icon-svg e-fas-caret-up\" viewBox=\"0 0 320 512\" xmlns=\"http:\/\/www.w3.org\/2000\/svg\"><path d=\"M288.662 352H31.338c-17.818 0-26.741-21.543-14.142-34.142l128.662-128.662c7.81-7.81 20.474-7.81 28.284 0l128.662 128.662c12.6 12.599 3.676 34.142-14.142 34.142z\"><\/path><\/svg><\/span>\n\t\t\t\t\t\t\t\t\t\t\t\t\t<\/span>\n\t\t\t\t\t\t\t\t\t\t\t\t<a class=\"elementor-toggle-title\" tabindex=\"0\">Spesialister<\/a>\n\t\t\t\t\t<\/div>\n\n\t\t\t\t\t<div id=\"elementor-tab-content-4601\" class=\"elementor-tab-content elementor-clearfix\" data-tab=\"1\" role=\"region\" aria-labelledby=\"elementor-tab-title-4601\"><p><b>Team HCB Benidorm\u00a0<\/b><\/p><p><b>Rehabiliteringslege<\/b><\/p><p><span style=\"font-weight: 400;\">Dr. Fernando Verd\u00fa Mas<\/span><\/p><p><b>Koordinator for fysioterapienhet\u00a0\u00a0<\/b><\/p><p><span style=\"font-weight: 400;\">Nora Serrano Schoenfeld<\/span><\/p><p><b>Fysioterapeuter\u00a0<\/b><\/p><p><span style=\"font-weight: 400;\">\u00c1ngela Pascual<\/span><\/p><p><span style=\"font-weight: 400;\">Claudia Schulz<\/span><\/p><p><span style=\"font-weight: 400;\">Eva Fuentes<\/span><\/p><p><span style=\"font-weight: 400;\">Laura P\u00e9rez Cano<\/span><\/p><p>\u00a0<\/p><p><b>Team HCB Denia\u00a0\u00a0<\/b><\/p><p><b>Rehabiliteringslege\u00a0<\/b><\/p><p><span style=\"font-weight: 400;\">Dr. Fernando Verd\u00fa Mas<\/span><\/p><\/div>\n\t\t\t\t<\/div>\n\t\t\t\t\t\t\t\t<\/div>\n\t\t\t\t\t\t<\/div>\n\t\t\t\t<\/div>\n\t\t\t\t<div class=\"elementor-element elementor-element-8c5ea9d elementor-widget elementor-widget-gallery\" data-id=\"8c5ea9d\" data-element_type=\"widget\" data-e-type=\"widget\" data-settings=\"{&quot;columns&quot;:3,&quot;lazyload&quot;:&quot;yes&quot;,&quot;gallery_layout&quot;:&quot;grid&quot;,&quot;columns_tablet&quot;:2,&quot;columns_mobile&quot;:1,&quot;gap&quot;:{&quot;unit&quot;:&quot;px&quot;,&quot;size&quot;:10,&quot;sizes&quot;:[]},&quot;gap_tablet&quot;:{&quot;unit&quot;:&quot;px&quot;,&quot;size&quot;:10,&quot;sizes&quot;:[]},&quot;gap_mobile&quot;:{&quot;unit&quot;:&quot;px&quot;,&quot;size&quot;:10,&quot;sizes&quot;:[]},&quot;link_to&quot;:&quot;file&quot;,&quot;aspect_ratio&quot;:&quot;3:2&quot;,&quot;overlay_background&quot;:&quot;yes&quot;,&quot;content_hover_animation&quot;:&quot;fade-in&quot;}\" data-widget_type=\"gallery.default\">\n\t\t\t\t<div class=\"elementor-widget-container\">\n\t\t\t\t\t\t\t<div class=\"elementor-gallery__container\">\n\t\t\t\t\t\t\t<a class=\"e-gallery-item elementor-gallery-item elementor-animated-content\" href=\"https:\/\/hcbhospitales.com\/wp-content\/uploads\/2022\/08\/Fisio-Denia.jpg\" data-elementor-open-lightbox=\"yes\" data-elementor-lightbox-slideshow=\"8c5ea9d\" data-elementor-lightbox-title=\"Fisio Denia\" data-e-action-hash=\"#elementor-action%3Aaction%3Dlightbox%26settings%3DeyJpZCI6MTM4ODIsInVybCI6Imh0dHBzOlwvXC9oY2Job3NwaXRhbGVzLmNvbVwvd3AtY29udGVudFwvdXBsb2Fkc1wvMjAyMlwvMDhcL0Zpc2lvLURlbmlhLmpwZyIsInNsaWRlc2hvdyI6IjhjNWVhOWQifQ%3D%3D\">\n\t\t\t\t\t<div class=\"e-gallery-image elementor-gallery-item__image\" data-thumbnail=\"https:\/\/hcbhospitales.com\/wp-content\/uploads\/2022\/08\/Fisio-Denia.jpg\" data-width=\"1280\" data-height=\"1024\" aria-label=\"\" role=\"img\" ><\/div>\n\t\t\t\t\t\t\t\t\t\t\t<div class=\"elementor-gallery-item__overlay\"><\/div>\n\t\t\t\t\t\t\t\t\t\t\t\t\t\t<\/a>\n\t\t\t\t\t\t\t<a class=\"e-gallery-item elementor-gallery-item elementor-animated-content\" href=\"https:\/\/hcbhospitales.com\/wp-content\/uploads\/2022\/08\/Fisioterapia-Denia.jpg\" data-elementor-open-lightbox=\"yes\" data-elementor-lightbox-slideshow=\"8c5ea9d\" data-elementor-lightbox-title=\"Fisioterapia Denia\" data-e-action-hash=\"#elementor-action%3Aaction%3Dlightbox%26settings%3DeyJpZCI6MTM4ODUsInVybCI6Imh0dHBzOlwvXC9oY2Job3NwaXRhbGVzLmNvbVwvd3AtY29udGVudFwvdXBsb2Fkc1wvMjAyMlwvMDhcL0Zpc2lvdGVyYXBpYS1EZW5pYS5qcGciLCJzbGlkZXNob3ciOiI4YzVlYTlkIn0%3D\">\n\t\t\t\t\t<div class=\"e-gallery-image elementor-gallery-item__image\" data-thumbnail=\"https:\/\/hcbhospitales.com\/wp-content\/uploads\/2022\/08\/Fisioterapia-Denia.jpg\" data-width=\"1280\" data-height=\"1024\" aria-label=\"\" role=\"img\" ><\/div>\n\t\t\t\t\t\t\t\t\t\t\t<div class=\"elementor-gallery-item__overlay\"><\/div>\n\t\t\t\t\t\t\t\t\t\t\t\t\t\t<\/a>\n\t\t\t\t\t\t\t<a class=\"e-gallery-item elementor-gallery-item elementor-animated-content\" href=\"https:\/\/hcbhospitales.com\/wp-content\/uploads\/2022\/08\/HCB-Fisioterapia-Box-2-dentro.jpg\" data-elementor-open-lightbox=\"yes\" data-elementor-lightbox-slideshow=\"8c5ea9d\" data-elementor-lightbox-title=\"HCB Fisioterapia Box 2 dentro\" data-e-action-hash=\"#elementor-action%3Aaction%3Dlightbox%26settings%3DeyJpZCI6MTM4ODgsInVybCI6Imh0dHBzOlwvXC9oY2Job3NwaXRhbGVzLmNvbVwvd3AtY29udGVudFwvdXBsb2Fkc1wvMjAyMlwvMDhcL0hDQi1GaXNpb3RlcmFwaWEtQm94LTItZGVudHJvLmpwZyIsInNsaWRlc2hvdyI6IjhjNWVhOWQifQ%3D%3D\">\n\t\t\t\t\t<div class=\"e-gallery-image elementor-gallery-item__image\" data-thumbnail=\"https:\/\/hcbhospitales.com\/wp-content\/uploads\/2022\/08\/HCB-Fisioterapia-Box-2-dentro.jpg\" data-width=\"1280\" data-height=\"1024\" aria-label=\"\" role=\"img\" ><\/div>\n\t\t\t\t\t\t\t\t\t\t\t<div class=\"elementor-gallery-item__overlay\"><\/div>\n\t\t\t\t\t\t\t\t\t\t\t\t\t\t<\/a>\n\t\t\t\t\t\t\t<a class=\"e-gallery-item elementor-gallery-item elementor-animated-content\" href=\"https:\/\/hcbhospitales.com\/wp-content\/uploads\/2022\/08\/HCB-Fisioterapia-recepci-an1.jpg\" data-elementor-open-lightbox=\"yes\" data-elementor-lightbox-slideshow=\"8c5ea9d\" data-elementor-lightbox-title=\"HCB Fisioterapia recepci+-\u00aan1\" data-e-action-hash=\"#elementor-action%3Aaction%3Dlightbox%26settings%3DeyJpZCI6MTM4OTEsInVybCI6Imh0dHBzOlwvXC9oY2Job3NwaXRhbGVzLmNvbVwvd3AtY29udGVudFwvdXBsb2Fkc1wvMjAyMlwvMDhcL0hDQi1GaXNpb3RlcmFwaWEtcmVjZXBjaS1hbjEuanBnIiwic2xpZGVzaG93IjoiOGM1ZWE5ZCJ9\">\n\t\t\t\t\t<div class=\"e-gallery-image elementor-gallery-item__image\" data-thumbnail=\"https:\/\/hcbhospitales.com\/wp-content\/uploads\/2022\/08\/HCB-Fisioterapia-recepci-an1.jpg\" data-width=\"1280\" data-height=\"1024\" aria-label=\"\" role=\"img\" ><\/div>\n\t\t\t\t\t\t\t\t\t\t\t<div class=\"elementor-gallery-item__overlay\"><\/div>\n\t\t\t\t\t\t\t\t\t\t\t\t\t\t<\/a>\n\t\t\t\t\t\t\t<a class=\"e-gallery-item elementor-gallery-item elementor-animated-content\" href=\"https:\/\/hcbhospitales.com\/wp-content\/uploads\/2022\/08\/HCB-Fisioterapia-sala-rehabilitaci-an_detalle4.jpg\" data-elementor-open-lightbox=\"yes\" data-elementor-lightbox-slideshow=\"8c5ea9d\" data-elementor-lightbox-title=\"HCB Fisioterapia sala rehabilitaci+-\u00aan_detalle4\" data-e-action-hash=\"#elementor-action%3Aaction%3Dlightbox%26settings%3DeyJpZCI6MTM4OTQsInVybCI6Imh0dHBzOlwvXC9oY2Job3NwaXRhbGVzLmNvbVwvd3AtY29udGVudFwvdXBsb2Fkc1wvMjAyMlwvMDhcL0hDQi1GaXNpb3RlcmFwaWEtc2FsYS1yZWhhYmlsaXRhY2ktYW5fZGV0YWxsZTQuanBnIiwic2xpZGVzaG93IjoiOGM1ZWE5ZCJ9\">\n\t\t\t\t\t<div class=\"e-gallery-image elementor-gallery-item__image\" data-thumbnail=\"https:\/\/hcbhospitales.com\/wp-content\/uploads\/2022\/08\/HCB-Fisioterapia-sala-rehabilitaci-an_detalle4.jpg\" data-width=\"1280\" data-height=\"1024\" aria-label=\"\" role=\"img\" ><\/div>\n\t\t\t\t\t\t\t\t\t\t\t<div class=\"elementor-gallery-item__overlay\"><\/div>\n\t\t\t\t\t\t\t\t\t\t\t\t\t\t<\/a>\n\t\t\t\t\t\t\t<a class=\"e-gallery-item elementor-gallery-item elementor-animated-content\" href=\"https:\/\/hcbhospitales.com\/wp-content\/uploads\/2022\/08\/HCB-Fisioterapia-sala-rehabilitaci-an2.jpg\" data-elementor-open-lightbox=\"yes\" data-elementor-lightbox-slideshow=\"8c5ea9d\" data-elementor-lightbox-title=\"HCB Fisioterapia sala rehabilitaci+-\u00aan2\" data-e-action-hash=\"#elementor-action%3Aaction%3Dlightbox%26settings%3DeyJpZCI6MTM4OTcsInVybCI6Imh0dHBzOlwvXC9oY2Job3NwaXRhbGVzLmNvbVwvd3AtY29udGVudFwvdXBsb2Fkc1wvMjAyMlwvMDhcL0hDQi1GaXNpb3RlcmFwaWEtc2FsYS1yZWhhYmlsaXRhY2ktYW4yLmpwZyIsInNsaWRlc2hvdyI6IjhjNWVhOWQifQ%3D%3D\">\n\t\t\t\t\t<div class=\"e-gallery-image elementor-gallery-item__image\" data-thumbnail=\"https:\/\/hcbhospitales.com\/wp-content\/uploads\/2022\/08\/HCB-Fisioterapia-sala-rehabilitaci-an2.jpg\" data-width=\"1280\" data-height=\"1024\" aria-label=\"\" role=\"img\" ><\/div>\n\t\t\t\t\t\t\t\t\t\t\t<div class=\"elementor-gallery-item__overlay\"><\/div>\n\t\t\t\t\t\t\t\t\t\t\t\t\t\t<\/a>\n\t\t\t\t\t<\/div>\n\t\t\t\t\t<\/div>\n\t\t\t\t<\/div>\n\t\t\t\t\t<\/div>\n\t\t<\/div>\n\t\t\t\t\t<\/div>\n\t\t<\/section>\n\t\t\t\t<\/div>\n\t\t","protected":false},"excerpt":{"rendered":"<p>HCB Hospitales REHABILITERING OG FYSIOTERAPI ENHET\u00a0 HCB hospitales fysioterapi- og rehabiliteringsenhet yter tjenester til polikliniske og inneliggende pasienter. HCBs medisinske fysioterapi- og rehabiliteringsteam best\u00e5r av spesialist i rehabilitering og fysikalsk medisin, fysioterapeuter og assistenter. HCB\u2019s rehabiliterings- og fysioterapitjenesten gir omfattende omsorg til pasienter med alle typer funksjonshemming for \u00e5 komme seg fra skaden eller for [&hellip;]<\/p>\n","protected":false},"author":2,"featured_media":0,"parent":22489,"menu_order":0,"comment_status":"closed","ping_status":"closed","template":"","meta":{"_acf_changed":false,"footnotes":""},"class_list":["post-17048","page","type-page","status-publish","hentry"],"acf":[],"_links":{"self":[{"href":"https:\/\/hcbhospitales.com\/no\/wp-json\/wp\/v2\/pages\/17048","targetHints":{"allow":["GET"]}}],"collection":[{"href":"https:\/\/hcbhospitales.com\/no\/wp-json\/wp\/v2\/pages"}],"about":[{"href":"https:\/\/hcbhospitales.com\/no\/wp-json\/wp\/v2\/types\/page"}],"author":[{"embeddable":true,"href":"https:\/\/hcbhospitales.com\/no\/wp-json\/wp\/v2\/users\/2"}],"replies":[{"embeddable":true,"href":"https:\/\/hcbhospitales.com\/no\/wp-json\/wp\/v2\/comments?post=17048"}],"version-history":[{"count":3,"href":"https:\/\/hcbhospitales.com\/no\/wp-json\/wp\/v2\/pages\/17048\/revisions"}],"predecessor-version":[{"id":22711,"href":"https:\/\/hcbhospitales.com\/no\/wp-json\/wp\/v2\/pages\/17048\/revisions\/22711"}],"up":[{"embeddable":true,"href":"https:\/\/hcbhospitales.com\/no\/wp-json\/wp\/v2\/pages\/22489"}],"wp:attachment":[{"href":"https:\/\/hcbhospitales.com\/no\/wp-json\/wp\/v2\/media?parent=17048"}],"curies":[{"name":"wp","href":"https:\/\/api.w.org\/{rel}","templated":true}]}}