{"id":17032,"date":"2022-04-12T11:11:10","date_gmt":"2022-04-12T09:11:10","guid":{"rendered":"https:\/\/hcbhospitales.com\/?page_id=17032"},"modified":"2023-12-04T11:54:58","modified_gmt":"2023-12-04T10:54:58","slug":"avdelingen-for-ryggradslidelser","status":"publish","type":"page","link":"https:\/\/hcbhospitales.com\/no\/referanseenheter\/avdelingen-for-ryggradslidelser\/","title":{"rendered":"AVDELINGEN FOR RYGGRADSLIDELSER"},"content":{"rendered":"\t\t<div data-elementor-type=\"wp-page\" data-elementor-id=\"17032\" class=\"elementor elementor-17032 elementor-5383\" data-elementor-post-type=\"page\">\n\t\t\t\t\t\t<section class=\"elementor-section elementor-top-section elementor-element elementor-element-8ba004e elementor-section-boxed elementor-section-height-default elementor-section-height-default\" data-id=\"8ba004e\" data-element_type=\"section\" data-e-type=\"section\" data-settings=\"{&quot;jet_parallax_layout_list&quot;:[{&quot;jet_parallax_layout_image&quot;:{&quot;url&quot;:&quot;&quot;,&quot;id&quot;:&quot;&quot;,&quot;size&quot;:&quot;&quot;},&quot;_id&quot;:&quot;bfae6c3&quot;,&quot;jet_parallax_layout_image_tablet&quot;:{&quot;url&quot;:&quot;&quot;,&quot;id&quot;:&quot;&quot;,&quot;size&quot;:&quot;&quot;},&quot;jet_parallax_layout_image_mobile&quot;:{&quot;url&quot;:&quot;&quot;,&quot;id&quot;:&quot;&quot;,&quot;size&quot;:&quot;&quot;},&quot;jet_parallax_layout_speed&quot;:{&quot;unit&quot;:&quot;%&quot;,&quot;size&quot;:50,&quot;sizes&quot;:[]},&quot;jet_parallax_layout_type&quot;:&quot;scroll&quot;,&quot;jet_parallax_layout_direction&quot;:&quot;1&quot;,&quot;jet_parallax_layout_fx_direction&quot;:null,&quot;jet_parallax_layout_z_index&quot;:&quot;&quot;,&quot;jet_parallax_layout_bg_x&quot;:50,&quot;jet_parallax_layout_bg_x_tablet&quot;:&quot;&quot;,&quot;jet_parallax_layout_bg_x_mobile&quot;:&quot;&quot;,&quot;jet_parallax_layout_bg_y&quot;:50,&quot;jet_parallax_layout_bg_y_tablet&quot;:&quot;&quot;,&quot;jet_parallax_layout_bg_y_mobile&quot;:&quot;&quot;,&quot;jet_parallax_layout_bg_size&quot;:&quot;auto&quot;,&quot;jet_parallax_layout_bg_size_tablet&quot;:&quot;&quot;,&quot;jet_parallax_layout_bg_size_mobile&quot;:&quot;&quot;,&quot;jet_parallax_layout_animation_prop&quot;:&quot;transform&quot;,&quot;jet_parallax_layout_on&quot;:[&quot;desktop&quot;,&quot;tablet&quot;]}],&quot;background_background&quot;:&quot;gradient&quot;}\">\n\t\t\t\t\t\t<div class=\"elementor-container elementor-column-gap-default\">\n\t\t\t\t\t<div class=\"elementor-column elementor-col-100 elementor-top-column elementor-element elementor-element-2b0e3e0\" data-id=\"2b0e3e0\" data-element_type=\"column\" data-e-type=\"column\">\n\t\t\t<div class=\"elementor-widget-wrap elementor-element-populated\">\n\t\t\t\t\t\t<div class=\"elementor-element elementor-element-86a2fa8 elementor-widget elementor-widget-jet-breadcrumbs\" data-id=\"86a2fa8\" data-element_type=\"widget\" data-e-type=\"widget\" data-widget_type=\"jet-breadcrumbs.default\">\n\t\t\t\t<div class=\"elementor-widget-container\">\n\t\t\t\t\t<div class=\"elementor-jet-breadcrumbs jet-blocks\">\n\t\t<div class=\"jet-breadcrumbs\">\n\t\t<div class=\"jet-breadcrumbs__content\">\n\t\t<div class=\"jet-breadcrumbs__wrap\"><div class=\"jet-breadcrumbs__item\"><a href=\"https:\/\/hcbhospitales.com\/no\/\" class=\"jet-breadcrumbs__item-link is-home\" rel=\"home\" title=\"Home\">Home<\/a><\/div>\n\t\t<\/div>\n\t\t<\/div>\n\t\t<\/div><\/div>\t\t\t\t<\/div>\n\t\t\t\t<\/div>\n\t\t\t\t<div class=\"elementor-element elementor-element-b0995b9 elementor-widget elementor-widget-image\" data-id=\"b0995b9\" data-element_type=\"widget\" data-e-type=\"widget\" data-widget_type=\"image.default\">\n\t\t\t\t<div class=\"elementor-widget-container\">\n\t\t\t\t\t\t\t\t\t\t\t\t\t\t\t<img fetchpriority=\"high\" decoding=\"async\" width=\"800\" height=\"600\" src=\"https:\/\/hcbhospitales.com\/wp-content\/uploads\/2022\/02\/unidades-de-referencia-5.jpg\" class=\"attachment-full size-full wp-image-16238\" alt=\"\" srcset=\"https:\/\/hcbhospitales.com\/wp-content\/uploads\/2022\/02\/unidades-de-referencia-5.jpg 800w, https:\/\/hcbhospitales.com\/wp-content\/uploads\/2022\/02\/unidades-de-referencia-5-300x225.jpg 300w, https:\/\/hcbhospitales.com\/wp-content\/uploads\/2022\/02\/unidades-de-referencia-5-768x576.jpg 768w\" sizes=\"(max-width: 800px) 100vw, 800px\" \/>\t\t\t\t\t\t\t\t\t\t\t\t\t\t\t<\/div>\n\t\t\t\t<\/div>\n\t\t\t\t<div class=\"elementor-element elementor-element-4a588bd elementor-widget elementor-widget-text-editor\" data-id=\"4a588bd\" data-element_type=\"widget\" data-e-type=\"widget\" data-widget_type=\"text-editor.default\">\n\t\t\t\t<div class=\"elementor-widget-container\">\n\t\t\t\t\t\t\t\t\t<p><b>AVDELINGEN FOR RYGGRADSLIDELSER<\/b><span style=\"font-weight: 400;\">\u00a0<\/span><\/p><p><span style=\"font-weight: 400;\">Denne avdeligen ved HCB hospitales, en del av nevrokirurgitjenesten, behandler ryggradspatologier med den mest innovative og fordelaktige teknologien og\u00a0 kirurgiske teknikker for pasienten.\u00a0<\/span><\/p><p><b>HCB hospitales avdeling for ryggradslidelser<\/b><span style=\"font-weight: 400;\"> tilbyr hver pasient den behandlingen som er tilpasset deres behov, vurderer alle mulige alternativer p\u00e5 en tverrfaglig m\u00e5te og med en arbeidsfilosofi basert p\u00e5 f\u00f8lgende verdier:\u00a0<\/span><\/p><ul><li style=\"font-weight: 400;\" aria-level=\"1\"><b>Oppl\u00e6ring.<\/b><span style=\"font-weight: 400;\"> Enheten for rygglidelser ved Hospital Cl\u00ednica Benidorm har sv\u00e6rt h\u00f8ye krav til utdannelse og oppl\u00e6ring. Alle fagfolkene som jobber ved enheten har utdannelse fra inn- eller utland i ulike fagfelt relatert til rygglidelser.\u00a0<\/span><\/li><li style=\"font-weight: 400;\" aria-level=\"1\"><b>Oppdatering.<\/b><span style=\"font-weight: 400;\"> Hvert \u00e5r deltar vi p\u00e5 de mest relevante vitenskapelige m\u00f8tene for \u00e5 tilby pasientene v\u00e5re de mest innovative behandlingene.\u00a0<\/span><\/li><li style=\"font-weight: 400;\" aria-level=\"1\"><b>\u00c6rlighet.<\/b><span style=\"font-weight: 400;\"> Ingen type behandling vil bli foresl\u00e5tt til en pasient om man p\u00e5 forh\u00e5nd vet at han ikke kommer til \u00e5 ha nytte av det. V\u00e5re terapeutiske anbefalinger er alltid basert p\u00e5 \u00e6rlighet og etikk.\u00a0<\/span><\/li><li style=\"font-weight: 400;\" aria-level=\"1\"><b>Menneskelig omsorg.<\/b><span style=\"font-weight: 400;\"> Vi behandler personer, vi begrenser oss ikke til \u00abpasienten\u00bb.\u00a0<\/span><\/li><li style=\"font-weight: 400;\" aria-level=\"1\"><b>Alle pasienter blir evaluert av ulike spesialister<\/b><span style=\"font-weight: 400;\">, avhengig av deres behov, slik at man oppn\u00e5r en helhetlig visjon som gj\u00f8r det mulig \u00e5 tilby en individuell tilpasset behandlingsplan.<\/span><\/li><li style=\"font-weight: 400;\" aria-level=\"1\"><b>Kvalitet<\/b><span style=\"font-weight: 400;\"> i alle prosessene som er involvert i \u00e5 ta vare p\u00e5 v\u00e5re pasienter.\u00a0<\/span><\/li><li style=\"font-weight: 400;\" aria-level=\"1\"><b>Teknologi.<\/b><span style=\"font-weight: 400;\"> Vi stiller med de mest avanserte teknologiske midlene til disposisjon for diagnose og behandling av v\u00e5re pasienter.<\/span><\/li><\/ul>\t\t\t\t\t\t\t\t<\/div>\n\t\t\t\t<\/div>\n\t\t\t\t<div class=\"elementor-element elementor-element-127fd84 elementor-widget elementor-widget-toggle\" data-id=\"127fd84\" data-element_type=\"widget\" data-e-type=\"widget\" data-widget_type=\"toggle.default\">\n\t\t\t\t<div class=\"elementor-widget-container\">\n\t\t\t\t\t\t\t<div class=\"elementor-toggle\">\n\t\t\t\t\t\t\t<div class=\"elementor-toggle-item\">\n\t\t\t\t\t<div id=\"elementor-tab-title-1931\" class=\"elementor-tab-title\" data-tab=\"1\" role=\"button\" aria-controls=\"elementor-tab-content-1931\" aria-expanded=\"false\">\n\t\t\t\t\t\t\t\t\t\t\t\t<span class=\"elementor-toggle-icon elementor-toggle-icon-left\" aria-hidden=\"true\">\n\t\t\t\t\t\t\t\t\t\t\t\t\t\t\t<span class=\"elementor-toggle-icon-closed\"><svg class=\"e-font-icon-svg e-fas-caret-right\" viewBox=\"0 0 192 512\" xmlns=\"http:\/\/www.w3.org\/2000\/svg\"><path d=\"M0 384.662V127.338c0-17.818 21.543-26.741 34.142-14.142l128.662 128.662c7.81 7.81 7.81 20.474 0 28.284L34.142 398.804C21.543 411.404 0 402.48 0 384.662z\"><\/path><\/svg><\/span>\n\t\t\t\t\t\t\t\t<span class=\"elementor-toggle-icon-opened\"><svg class=\"elementor-toggle-icon-opened e-font-icon-svg e-fas-caret-up\" viewBox=\"0 0 320 512\" xmlns=\"http:\/\/www.w3.org\/2000\/svg\"><path d=\"M288.662 352H31.338c-17.818 0-26.741-21.543-14.142-34.142l128.662-128.662c7.81-7.81 20.474-7.81 28.284 0l128.662 128.662c12.6 12.599 3.676 34.142-14.142 34.142z\"><\/path><\/svg><\/span>\n\t\t\t\t\t\t\t\t\t\t\t\t\t<\/span>\n\t\t\t\t\t\t\t\t\t\t\t\t<a class=\"elementor-toggle-title\" tabindex=\"0\">Behandliger p\u00e5 HCB\u2019s ryggradsavdeling<\/a>\n\t\t\t\t\t<\/div>\n\n\t\t\t\t\t<div id=\"elementor-tab-content-1931\" class=\"elementor-tab-content elementor-clearfix\" data-tab=\"1\" role=\"region\" aria-labelledby=\"elementor-tab-title-1931\"><p><span style=\"font-weight: 400;\">Forel\u00f8pig er konservativ behandling det f\u00f8rste alternativet n\u00e5r det ikke er nevrologiske mangler, men n\u00e5r dette f\u00f8rste trinnet mislykkes, tilbyr kirurgi ulike l\u00f8sninger avhengig av \u00e5rsaken til smertene.\u00a0<\/span><\/p><p><span style=\"font-weight: 400;\">Nevrokirurgi-teamet ved HCB hospitales har lang erfaring med de nyeste kirurgiske teknikkene for behandling av ryggradsproblemer. I tillegg utf\u00f8res intervensjonen i de angitte tilfellene gjennom minimalt invasiv kirurgi med stor fordel for pasienten med tanke p\u00e5 smerte, st\u00f8rrelse p\u00e5 snittet og etterf\u00f8lgende restitusjon.\u00a0<\/span><b><\/b><\/p><ul><li aria-level=\"1\"><b>Minimalt invasiv dekompresjon\u00a0<\/b><\/li><\/ul><p><span style=\"font-weight: 400;\">Mikrodiskektomi<\/span><\/p><p><span style=\"font-weight: 400;\">Mikrolaminektomi\u00a0<\/span><\/p><p><span style=\"font-weight: 400;\">Endoskopisk tiln\u00e6rming\u00a0<\/span><\/p><ul><li aria-level=\"1\"><b>Bevaring av bevegelighet\u00a0<\/b><\/li><\/ul><p><span style=\"font-weight: 400;\">Skiveprotese\u00a0<\/span><\/p><ul><li style=\"font-weight: 400;\" aria-level=\"1\"><b>Sementering av ryggvirvelen<\/b><\/li><\/ul><p><span style=\"font-weight: 400;\">Kyfoplastikk\u00a0<\/span><\/p><p><span style=\"font-weight: 400;\">Vertebroplastikk\u00a0<\/span><\/p><ul><li aria-level=\"1\"><b>\u00c5pen eller perkutan ryggradsstabilisering\u00a0<\/b><\/li><\/ul><p><span style=\"font-weight: 400;\">Transpedikul\u00e6r fiksering\u00a0<\/span><\/p><p><span style=\"font-weight: 400;\">Bakre innfallsvinkel (TLIF)\u00a0<\/span><\/p><p><span style=\"font-weight: 400;\">Fremre innfallsvinkel (ALIF)\u00a0<\/span><\/p><p><span style=\"font-weight: 400;\">Lateral innfallsvinkel (XLIF)\u00a0<\/span><\/p><ul><li aria-level=\"1\"><b>Ikke-kirurgisk behandling\u00a0<\/b><\/li><\/ul><p><span style=\"font-weight: 400;\">Lokal ekkostyrt rotinfiltrasjoner eller blokkeringer<\/span><\/p><p><span style=\"font-weight: 400;\">Lokal radiostyrt infiltrasjon\u00a0<\/span><\/p><\/div>\n\t\t\t\t<\/div>\n\t\t\t\t\t\t\t\t<\/div>\n\t\t\t\t\t\t<\/div>\n\t\t\t\t<\/div>\n\t\t\t\t<div class=\"elementor-element elementor-element-a61c3be elementor-widget elementor-widget-toggle\" data-id=\"a61c3be\" data-element_type=\"widget\" data-e-type=\"widget\" data-widget_type=\"toggle.default\">\n\t\t\t\t<div class=\"elementor-widget-container\">\n\t\t\t\t\t\t\t<div class=\"elementor-toggle\">\n\t\t\t\t\t\t\t<div class=\"elementor-toggle-item\">\n\t\t\t\t\t<div id=\"elementor-tab-title-1741\" class=\"elementor-tab-title\" data-tab=\"1\" role=\"button\" aria-controls=\"elementor-tab-content-1741\" aria-expanded=\"false\">\n\t\t\t\t\t\t\t\t\t\t\t\t<span class=\"elementor-toggle-icon elementor-toggle-icon-left\" aria-hidden=\"true\">\n\t\t\t\t\t\t\t\t\t\t\t\t\t\t\t<span class=\"elementor-toggle-icon-closed\"><svg class=\"e-font-icon-svg e-fas-caret-right\" viewBox=\"0 0 192 512\" xmlns=\"http:\/\/www.w3.org\/2000\/svg\"><path d=\"M0 384.662V127.338c0-17.818 21.543-26.741 34.142-14.142l128.662 128.662c7.81 7.81 7.81 20.474 0 28.284L34.142 398.804C21.543 411.404 0 402.48 0 384.662z\"><\/path><\/svg><\/span>\n\t\t\t\t\t\t\t\t<span class=\"elementor-toggle-icon-opened\"><svg class=\"elementor-toggle-icon-opened e-font-icon-svg e-fas-caret-up\" viewBox=\"0 0 320 512\" xmlns=\"http:\/\/www.w3.org\/2000\/svg\"><path d=\"M288.662 352H31.338c-17.818 0-26.741-21.543-14.142-34.142l128.662-128.662c7.81-7.81 20.474-7.81 28.284 0l128.662 128.662c12.6 12.599 3.676 34.142-14.142 34.142z\"><\/path><\/svg><\/span>\n\t\t\t\t\t\t\t\t\t\t\t\t\t<\/span>\n\t\t\t\t\t\t\t\t\t\t\t\t<a class=\"elementor-toggle-title\" tabindex=\"0\">HCB\u2019s team for ryggradslidelser:<\/a>\n\t\t\t\t\t<\/div>\n\n\t\t\t\t\t<div id=\"elementor-tab-content-1741\" class=\"elementor-tab-content elementor-clearfix\" data-tab=\"1\" role=\"region\" aria-labelledby=\"elementor-tab-title-1741\"><p><b>Koordinator ved enheten for ryggradslidelser\u00a0\u00a0<\/b><\/p><p><span style=\"font-weight: 400;\">Milagros \u00c1lvarez Vega<\/span><\/p><p><a href=\"mailto:malvarez@clinicabenidorm.com\"><span style=\"font-weight: 400;\">malvarez@clinicabenidorm.com<\/span><\/a><span style=\"font-weight: 400;\">\u00a0<\/span><\/p><p><span style=\"font-weight: 400;\">96 585 38 50 Ext. 5520<\/span><\/p><p><b>Nevrokirurgi\u00a0<\/b><\/p><p><span style=\"font-weight: 400;\">Dr. Karim Ben Ghezala<\/span><\/p><p><span style=\"font-weight: 400;\">Dr. Juan Antonio Nieto Navarro<\/span><\/p><p><span style=\"font-weight: 400;\">Dra. Eva M\u00aa Pay Valverde<\/span><\/p><p><b>Rehabiliteringslege\u00a0<\/b><\/p><p><span style=\"font-weight: 400;\">Dr. Fernando Verd\u00fa M\u00e1s<\/span><\/p><p><b>Koordinator for fysioterapienhet<\/b><b>\u00a0<\/b><\/p><p><span style=\"font-weight: 400;\">Nora Serrano Schoenfeld<\/span><\/p><p><b>Nevrologi\u00a0<\/b><\/p><p><span style=\"font-weight: 400;\">Dr. Jos\u00e9 Javier Hern\u00e1ndez Mart\u00ednez<\/span><\/p><p><span style=\"font-weight: 400;\">Dra. Leticia Berenguer Ruiz<\/span><\/p><p><span style=\"font-weight: 400;\">Dra. M\u00aa Empar Blanco Cant\u00f3<\/span><\/p><p><span style=\"font-weight: 400;\">Dra. Paloma Gonzalez Belmar<\/span><\/p><\/div>\n\t\t\t\t<\/div>\n\t\t\t\t\t\t\t\t<\/div>\n\t\t\t\t\t\t<\/div>\n\t\t\t\t<\/div>\n\t\t\t\t\t<\/div>\n\t\t<\/div>\n\t\t\t\t\t<\/div>\n\t\t<\/section>\n\t\t\t\t<\/div>\n\t\t","protected":false},"excerpt":{"rendered":"<p>HCB Hospitales AVDELINGEN FOR RYGGRADSLIDELSER\u00a0 Denne avdeligen ved HCB hospitales, en del av nevrokirurgitjenesten, behandler ryggradspatologier med den mest innovative og fordelaktige teknologien og\u00a0 kirurgiske teknikker for pasienten.\u00a0 HCB hospitales avdeling for ryggradslidelser tilbyr hver pasient den behandlingen som er tilpasset deres behov, vurderer alle mulige alternativer p\u00e5 en tverrfaglig m\u00e5te og med en arbeidsfilosofi [&hellip;]<\/p>\n","protected":false},"author":2,"featured_media":0,"parent":22489,"menu_order":0,"comment_status":"closed","ping_status":"closed","template":"","meta":{"_acf_changed":false,"footnotes":""},"class_list":["post-17032","page","type-page","status-publish","hentry"],"acf":[],"_links":{"self":[{"href":"https:\/\/hcbhospitales.com\/no\/wp-json\/wp\/v2\/pages\/17032","targetHints":{"allow":["GET"]}}],"collection":[{"href":"https:\/\/hcbhospitales.com\/no\/wp-json\/wp\/v2\/pages"}],"about":[{"href":"https:\/\/hcbhospitales.com\/no\/wp-json\/wp\/v2\/types\/page"}],"author":[{"embeddable":true,"href":"https:\/\/hcbhospitales.com\/no\/wp-json\/wp\/v2\/users\/2"}],"replies":[{"embeddable":true,"href":"https:\/\/hcbhospitales.com\/no\/wp-json\/wp\/v2\/comments?post=17032"}],"version-history":[{"count":0,"href":"https:\/\/hcbhospitales.com\/no\/wp-json\/wp\/v2\/pages\/17032\/revisions"}],"up":[{"embeddable":true,"href":"https:\/\/hcbhospitales.com\/no\/wp-json\/wp\/v2\/pages\/22489"}],"wp:attachment":[{"href":"https:\/\/hcbhospitales.com\/no\/wp-json\/wp\/v2\/media?parent=17032"}],"curies":[{"name":"wp","href":"https:\/\/api.w.org\/{rel}","templated":true}]}}