{"id":16930,"date":"2022-06-16T10:56:27","date_gmt":"2022-06-16T08:56:27","guid":{"rendered":"https:\/\/hcbhospitales.com\/?page_id=16930"},"modified":"2022-09-05T13:02:35","modified_gmt":"2022-09-05T11:02:35","slug":"retningslinjer-for-informasjonskapsler","status":"publish","type":"page","link":"https:\/\/hcbhospitales.com\/no\/retningslinjer-for-informasjonskapsler\/","title":{"rendered":"Retningslinjer for informasjonskapsler"},"content":{"rendered":"\t\t<div data-elementor-type=\"wp-page\" data-elementor-id=\"16930\" class=\"elementor elementor-16930 elementor-9942\" data-elementor-post-type=\"page\">\n\t\t\t\t\t\t<section class=\"elementor-section elementor-top-section elementor-element elementor-element-3c10da3 elementor-section-boxed elementor-section-height-default elementor-section-height-default\" data-id=\"3c10da3\" data-element_type=\"section\" data-e-type=\"section\" data-settings=\"{&quot;jet_parallax_layout_list&quot;:[]}\">\n\t\t\t\t\t\t<div class=\"elementor-container elementor-column-gap-default\">\n\t\t\t\t\t<div class=\"elementor-column elementor-col-100 elementor-top-column elementor-element elementor-element-ea10534\" data-id=\"ea10534\" data-element_type=\"column\" data-e-type=\"column\">\n\t\t\t<div class=\"elementor-widget-wrap elementor-element-populated\">\n\t\t\t\t\t\t<div class=\"elementor-element elementor-element-6303a15 elementor-widget elementor-widget-text-editor\" data-id=\"6303a15\" data-element_type=\"widget\" data-e-type=\"widget\" data-widget_type=\"text-editor.default\">\n\t\t\t\t<div class=\"elementor-widget-container\">\n\t\t\t\t\t\t\t\t\t<p><strong>CENTRO M\u00c9DICO SALUS BALEARES SL<\/strong>\u00a0utiliza cookies para mejorar la experiencia de los visitantes de nuestros sitios web y ha publicado una pol\u00edtica nueva cookies. En ella se explica qu\u00e9 son las cookies y c\u00f3mo las utilizamos en nuestros sitios web.<\/p><p><strong>\u00bfQu\u00e9 es una cookie?<\/strong><\/p><p>Las cookies son peque\u00f1os archivos, compuestos por una cadena de letras y n\u00fameros, ubicados en algunas ocasiones en su ordenador por los servidores de p\u00e1ginas web. Permiten que el propietario del sitio web le distinga de los dem\u00e1s usuarios del sitio. Las cookies no se pueden ejecutar como c\u00f3digo y no incorporan virus que nos permitan acceder a su disco duro. De este modo, no nos es posible acceder a la informaci\u00f3n de su disco duro, incluso si se almacenan cookies en \u00e9l.<\/p><p>Esta web utiliza \u2018cookies\u2019 propias y de terceros para ofrecerte una mejor experiencia y servicio. Al navegar o utilizar nuestros servicios, aceptas el uso que hacemos de ellas. Puedes cambiar la configuraci\u00f3n de \u2018cookies\u2019 en cualquier momento<\/p><p><strong>\u00bfC\u00f3mo se utilizan las cookies?<\/strong><\/p><p>Los datos generados a trav\u00e9s de cookies en las p\u00e1ginas web de\u00a0<strong>CENTRO M\u00c9DICO SALUS BALEARES SL<\/strong>\u00a0se pueden utilizar para diversos fines, incluyendo los siguientes:<\/p><ul><li>Para usos estrictamente necesarios: Estas cookies son esenciales a fin de que usted navegue por el sitio web y utilizar sus funciones, tales como el acceso a \u00e1reas seguras del sitio Web, recordar los art\u00edculos de tu lista de la compra, recordar en qu\u00e9 punto del pedido te encuentras.<\/li><li>Rendimiento: Las cookies recopilan informaci\u00f3n acerca de c\u00f3mo los visitantes usan un sitio web, por ejemplo, p\u00e1ginas que los visitantes van m\u00e1s a menudo y si reciben mensajes de error. Estas cookies se utilizan para mejorar un sitio web en versiones futuras, mejorar la experiencia del usuario, mejorar el funcionamiento del sitio web reduciendo el tiempo que tardan en cargarse las p\u00e1ginas que visitas.<\/li><li>Funcionalidad: Estas cookies permiten que el sitio web recuerde decisiones que usted toma accediendo a \u00e9l, como su nombre de usuario o el idioma y proporcionar una mejor experiencia de usuario. garantizar que el aspecto de la p\u00e1gina web es coherente, garantizar tu seguridad cuando inicias sesi\u00f3n<\/li><li>La focalizaci\u00f3n o la publicidad: Estas cookies se utilizan para entregar el contenido m\u00e1s relevante para usted y sus intereses.<\/li><\/ul><p>No permitimos que terceros puedan anunciarse en nuestro sitio web, pero no podemos controlar los anunciantes que est\u00e1n permitidos por los proveedores de servicios de Internet para hacer publicidad mientras se navega en Internet.<\/p><p>\u00a0<\/p><p>\u00a0<\/p><p><strong>Tipos de cookies utilizadas<\/strong><\/p><p>\u00a0<\/p><p>Este Web utiliza tanto cookies temporales de sesi\u00f3n como cookies permanentes. Las cookies de sesi\u00f3n almacenan datos \u00fanicamente mientras el usuario accede al Web y las cookies permanentes almacenan los datos en el terminal para que sean accedidos y utilizados en m\u00e1s de una sesi\u00f3n.<\/p><p>\u00a0<\/p><p>Seg\u00fan la finalidad para la que se traten los datos obtenidos a trav\u00e9s de las cookies, el Web puede utilizar:<\/p><p>\u00a0<\/p><p><strong><em>Cookies t\u00e9cnicas<\/em><\/strong><\/p><p>Son aqu\u00e9llas que permiten al usuario la navegaci\u00f3n a trav\u00e9s de la p\u00e1gina Web o aplicaci\u00f3n y la utilizaci\u00f3n de las diferentes opciones o servicios que en ella existen. Por ejemplo, controlar el tr\u00e1fico y la comunicaci\u00f3n de datos, identificar la sesi\u00f3n, acceder a las partes Web de acceso restringido, recordar los elementos que integran un pedido, realizar la solicitud de inscripci\u00f3n o participaci\u00f3n en un evento, utilizar elementos de seguridad durante la navegaci\u00f3n y almacenar contenidos para la difusi\u00f3n de videos o sonido.<\/p><p>\u00a0<\/p><p><strong><em>Cookies de personalizaci\u00f3n<\/em><\/strong><\/p><p>Son aqu\u00e9llas que permiten al usuario acceder al servicio con algunas caracter\u00edsticas de car\u00e1cter general predefinidas en su terminal o que el propio usuario defina. Por ejemplo, el idioma, el tipo de navegador a trav\u00e9s del cual accede al servicio, el dise\u00f1o de contenidos seleccionado, geolocalizaci\u00f3n del terminal y la configuraci\u00f3n regional desde donde se accede al servicio.<\/p><p>\u00a0<\/p><p><strong><em>Cookies publicitarias<\/em><\/strong><\/p><p>Son aquellas que permiten la gesti\u00f3n eficaz de los espacios publicitarios que se han incluido en la p\u00e1gina Web o aplicaci\u00f3n desde la que se presta el servicio. Permiten adecuar el contenido de la publicidad para que esta sea relevante para el usuario y para evitar mostrar anuncios que el usuario ya haya visto.<\/p><p>\u00a0<\/p><p><strong><em>Cookies de an\u00e1lisis estad\u00edstico<\/em><\/strong><\/p><p>Son aqu\u00e9llas que permiten realizar el seguimiento y an\u00e1lisis del comportamiento de los usuarios en los sitios Web. La informaci\u00f3n recogida mediante este tipo de cookies se utiliza en la medici\u00f3n de la actividad de los sitios Web, aplicaci\u00f3n o plataforma y para la elaboraci\u00f3n de perfiles de navegaci\u00f3n de los usuarios de dichos sitios, con el fin de introducir mejoras en el servicio en funci\u00f3n de los datos de uso que hacen los usuarios.<\/p><p>\u00a0<\/p><p><strong><em>Cookies de terceros<\/em><\/strong><\/p><p>En algunas p\u00e1ginas Web se pueden instalar cookies de terceros que permiten gestionar y mejorar los servicios ofrecidos. Como, por ejemplo, servicios estad\u00edsticos de Google Analytics.<\/p><p>\u00a0<\/p><p><strong><u>Cookies utilizadas<\/u><\/strong><\/p><p><strong><u>\u00a0<\/u><\/strong><\/p><table width=\"480\"><tbody><tr><td width=\"83\"><strong>Titularidad de la cookie<\/strong><\/td><td width=\"64\"><strong>Nombre<\/strong><\/td><td width=\"220\"><strong>Prop\u00f3sito<\/strong><\/td><td width=\"51\"><strong>Tipo<\/strong><\/td><td width=\"62\"><strong>Duraci\u00f3n<\/strong><\/td><\/tr><tr><td width=\"83\"><strong>Google Analytics<\/strong><\/td><td width=\"64\">__utma<\/td><td width=\"220\">Esta cookie se suele establecer durante la primera visita. Si la cookie es eliminada manualmente, volver\u00e1 a establecerse en la siguiente visita con ID nuevo. En la mayor\u00eda de los casos esta cookie se utiliza para determinar visitantes \u00fanicos a nuestro sitio y es actualizada con cada p\u00e1gina vista.<\/td><td width=\"51\">Terceros<\/td><td width=\"62\">2 A\u00f1os<\/td><\/tr><tr><td width=\"83\"><strong>Google Analytics<\/strong><\/td><td width=\"64\">__utmb<\/td><td width=\"220\">Esta cookie se utiliza para establecer y continuar una sesi\u00f3n de usuario en nuestro sitio. Cuando un usuario visita una p\u00e1gina en nuestro sitio, el c\u00f3digo de Google Analytics intenta actualizar esta cookie.<\/td><td width=\"51\">Terceros<\/td><td width=\"62\">30 Minutos<\/td><\/tr><tr><td width=\"83\"><strong>Google Analytics<\/strong><\/td><td width=\"64\">__utmc<\/td><td width=\"220\">esta cookie operaba junto con la cookie __utmb para determinar si se deb\u00eda establecer una nueva sesi\u00f3n al usuario. Hoy en d\u00eda no se utiliza pero sigue aqu\u00ed para mantener compatibilidad hacia atr\u00e1s con el c\u00f3digo de theurchin.js y ga.js. Cookie de sesi\u00f3n-<\/td><td width=\"51\">Terceros<\/td><td width=\"62\">0 Minutos<\/td><\/tr><tr><td width=\"83\"><strong>Google Analytics<\/strong><\/td><td width=\"64\">__utmt<\/td><td width=\"220\">Esta cookie normalmente no est\u00e1 presente a no ser que se utilice la opci\u00f3n setVar() en el c\u00f3digo de Google Analytics. La cookie __utmt pasa la informaci\u00f3n hacia el m\u00e9todo setVar(), el cual crea un segmente espec\u00edfico para los usuarios<\/td><td width=\"51\">terceros<\/td><td width=\"62\">2 A\u00f1os<\/td><\/tr><tr><td width=\"83\">Google Analytics<\/td><td width=\"64\">__utmz<\/td><td width=\"220\">Guarda informaci\u00f3n de referencias utilizadas por el usuario para llegar al sitio Web, ya sea de forma directa, un link de referencia, una b\u00fasqueda web, una campa\u00f1a de publicidad o por email. Calcula el tr\u00e1fico proveniente de buscadores web, campa\u00f1as de marketing y navegaci\u00f3n por nuestro sitio.<\/td><td width=\"51\">terceros<\/td><td width=\"62\">6 Meses<\/td><\/tr><\/tbody><\/table><p><strong><u>\u00a0<\/u><\/strong><br \/><strong><u>Administrar las cookies<\/u><\/strong><br \/>El usuario tiene la opci\u00f3n de permitir, bloquear o eliminar las cookies instaladas en su equipo mediante la configuraci\u00f3n de las opciones del navegador instalado en su terminal:<\/p><p>\u00a0<\/p><p><u>Para ajustar los permisos relacionados con las cookies en el\u00a0<strong>Navegador Google Chrome<\/strong><\/u>:<\/p><p>\u00a0<\/p><p>\u2013 Hacer clic en el men\u00fa\u00a0situado en la barra de herramientas.<\/p><p>\u2013\u00a0Seleccionar\u00a0<strong>Configuraci\u00f3n.<\/strong><\/p><p>\u2013\u00a0Hacer clic en\u00a0<strong>Mostrar opciones avanzadas.<\/strong><\/p><p>\u2013\u00a0En la secci\u00f3n \u201cPrivacidad\u201d hacer clic en el bot\u00f3n\u00a0<strong>Configuraci\u00f3n de contenido<\/strong>.<\/p><p>\u2013\u00a0En la secci\u00f3n de \u201cCookies\u201d se pueden configurar las opciones.<\/p><p>\u00a0<\/p><p>\u00a0<\/p><p><u>Para ajustar los permisos relacionados con las cookies en el Navegador\u00a0<strong>Mozilla Firefox<\/strong><\/u>:<\/p><p>\u00a0<\/p><p>\u2013 En la parte superior de la ventana de Firefox hacer clic en el men\u00fa\u00a0<strong>H<\/strong><strong>erramientas<\/strong>.<\/p><p>\u2013 Seleccionar\u00a0<strong>Opciones.<\/strong><\/p><p>\u2013 Seleccionar el panel\u00a0<strong>Privacidad.<\/strong><\/p><p><strong>\u2013 En la opci\u00f3n<\/strong>\u00a0<strong>Firefox podr\u00e1<\/strong>\u00a0<strong>elegir<\/strong>\u00a0<strong>Usar una configuraci\u00f3n personalizada para el historial<\/strong>\u00a0para configurar las opciones.<\/p><p>\u00a0<\/p><p>*\u00a0<a href=\"https:\/\/support.mozilla.org\/es\/kb\/cookies-informacion-que-los-sitios-web-guardan-en-?esab=a&amp;s=adminstracion+de+cookies&amp;r=2&amp;as=s\" target=\"_blank\" rel=\"noopener\"><strong>M\u00e1s informaci\u00f3n sobre Mozilla Firefox<\/strong><\/a><strong>.<\/strong><\/p><p>\u00a0<\/p><p><u>Para ajustar los permisos relacionados con las cookies en el Navegador\u00a0<strong>Internet Explorer 9<\/strong><\/u>:<\/p><p>\u00a0<\/p><p>\u2013 En la parte superior de la ventana de Internet Explorer hacer clic en el men\u00fa\u00a0<strong>Herramientas.<\/strong><\/p><p>\u2013 Seleccionar la pesta\u00f1a de\u00a0<strong>Seguridad<\/strong>\u00a0y utilizar la opci\u00f3n\u00a0<strong>Eliminar el historial de exploraci\u00f3n<\/strong>\u00a0para eliminar las cookies. Activar la casilla Cookies y, a continuaci\u00f3n, hacer clic en Eliminar.<\/p><p>\u2013 Seleccionar la pesta\u00f1a de\u00a0<strong>Seguridad<\/strong>\u00a0y utilizar la\u00a0<strong>Configuraci\u00f3n\u00a0<\/strong>mover el control deslizante totalmente hacia arriba para bloquear todas las cookies o totalmente hacia abajo para permitir todas las cookies. Tras ello, hacer clic en\u00a0<strong>Aceptar<\/strong>.<\/p><p>\u00a0<\/p><p>*\u00a0<a href=\"http:\/\/windows.microsoft.com\/es-es\/windows7\/how-to-manage-cookies-in-internet-explorer-9\" target=\"_blank\" rel=\"noopener\"><strong>M\u00e1s informaci\u00f3n sobre Internet Explorer 9<\/strong><\/a><strong>.<\/strong><\/p><p>\u00a0<\/p><p>Puede conocer m\u00e1s detalles acerca de c\u00f3mo administrar las cookies al utilizar la funci\u00f3n \u2018Ayuda\u2019 de su navegador, o puede visitar\u00a0<u>www.aboutcookies.org<\/u>\u00a0que proporciona informaci\u00f3n detallada sobre la gesti\u00f3n de las cookies en los navegadores m\u00e1s populares.<\/p><p>\u00a0<\/p><p>En algunos navegadores se pueden configurar reglas espec\u00edficas para administrar cookies por sitio Web, lo que ofrece un control m\u00e1s preciso sobre la privacidad. Esto significa que se puede inhabilitar cookies de todos los sitios salvo de aquellos en los que se conf\u00ede.<\/p>\t\t\t\t\t\t\t\t<\/div>\n\t\t\t\t<\/div>\n\t\t\t\t\t<\/div>\n\t\t<\/div>\n\t\t\t\t\t<\/div>\n\t\t<\/section>\n\t\t\t\t<\/div>\n\t\t","protected":false},"excerpt":{"rendered":"","protected":false},"author":2,"featured_media":0,"parent":0,"menu_order":0,"comment_status":"closed","ping_status":"closed","template":"elementor_header_footer","meta":{"_acf_changed":false,"footnotes":""},"class_list":["post-16930","page","type-page","status-publish","hentry"],"acf":[],"_links":{"self":[{"href":"https:\/\/hcbhospitales.com\/no\/wp-json\/wp\/v2\/pages\/16930","targetHints":{"allow":["GET"]}}],"collection":[{"href":"https:\/\/hcbhospitales.com\/no\/wp-json\/wp\/v2\/pages"}],"about":[{"href":"https:\/\/hcbhospitales.com\/no\/wp-json\/wp\/v2\/types\/page"}],"author":[{"embeddable":true,"href":"https:\/\/hcbhospitales.com\/no\/wp-json\/wp\/v2\/users\/2"}],"replies":[{"embeddable":true,"href":"https:\/\/hcbhospitales.com\/no\/wp-json\/wp\/v2\/comments?post=16930"}],"version-history":[{"count":0,"href":"https:\/\/hcbhospitales.com\/no\/wp-json\/wp\/v2\/pages\/16930\/revisions"}],"wp:attachment":[{"href":"https:\/\/hcbhospitales.com\/no\/wp-json\/wp\/v2\/media?parent=16930"}],"curies":[{"name":"wp","href":"https:\/\/api.w.org\/{rel}","templated":true}]}}