{"id":11126,"date":"2022-04-12T11:27:01","date_gmt":"2022-04-12T09:27:01","guid":{"rendered":"https:\/\/hcbhospitales.com\/?page_id=11126"},"modified":"2023-12-04T09:50:44","modified_gmt":"2023-12-04T08:50:44","slug":"hcb-stroke-center","status":"publish","type":"page","link":"https:\/\/hcbhospitales.com\/nl\/referentie-eenheden\/hcb-stroke-center\/","title":{"rendered":"HCB Stroke Center"},"content":{"rendered":"\t\t<div data-elementor-type=\"wp-page\" data-elementor-id=\"11126\" class=\"elementor elementor-11126 elementor-5408\" data-elementor-post-type=\"page\">\n\t\t\t\t\t\t<section class=\"elementor-section elementor-top-section elementor-element elementor-element-8ba004e elementor-section-boxed elementor-section-height-default elementor-section-height-default\" data-id=\"8ba004e\" data-element_type=\"section\" data-e-type=\"section\" data-settings=\"{&quot;jet_parallax_layout_list&quot;:[{&quot;jet_parallax_layout_image&quot;:{&quot;url&quot;:&quot;&quot;,&quot;id&quot;:&quot;&quot;,&quot;size&quot;:&quot;&quot;},&quot;_id&quot;:&quot;bfae6c3&quot;,&quot;jet_parallax_layout_image_tablet&quot;:{&quot;url&quot;:&quot;&quot;,&quot;id&quot;:&quot;&quot;,&quot;size&quot;:&quot;&quot;},&quot;jet_parallax_layout_image_mobile&quot;:{&quot;url&quot;:&quot;&quot;,&quot;id&quot;:&quot;&quot;,&quot;size&quot;:&quot;&quot;},&quot;jet_parallax_layout_speed&quot;:{&quot;unit&quot;:&quot;%&quot;,&quot;size&quot;:50,&quot;sizes&quot;:[]},&quot;jet_parallax_layout_type&quot;:&quot;scroll&quot;,&quot;jet_parallax_layout_direction&quot;:&quot;1&quot;,&quot;jet_parallax_layout_fx_direction&quot;:null,&quot;jet_parallax_layout_z_index&quot;:&quot;&quot;,&quot;jet_parallax_layout_bg_x&quot;:50,&quot;jet_parallax_layout_bg_x_tablet&quot;:&quot;&quot;,&quot;jet_parallax_layout_bg_x_mobile&quot;:&quot;&quot;,&quot;jet_parallax_layout_bg_y&quot;:50,&quot;jet_parallax_layout_bg_y_tablet&quot;:&quot;&quot;,&quot;jet_parallax_layout_bg_y_mobile&quot;:&quot;&quot;,&quot;jet_parallax_layout_bg_size&quot;:&quot;auto&quot;,&quot;jet_parallax_layout_bg_size_tablet&quot;:&quot;&quot;,&quot;jet_parallax_layout_bg_size_mobile&quot;:&quot;&quot;,&quot;jet_parallax_layout_animation_prop&quot;:&quot;transform&quot;,&quot;jet_parallax_layout_on&quot;:[&quot;desktop&quot;,&quot;tablet&quot;]}],&quot;background_background&quot;:&quot;gradient&quot;}\">\n\t\t\t\t\t\t<div class=\"elementor-container elementor-column-gap-default\">\n\t\t\t\t\t<div class=\"elementor-column elementor-col-100 elementor-top-column elementor-element elementor-element-2b0e3e0\" data-id=\"2b0e3e0\" data-element_type=\"column\" data-e-type=\"column\">\n\t\t\t<div class=\"elementor-widget-wrap elementor-element-populated\">\n\t\t\t\t\t\t<div class=\"elementor-element elementor-element-c0b8214 elementor-widget elementor-widget-jet-breadcrumbs\" data-id=\"c0b8214\" data-element_type=\"widget\" data-e-type=\"widget\" data-widget_type=\"jet-breadcrumbs.default\">\n\t\t\t\t<div class=\"elementor-widget-container\">\n\t\t\t\t\t<div class=\"elementor-jet-breadcrumbs jet-blocks\">\n\t\t<div class=\"jet-breadcrumbs\">\n\t\t<div class=\"jet-breadcrumbs__content\">\n\t\t<div class=\"jet-breadcrumbs__wrap\"><div class=\"jet-breadcrumbs__item\"><a href=\"https:\/\/hcbhospitales.com\/nl\/\" class=\"jet-breadcrumbs__item-link is-home\" rel=\"home\" title=\"Home\">Home<\/a><\/div>\n\t\t<\/div>\n\t\t<\/div>\n\t\t<\/div><\/div>\t\t\t\t<\/div>\n\t\t\t\t<\/div>\n\t\t\t\t<div class=\"elementor-element elementor-element-e118916 elementor-widget elementor-widget-image\" data-id=\"e118916\" data-element_type=\"widget\" data-e-type=\"widget\" data-widget_type=\"image.default\">\n\t\t\t\t<div class=\"elementor-widget-container\">\n\t\t\t\t\t\t\t\t\t\t\t\t\t\t\t<img fetchpriority=\"high\" decoding=\"async\" width=\"800\" height=\"600\" src=\"https:\/\/hcbhospitales.com\/wp-content\/uploads\/2022\/02\/unidades-de-referencia-10.jpg\" class=\"attachment-full size-full wp-image-5693\" alt=\"\" srcset=\"https:\/\/hcbhospitales.com\/wp-content\/uploads\/2022\/02\/unidades-de-referencia-10.jpg 800w, https:\/\/hcbhospitales.com\/wp-content\/uploads\/2022\/02\/unidades-de-referencia-10-300x225.jpg 300w, https:\/\/hcbhospitales.com\/wp-content\/uploads\/2022\/02\/unidades-de-referencia-10-768x576.jpg 768w\" sizes=\"(max-width: 800px) 100vw, 800px\" \/>\t\t\t\t\t\t\t\t\t\t\t\t\t\t\t<\/div>\n\t\t\t\t<\/div>\n\t\t\t\t<div class=\"elementor-element elementor-element-4a588bd elementor-widget elementor-widget-text-editor\" data-id=\"4a588bd\" data-element_type=\"widget\" data-e-type=\"widget\" data-widget_type=\"text-editor.default\">\n\t\t\t\t<div class=\"elementor-widget-container\">\n\t\t\t\t\t\t\t\t\t<p><b>HCB Stroke Center (Centrum voor Integrale Zorg van Beroerte)<\/b><\/p><p><b>HCB Stroke Center\u00a0<\/b><span style=\"font-weight: 400;\">beschikt over al de nodige specialisten voor een\u00a0<\/span><b>snelle diagnose en behandeling van een beroerte:\u00a0<\/b><span style=\"font-weight: 400;\">ambulance service, spoedeisende hulp, neurologie, neurochirurgie, radiologie, ICU, bloedbank, interventie neuroradiologie, cardiologie, fysiotherapie, revalidatie, logopedie en de meest geavanceerde technologie.<\/span><\/p><p><span style=\"font-weight: 400;\">Met de integratie van\u00a0<\/span><b>Tele ICTUS<\/b><span style=\"font-weight: 400;\">, stelt HCB ter beschikking van de pati\u00ebnt die een beroerte lijdt,\u00a0<\/span><b>24 uur per dag, 365 dagen per jaar<\/b><span style=\"font-weight: 400;\">\u00a0een team\u00a0<\/span><b>van Neurologen en Neuroradiologen\u00a0<\/b><span style=\"font-weight: 400;\">en de laatste technologie en mogelijke behandelingen.<\/span><\/p><p><span style=\"font-weight: 400;\">Wanneer een BEROERTE snel herkend wordt, beschikt HCB over alle effectieve behandelingen om de gevolgen te verminderen: fibrinolytische behandeling (trombotische occlusie van de arteria scheuren) of interventie behandelingen zoals intra-arteri\u00eble trombolyse (het wordt direct op de verstopping toegediend), mechanische verwijdering van het stolsel, embolisatie of klippen van het hersenen aneurysma, vasculaire neurochirurgie, enz.<\/span><\/p><p><b>BEROERTE<\/b><\/p><p><span style=\"font-weight: 400;\">Een\u00a0<\/span><b>beroerte<\/b><span style=\"font-weight: 400;\">\u00a0is een cerebrovasculair accident dat de bloedvaten van de hersenen beschadigd. Wanneer \u00e9\u00e9n van deze bloedvaten scheurt (<\/span><b>aneurysma<\/b><span style=\"font-weight: 400;\">) of afgesloten wordt door een bloedstolsel of iets anders (de stolsels die dit veroorzaken heten\u00a0<\/span><b>hersen trombos<\/b><span style=\"font-weight: 400;\">\u00a0of\u00a0<\/span><b>hersen embolie<\/b><span style=\"font-weight: 400;\">), ontstaat er een gebrek aan zuurstof in de hersenen. Dit beschadigt zenuwencellen van dat gedeelte van de hersenen. De cellen werken niet goed meer en sterven enkele minuten later.<\/span><\/p><p><span style=\"font-weight: 400;\">Normaliter gebeurt een beroerte onverwacht. Er zijn verschillende symptomen afhankelijk van de gedeelte van de hersenen die beschadigd is, maar de meest gewone zijn: verlamming of krachtverlies van het gezicht, arm of been (vooral in \u00e9\u00e9n van beide kanten van het lichaam), verwarring, verwarde spraak, moeilijk begrijpen of lopen, duizeligheid, evenwicht of co\u00f6rdinatie verlies en onverwachte problemen om vanuit \u00e9\u00e9n of beide ogen te zien.<\/span><\/p><p><span style=\"font-weight: 400;\">FAST protocol<\/span><\/p><p><b>Met het FAST protocol of BEROERTE Alarm kan men de signalen van een Cerebro Vasculair Accident met behulp van eenvoudige afbeeldingen gemakkelijk herkennen en weten hoe te reageren.<\/b><\/p><p><span style=\"font-weight: 400;\">Een BEROERTE is de eerste doodsoorzaak bij vrouwen in Spanje en de tweede bij mannen. Wanneer er over BEROERTE gesproken wordt merkt men dat grotendeels van de bevolking er geen kennis over heeft, zelfs diegene met een verhoogd risico. De gevolgen van dit accident kunnen enorm verminderen door de eerste signalen te herkennen.<\/span><\/p><p><span style=\"font-weight: 400;\">Daarom willen wij vanuit HCB zo veel mogelijk mensen en collectieven bereiken door algemene informatie te geven om tijdig een BEROERTE te herkennen en daarop te reageren.<\/span><\/p>\t\t\t\t\t\t\t\t<\/div>\n\t\t\t\t<\/div>\n\t\t\t\t<div class=\"elementor-element elementor-element-a42c8ae elementor-widget elementor-widget-text-editor\" data-id=\"a42c8ae\" data-element_type=\"widget\" data-e-type=\"widget\" data-widget_type=\"text-editor.default\">\n\t\t\t\t<div class=\"elementor-widget-container\">\n\t\t\t\t\t\t\t\t\t<p><b>Specialisten<\/b><\/p><p><b>Neurologie<\/b><\/p><p><span style=\"font-weight: 400;\">Dr. Jos\u00e9 Javier Hern\u00e1ndez Mart\u00ednez<\/span><span style=\"font-weight: 400;\"><br \/><\/span><span style=\"font-weight: 400;\">Dra. Leticia Berenguer Ruiz<\/span><span style=\"font-weight: 400;\"><br \/><\/span><span style=\"font-weight: 400;\">Dra. M\u00aa Empar Blanco Cant\u00f3<\/span><span style=\"font-weight: 400;\"><br \/><\/span><span style=\"font-weight: 400;\">Dra. Paloma Gonzalez Belmar<\/span><\/p><p><b>Neuroradiologie<\/b><\/p><p><span style=\"font-weight: 400;\">Dr. Jos\u00e9 Ignacio Gallego<\/span><\/p><p><span style=\"font-weight: 400;\">Dr. Federico Ballenilla<\/span><\/p><p><span style=\"font-weight: 400;\">Dr. Georgio Barbieri<\/span><\/p>\t\t\t\t\t\t\t\t<\/div>\n\t\t\t\t<\/div>\n\t\t\t\t\t<\/div>\n\t\t<\/div>\n\t\t\t\t\t<\/div>\n\t\t<\/section>\n\t\t\t\t<\/div>\n\t\t","protected":false},"excerpt":{"rendered":"<p>HCB Hospitales HCB Stroke Center (Centrum voor Integrale Zorg van Beroerte) HCB Stroke Center\u00a0beschikt over al de nodige specialisten voor een\u00a0snelle diagnose en behandeling van een beroerte:\u00a0ambulance service, spoedeisende hulp, neurologie, neurochirurgie, radiologie, ICU, bloedbank, interventie neuroradiologie, cardiologie, fysiotherapie, revalidatie, logopedie en de meest geavanceerde technologie. Met de integratie van\u00a0Tele ICTUS, stelt HCB ter beschikking [&hellip;]<\/p>\n","protected":false},"author":2,"featured_media":0,"parent":22481,"menu_order":0,"comment_status":"closed","ping_status":"closed","template":"","meta":{"_acf_changed":false,"footnotes":""},"class_list":["post-11126","page","type-page","status-publish","hentry"],"acf":[],"_links":{"self":[{"href":"https:\/\/hcbhospitales.com\/nl\/wp-json\/wp\/v2\/pages\/11126","targetHints":{"allow":["GET"]}}],"collection":[{"href":"https:\/\/hcbhospitales.com\/nl\/wp-json\/wp\/v2\/pages"}],"about":[{"href":"https:\/\/hcbhospitales.com\/nl\/wp-json\/wp\/v2\/types\/page"}],"author":[{"embeddable":true,"href":"https:\/\/hcbhospitales.com\/nl\/wp-json\/wp\/v2\/users\/2"}],"replies":[{"embeddable":true,"href":"https:\/\/hcbhospitales.com\/nl\/wp-json\/wp\/v2\/comments?post=11126"}],"version-history":[{"count":0,"href":"https:\/\/hcbhospitales.com\/nl\/wp-json\/wp\/v2\/pages\/11126\/revisions"}],"up":[{"embeddable":true,"href":"https:\/\/hcbhospitales.com\/nl\/wp-json\/wp\/v2\/pages\/22481"}],"wp:attachment":[{"href":"https:\/\/hcbhospitales.com\/nl\/wp-json\/wp\/v2\/media?parent=11126"}],"curies":[{"name":"wp","href":"https:\/\/api.w.org\/{rel}","templated":true}]}}