{"id":10906,"date":"2022-06-16T10:57:54","date_gmt":"2022-06-16T08:57:54","guid":{"rendered":"https:\/\/hcbhospitales.com\/?page_id=10906"},"modified":"2022-07-05T09:38:49","modified_gmt":"2022-07-05T09:38:49","slug":"privacybeleid","status":"publish","type":"page","link":"https:\/\/hcbhospitales.com\/nl\/privacybeleid\/","title":{"rendered":"Privacybeleid"},"content":{"rendered":"\t\t<div data-elementor-type=\"wp-page\" data-elementor-id=\"10906\" class=\"elementor elementor-10906 elementor-9950\" data-elementor-post-type=\"page\">\n\t\t\t\t\t\t<section class=\"elementor-section elementor-top-section elementor-element elementor-element-4069ec5 elementor-section-boxed elementor-section-height-default elementor-section-height-default\" data-id=\"4069ec5\" data-element_type=\"section\" data-e-type=\"section\" data-settings=\"{&quot;jet_parallax_layout_list&quot;:[]}\">\n\t\t\t\t\t\t<div class=\"elementor-container elementor-column-gap-default\">\n\t\t\t\t\t<div class=\"elementor-column elementor-col-100 elementor-top-column elementor-element elementor-element-df4da08\" data-id=\"df4da08\" data-element_type=\"column\" data-e-type=\"column\">\n\t\t\t<div class=\"elementor-widget-wrap elementor-element-populated\">\n\t\t\t\t\t\t<div class=\"elementor-element elementor-element-d85f5a3 elementor-widget elementor-widget-heading\" data-id=\"d85f5a3\" data-element_type=\"widget\" data-e-type=\"widget\" data-widget_type=\"heading.default\">\n\t\t\t\t<div class=\"elementor-widget-container\">\n\t\t\t\t\t<h2 class=\"elementor-heading-title elementor-size-default\">Privacybeleid<\/h2>\t\t\t\t<\/div>\n\t\t\t\t<\/div>\n\t\t\t\t<div class=\"elementor-element elementor-element-fd0c800 elementor-widget elementor-widget-text-editor\" data-id=\"fd0c800\" data-element_type=\"widget\" data-e-type=\"widget\" data-widget_type=\"text-editor.default\">\n\t\t\t\t<div class=\"elementor-widget-container\">\n\t\t\t\t\t\t\t\t\t<p>De conformidad con lo establecido en el Art\u00edculo 13 del Reglamento (UE) 2016\/679 del Parlamento Europeo y del Consejo de 27 de abril de 2016 relativo a la protecci\u00f3n de las personas f\u00edsicas en lo que respecta al tratamiento de datos personales y a la libre circulaci\u00f3n de estos y por el que se deroga la Directiva 95\/46\/CE (Reglamento General de Protecci\u00f3n de Datos), se facilita a los usuarios la siguiente informaci\u00f3n:<\/p><ul><li>\u00bfQui\u00e9n es el Responsable del tratamiento de sus datos?<\/li><\/ul><table><tbody><tr><td width=\"149\"><strong>TITULAR:<\/strong><\/td><td width=\"276\">Centro Medico Salus Baleares S.L.<\/td><\/tr><tr><td width=\"149\"><strong>CIF:<\/strong><\/td><td width=\"276\">B07060478<\/td><\/tr><tr><td width=\"149\"><strong>DOMICILIO SOCIAL<\/strong><\/td><td width=\"276\">Avenida Alfonso Puchades, 8 de Benidorm 03501 (Alicante)<\/td><\/tr><tr><td width=\"149\"><strong>TEL\u00c9FONO<\/strong><\/td><td width=\"276\">965 85 38 50<\/td><\/tr><tr><td width=\"149\"><strong>CORREO ELECTR\u00d3NICO<\/strong><\/td><td width=\"276\"><a href=\"mailto:rgpd@clinicabenidorm.com\">rgpd@clinicabenidorm.com<\/a><\/td><\/tr><tr><td width=\"149\"><strong>DPD<\/strong><\/td><td width=\"276\"><a href=\"mailto:dpd.hcb@sothis.tech\">dpd.hcb@sothis.tech<\/a><\/td><\/tr><\/tbody><\/table><p>\u00a0<\/p><ul><li>\u00bfCon qu\u00e9 finalidad tratamos sus datos personales y cual es la base de legitimaci\u00f3n que lo sustenta?<\/li><\/ul><p>En Centro Medico Salus Baleares S.L.\u00a0recogemos y tratamos los datos de car\u00e1cer personal que nos facilita con las siguiente finalidades:<\/p><table width=\"425\"><tbody><tr><td colspan=\"2\" width=\"425\"><p><strong>PACIENTES Y USUARIOS WEB<\/strong><\/p><\/td><\/tr><tr><td width=\"205\"><p><strong>FINALIDAD<\/strong><\/p><\/td><td width=\"220\"><p><strong>BASE DE LEGITIMACI\u00d3N<\/strong><\/p><\/td><\/tr><tr><td width=\"205\"><ul><li>Gesti\u00f3n administrativa.<\/li><li>Prestaci\u00f3n de servicios sanitarios y asistenciales del centro hospitalario.<\/li><li>Prevenci\u00f3n de la salud.<\/li><li>Diagn\u00f3stico m\u00e9dico.<\/li><li>Gesti\u00f3n de citas previas.<\/li><\/ul><\/td><td width=\"220\"><ul><li>Ejecuci\u00f3n de contrato.<\/li><li>Intereses vitales del interesado o de otras personas<\/li><li>Obligaci\u00f3n legal.<\/li><\/ul><\/td><\/tr><tr><td width=\"205\"><ul><li>Captaci\u00f3n de im\u00e1genes a trav\u00e9s de sistemas de videovigilancia para preservar la seguridad de las instalaciones.<\/li><\/ul><\/td><td width=\"220\"><ul><li>Inter\u00e9s leg\u00edtimo.<\/li><\/ul><\/td><\/tr><tr><td width=\"205\"><ul><li>Env\u00edo de comunicaciones con fines publicitarios y de prospecci\u00f3n comercial.<\/li><\/ul><\/td><td width=\"220\"><ul><li>Consentimiento del interesado.<\/li><\/ul><\/td><\/tr><tr><td width=\"205\"><ul><li>Atenci\u00f3n de consultas y solicitudes.<\/li><\/ul><\/td><td width=\"220\"><ul><li>Ejecuci\u00f3n de contrato.<\/li><li>Adopci\u00f3n de medidas precontractuales.<\/li><\/ul><\/td><\/tr><\/tbody><\/table><p>\u00a0<\/p><table width=\"425\"><tbody><tr><td colspan=\"2\" width=\"425\"><p><strong>CANDIDATOS<\/strong><\/p><\/td><\/tr><tr><td width=\"205\"><p><strong>FINALIDAD<\/strong><\/p><\/td><td width=\"220\"><p><strong>BASE DE LEGITIMACI\u00d3N<\/strong><\/p><\/td><\/tr><tr><td width=\"205\"><ul><li>Gesti\u00f3n de candidatos mediante el env\u00edo del CV con la finalidad de informar, evaluar y gestionar solicitudes de vacantes.<\/li><\/ul><\/td><td width=\"220\"><ul><li>Consentimiento del interesado.<\/li><\/ul><\/td><\/tr><\/tbody><\/table><p>\u00a0<\/p><table width=\"425\"><tbody><tr><td colspan=\"2\" width=\"425\"><p><strong>PERSONAS CON ACCESO A LAS INSTALACIONES (VIDEOVIGILANCIA)<\/strong><\/p><\/td><\/tr><tr><td width=\"205\"><p><strong>FINALIDAD<\/strong><\/p><\/td><td width=\"220\"><p><strong>BASE DE LEGITIMACI\u00d3N<\/strong><\/p><\/td><\/tr><tr><td width=\"205\"><ul><li>Captaci\u00f3n de im\u00e1genes a trav\u00e9s de sistemas de videovigilancia para preservar la seguridad de las instalaciones.<\/li><\/ul><\/td><td width=\"220\"><ul><li>Inter\u00e9s leg\u00edtimo.<\/li><\/ul><\/td><\/tr><\/tbody><\/table><p>\u00a0<\/p><ul><li>\u00bfC\u00f3mo hemos obtenido sus datos y por cuanto tiempo conservamos sus datos personales?<\/li><\/ul><p>Los datos personales han sido proporcionados por usted a trav\u00e9s de los formularios cumplimentados durante las visitas a la cl\u00ednica y en la p\u00e1gina web, y se conservar\u00e1n durante el tiempo necesario para la realizaci\u00f3n de las finalidades para las que fueron recogidos, mientras no ejerza su derecho de supresi\u00f3n o revocaci\u00f3n de consentimiento.<\/p><p>En dicho caso, sus datos ser\u00e1n bloqueados y conservados para atender a las posibles responsabilidades derivadas del tratamiento conforme a los plazos legalmente establecidos.<\/p><p>Respecto a la gesti\u00f3n de candidatos, los CV ser\u00e1n conservados durante 2 a\u00f1os desde la \u00faltima actualizaci\u00f3n del mismo. A partir de este periodo, se suprimir\u00e1n los que no hayan sido actualizados excepto que nos solicite lo contrario.<\/p><ul><li>\u00bfA que destinatarios se comunicar\u00e1n sus datos pesonales?<\/li><\/ul><p>Los datos personales tratados se comunicar\u00e1n al resto de empresas del grupo y, en especial, los datos de Pacientes pueden ser comunicados a los siguientes destinarios:<\/p><ol><li>Hospitales p\u00fablicos.<\/li><li>Fuerzas y cuerpos de Seguridad del Estado.<\/li><li>Oficina de consumidores y usuarios ante alguna reclamaci\u00f3n.<\/li><li>Proveedores de servicios.<\/li><li>Compa\u00f1\u00edas de seguros.<\/li><li>Bancos y entidades financieras.<\/li><li>Entidades de informaci\u00f3n de solvencia crediticia y patrimonial.<\/li><li>A las administraciones p\u00fablicas a las que Centro Medico Salus Baleares S.L. tenga que facilitar informaci\u00f3n con motivo del cumplimiento de nuestras obligaciones legales.<\/li><\/ol><p>\u00a0<\/p><ul><li>\u00bfCu\u00e1les son sus derechos cuando nos facilita sus datos personales?<\/li><\/ul><p>Usted puede ejercer sus derechos por escrito adjuntando una copia de su DNI o documentaci\u00f3n que el identifique en la siguiente direcci\u00f3n: Avenida Alfonso Puchades, 8 de Benidorm 03501 (Alicante) o por correo electr\u00f3nico a\u00a0<a href=\"mailto:rgpd@clinicabenidorm.com\">rgpd@clinicabenidorm.com<\/a>.<\/p><p>Asimismo, le informamos que cuando no haya obtenido satisfacci\u00f3n en el ejercicio de sus derechos o la forma de ejercerlos podr\u00e1 presentar una reclamaci\u00f3n ante la Autoridad de Control. Si quiere conocer m\u00e1s informaci\u00f3n sobre este derecho y como ejercerlo puede dirigirse a la AGPD:<\/p><ul><li><a href=\"http:\/\/www.agpd.es\/\" target=\"_blank\" rel=\"noopener\">http:\/\/www.agpd.es<\/a>\u00a0901 100 099 y 912 663 517. C\/ Jorge Juan, 6, 28001 Madrid.<\/li><\/ul><p>Las personas interesadas tienen derecho a acceder a sus datos personales, as\u00ed como a solicitar la rectificaci\u00f3n de los datos inexactos o, en su caso, solicitar su supresi\u00f3n cuando, entre otros motivos, los datos ya no sean necesarios para los fines que fueron recogidos.<\/p><p>En determinadas circunstancias, los interesados podr\u00e1n solicitar la limitaci\u00f3n del tratamiento de sus datos, en cuyo caso \u00fanicamente los conservaremos para el ejercicio o la defensa de reclamaciones.<\/p><p>En determinadas circunstancias y por motivos relacionados con su situaci\u00f3n particular, los interesados podr\u00e1n oponerse oponerse al tratamiento de sus datos. Centro Medico Salus Baleares S.L. dejar\u00e1 de tratar los datos, salvo por motivos leg\u00edtimos imperiosos, o el ejercicio o la defensa de posibles reclamaciones.<\/p><p>En determinadas circunstancias, el interesado tendr\u00e1 derecho a recibir los datos personales que le incumban, que nos haya facilitado, en un formato estructurado, de uso com\u00fan y lectura mec\u00e1nica, y a transmitirlos a otro responsable del tratamiento.<\/p><p>Las personas interesadas tendr\u00e1n derecho a oponerse, por motivos relacionados con su situaci\u00f3n particular y sin que existan motivos leg\u00edtimos que prevalezcan sobre los interesas, derechos y libertades del interesado, a que los datos personales que le conciernan sean objeto de tratamiento basado en el cumplimiento de una misi\u00f3n realizada en inter\u00e9s p\u00fablico o en el ejercicio de poderes p\u00fablicos o para la satisfacci\u00f3n de intereses leg\u00edtimos de Centro M\u00e9dico Salus Baleares S.L., incluida la elaboraci\u00f3n de perfiles.<\/p>\t\t\t\t\t\t\t\t<\/div>\n\t\t\t\t<\/div>\n\t\t\t\t\t<\/div>\n\t\t<\/div>\n\t\t\t\t\t<\/div>\n\t\t<\/section>\n\t\t\t\t<\/div>\n\t\t","protected":false},"excerpt":{"rendered":"","protected":false},"author":2,"featured_media":0,"parent":0,"menu_order":0,"comment_status":"closed","ping_status":"closed","template":"elementor_header_footer","meta":{"_acf_changed":false,"footnotes":""},"class_list":["post-10906","page","type-page","status-publish","hentry"],"acf":[],"_links":{"self":[{"href":"https:\/\/hcbhospitales.com\/nl\/wp-json\/wp\/v2\/pages\/10906","targetHints":{"allow":["GET"]}}],"collection":[{"href":"https:\/\/hcbhospitales.com\/nl\/wp-json\/wp\/v2\/pages"}],"about":[{"href":"https:\/\/hcbhospitales.com\/nl\/wp-json\/wp\/v2\/types\/page"}],"author":[{"embeddable":true,"href":"https:\/\/hcbhospitales.com\/nl\/wp-json\/wp\/v2\/users\/2"}],"replies":[{"embeddable":true,"href":"https:\/\/hcbhospitales.com\/nl\/wp-json\/wp\/v2\/comments?post=10906"}],"version-history":[{"count":0,"href":"https:\/\/hcbhospitales.com\/nl\/wp-json\/wp\/v2\/pages\/10906\/revisions"}],"wp:attachment":[{"href":"https:\/\/hcbhospitales.com\/nl\/wp-json\/wp\/v2\/media?parent=10906"}],"curies":[{"name":"wp","href":"https:\/\/api.w.org\/{rel}","templated":true}]}}