{"id":10902,"date":"2022-06-16T10:57:16","date_gmt":"2022-06-16T08:57:16","guid":{"rendered":"https:\/\/hcbhospitales.com\/?page_id=10902"},"modified":"2022-07-05T09:34:23","modified_gmt":"2022-07-05T09:34:23","slug":"wettelijke-kennisgeving","status":"publish","type":"page","link":"https:\/\/hcbhospitales.com\/nl\/wettelijke-kennisgeving\/","title":{"rendered":"Wettelijke kennisgeving"},"content":{"rendered":"\t\t<div data-elementor-type=\"wp-page\" data-elementor-id=\"10902\" class=\"elementor elementor-10902 elementor-9948\" data-elementor-post-type=\"page\">\n\t\t\t\t\t\t<section class=\"elementor-section elementor-top-section elementor-element elementor-element-f01d7a0 elementor-section-boxed elementor-section-height-default elementor-section-height-default\" data-id=\"f01d7a0\" data-element_type=\"section\" data-e-type=\"section\" data-settings=\"{&quot;jet_parallax_layout_list&quot;:[]}\">\n\t\t\t\t\t\t<div class=\"elementor-container elementor-column-gap-default\">\n\t\t\t\t\t<div class=\"elementor-column elementor-col-100 elementor-top-column elementor-element elementor-element-3369b72\" data-id=\"3369b72\" data-element_type=\"column\" data-e-type=\"column\">\n\t\t\t<div class=\"elementor-widget-wrap elementor-element-populated\">\n\t\t\t\t\t\t<div class=\"elementor-element elementor-element-0185cea elementor-widget elementor-widget-heading\" data-id=\"0185cea\" data-element_type=\"widget\" data-e-type=\"widget\" data-widget_type=\"heading.default\">\n\t\t\t\t<div class=\"elementor-widget-container\">\n\t\t\t\t\t<h2 class=\"elementor-heading-title elementor-size-default\">Wettelijke kennisgeving<\/h2>\t\t\t\t<\/div>\n\t\t\t\t<\/div>\n\t\t\t\t<div class=\"elementor-element elementor-element-1a6aa73 elementor-widget elementor-widget-text-editor\" data-id=\"1a6aa73\" data-element_type=\"widget\" data-e-type=\"widget\" data-widget_type=\"text-editor.default\">\n\t\t\t\t<div class=\"elementor-widget-container\">\n\t\t\t\t\t\t\t\t\t<ul><li><h4><strong>Identificaci\u00f3n de la raz\u00f3n social del responsable del fichero<\/strong><\/h4><\/li><\/ul><p>De acuerdo con la Ley 34\/2002 de 11 de julio de servicios de la sociedad de la informaci\u00f3n y de comercio electr\u00f3nico ponemos en su conocimiento los datos sociales de la entidad:<\/p><ul><li><strong>Raz\u00f3n social:<\/strong>\u00a0<strong>CENTRO M\u00c9DICO SALUS BALEARES SL<\/strong><\/li><li><strong>Residencia:<\/strong>\u00a0<strong>Espa\u00f1a<\/strong><\/li><li><strong>Tel\u00e9fonos:<\/strong>\u00a0<strong>96 585 38 50<\/strong><\/li><li><strong>E-mail<\/strong>:\u00a0<strong>hospital@clinicabenidorm.com<\/strong><\/li><li><strong>Domicilio:\u00a0<\/strong><strong>Avenida Alfonso Puchades, 8<\/strong><strong>\u00a0de Benidorm 03501 (Alicante).<\/strong><\/li><li><strong>N.I.F\/C.I.F<\/strong>.:\u00a0<strong>B07060478<\/strong><\/li><li><strong>Objeto<\/strong>:\u00a0<strong>sanidad<\/strong><\/li><li><strong>Datos Reg\u00edstrales:<\/strong>\u00a0<strong>INSCRITA en el Registro Mercantil de Baleares, al Tomo 563, Libro 482 de la Secci\u00f3n 3\u00aa de sociedades, folio 145, hoja n\u00famero 12.422, inscripci\u00f3n primera.<\/strong><\/li><\/ul><p>\u00a0<\/p><ul><li><h4><strong>Informaci\u00f3n general.<\/strong><\/h4><\/li><\/ul><p>Estas condiciones generales regulan el uso del servicio del web site https:\/\/www.clinicabenidorm.com\/ cuyo titular es\u00a0<strong>CENTRO M\u00c9DICO SALUS BALEARES SL<\/strong>\u00a0disponible de forma gratuita para los usuarios de Internet y su visualizaci\u00f3n no requiere de previa suscripci\u00f3n o registro alguno. No obstante, la contrataci\u00f3n de determinados servicios o productos s\u00ed requiere el registro del Usuario en la Web. La utilizaci\u00f3n de nuestra Web le atribuye la condici\u00f3n de usuario y supone la aceptaci\u00f3n plena y sin reservas por el Usuario de todas y cada una de las Condiciones Generales en la versi\u00f3n publicada por\u00a0<strong>CENTRO M\u00c9DICO SALUS BALEARES SL<\/strong>\u00a0en el momento mismo en que el Usuario acceda a nuestro Web Site, as\u00ed como de nuestra pol\u00edtica de privacidad y tratamiento de datos personales. El Usuario debe leer atentamente las Condiciones Generales en cada una de las ocasiones en que se proponga utilizar nuestra Web. Asimismo, la utilizaci\u00f3n del Servicio se encuentra sometida igualmente a todos los avisos, reglamentos de uso e instrucciones puestos en conocimiento del Usuario por\u00a0<strong>CENTRO M\u00c9DICO SALUS BALEARES SL<\/strong>\u00a0previsto en estas Condiciones Generales en cuanto no se opongan a ellas.<\/p><p>El Usuario registrado podr\u00e1 en todo momento darse de baja de forma autom\u00e1tica como Usuario de la web, sin que dicha decisi\u00f3n pueda tener car\u00e1cter retroactivo, por Internet o por tel\u00e9fono en el n\u00famero<strong>\u00a096 585 38 50\u00a0<\/strong>o por correo electr\u00f3nico a la direcci\u00f3n\u00a0<strong>hospital@clinicabenidorm.com<\/strong><br \/><strong>CENTRO M\u00c9DICO SALUS BALEARES SL<\/strong>\u00a0se reserva el derecho a denegar o retirar el acceso a su WebSite, en cualquier momento y sin necesidad de preaviso, a aquellos Usuarios que incumplan las presentes Condiciones Generales, as\u00ed como las Condiciones Particulares que resulten de aplicaci\u00f3n.<\/p><ul><li><h4><strong>Condiciones Generales<\/strong><\/h4><\/li><\/ul><p>Con car\u00e1cter general, el Usuario se obliga al cumplimiento de las presentes condiciones y t\u00e9rminos de uso, y obrar siempre conforme a la ley, a las buenas costumbres y a las exigencias de la buena fe, empleando la diligencia adecuada a la naturaleza del servicio del que disfruta, absteni\u00e9ndose de utilizar el sitio https:\/\/www.clinicabenidorm.com\/ , de cualquier forma que pueda impedir, da\u00f1ar o deteriorar el normal funcionamiento del mismo, los bienes o derechos\u00a0<strong>CENTRO M\u00c9DICO SALUS BALEARES SL<\/strong>, del resto de Usuarios o en general de cualquier tercero.<\/p><p>En particular, y sin que ello implique restricci\u00f3n alguna a la obligaci\u00f3n asumida por el Usuario con car\u00e1cter general de conformidad con el apartado anterior, el Usuario se obliga, en la utilizaci\u00f3n de https:\/\/www.clinicabenidorm.com\/ a:<\/p><ul><li>No introducir, almacenar o difundir en o desde el sitio web, cualquier informaci\u00f3n o material que fuera difamatorio, injurioso, obsceno, amenazador, xen\u00f3fobo, incite a la violencia a la discriminaci\u00f3n por raz\u00f3n de raza, sexo, ideolog\u00eda, religi\u00f3n o que de cualquier forma atente contra la moral, el orden p\u00fablico, los derechos fundamentales, las libertas p\u00fablicas, el honor, la intimidad o la imagen de terceros y en general la normativa vigente.<\/li><li>No introducir, almacenar o difundir mediante el sitio web ning\u00fan programa de ordenador, datos, virus, c\u00f3digo, equipo de hardware o de telecomunicaciones o cualquier otro instrumento o dispositivo electr\u00f3nico o f\u00edsico que sea susceptible de causar da\u00f1os en el sitio web, en cualquiera de los servicios, o en cualquiera de los equipos, sistemas o redes de\u00a0<strong>CENTRO M\u00c9DICO SALUS BALEARES SL<\/strong>, de cualquier Usuario, o en general de cualquier tercero. O que de cualquier otra forma sea capaz de causarles cualquier tipo de alteraci\u00f3n o impedir el normal funcionamiento de los mismos.<\/li><li>El Usuario debe de custodiar adecuadamente el \u00abNombre de Usuario\u00bb y la \u00abContrase\u00f1a\u00bb que le sea facilitada por\u00a0<strong>CENTRO M\u00c9DICO SALUS BALEARES SL<\/strong><strong>,<\/strong>\u00a0como elementos identificadores y habilitadores para el acceso a los distintos servicios ofrecidos en el sitio Web, comprometi\u00e9ndose a no ceder su uso ni a permitir el acceso a ellos de terceros, asumiendo la responsabilidad por los da\u00f1os y perjuicios que pudieran derivarse de un uso indebido de los mismos. Se recomienda la utilizaci\u00f3n de contrase\u00f1as robustas y complejas para que no sea f\u00e1cilmente inteligible. Asimismo, se recomienda la utilizaci\u00f3n de caracteres alfab\u00e9ticos y num\u00e9ricos para la contrase\u00f1a. El Usuario responder\u00e1 de los gastos y de los da\u00f1os y perjuicios ocasionados por la utilizaci\u00f3n de los Servicios por cualquier tercero que emplee al efecto su\/s contrase\u00f1a\/s y nombre\/s de usuario\/s gracias a una utilizaci\u00f3n no diligente o a la p\u00e9rdida de los mismos por el Usuario<\/li><li>No destruir, alterar, utilizar para su uso, inutilizar o da\u00f1ar los datos, informaciones, programas o documentos electr\u00f3nicos de\u00a0<strong>CENTRO M\u00c9DICO SALUS BALEARES SL<\/strong>\u00a0o terceros.<\/li><li>El Usuario no obstaculizar\u00e1 el uso del Servicio\u00a0<strong>CENTRO M\u00c9DICO SALUS BALEARES SL<\/strong>\u00a0de otro Usuario ni el uso de servicios similares por parte de otra entidad.<\/li><li>El Usuario en especial deber\u00e1 de abstenersea realizar cualquier acto contrario a las normas que regulan, la protecci\u00f3n de datos de car\u00e1cter personal, el mercado y los consumidores, la Propiedad Intelectual, las normas de car\u00e1cter fiscal, y el honor, la intimidad y la imagen y buen nombre de personas o entidades.<\/li><li>El Usuario tiene prohibido suprimir, eludir o manipular el \u201ccopyright\u201d y dem\u00e1s datos\u00a0identificativos\u00a0de los derechos de\u00a0<strong>CENTRO M\u00c9DICO SALUS BALEARES SL<\/strong>\u00a0o de sus titulares incorporados a los Contenidos, as\u00ed como los dispositivos t\u00e9cnicos de protecci\u00f3n y cualesquiera mecanismos de informaci\u00f3n que pudieren contener los Contenidos<\/li><\/ul><p><strong>\u00a0<\/strong><\/p><p><strong>CENTRO M\u00c9DICO SALUS BALEARES SL<\/strong>\u00a0podr\u00e1, seg\u00fan su propio criterio, dar por terminado el servicio en forma inmediata, si la conducta del Usuario no fuera conforme con los t\u00e9rminos y condiciones expuestas en la presente.<\/p><p><strong>CENTRO M\u00c9DICO SALUS BALEARES SL<\/strong>\u00a0se reserva el derecho a realizar cambios en el Portal sin previo aviso, con el objeto de actualizar, corregir, modificar, a\u00f1adir o eliminar los contenidos del Portal o de su dise\u00f1o. Los contenidos del Portal se actualizan peri\u00f3dicamente. Debido a que la actualizaci\u00f3n de la informaci\u00f3n no es inmediata, le sugerimos que compruebe siempre la vigencia y exactitud de la informaci\u00f3n contenida en el Portal.<\/p><p><strong>CENTRO M\u00c9DICO SALUS BALEARES SL<\/strong>\u00a0podr\u00e1, en todo momento y sin previo aviso, modificar las presentes Condiciones Generales, as\u00ed como las Condiciones Particulares que, en su caso, se incluyan, mediante la publicaci\u00f3n de dichas modificaciones en el sitio web con el fin de que puedan ser conocidas por los Usuarios.<\/p><ol start=\"4\"><li>Propiedad intelectual e industrial<\/li><li>La estructura, dise\u00f1o y forma de presentaci\u00f3n de los elementos [gr\u00e1ficos, im\u00e1genes, ficheros, logotipos, combinaciones de colores y cualquier elemento susceptible de protecci\u00f3n] est\u00e1n protegidos por derechos de propiedad intelectual titularidad de\u00a0<strong>CENTRO M\u00c9DICO SALUS BALEARES SL<\/strong>.<\/li><\/ol><p>Est\u00e1n prohibidas la reproducci\u00f3n, la transformaci\u00f3n, distribuci\u00f3n, comunicaci\u00f3n p\u00fablica, puesta a disposici\u00f3n del p\u00fablico y, en general, cualquier otra forma de explotaci\u00f3n, parcial o total de los elementos referidos en el apartado anterior. Estos actos de explotaci\u00f3n s\u00f3lo podr\u00e1n ser realizados en virtud de autorizaci\u00f3n expresa de\u00a0<strong>CENTRO M\u00c9DICO SALUS BALEARES SL<\/strong>\u00a0y que, en todo caso, deber\u00e1n hacer referencia expl\u00edcita a la titularidad de los citados derechos de propiedad intelectual de\u00a0<strong>CENTRO M\u00c9DICO SALUS BALEARES SL<\/strong>. S\u00f3lo estar\u00e1 autorizado a la reproducci\u00f3n [impresi\u00f3n o descarga] para uso privado de los contenidos dispuestos en el sitio web.<\/p><ol start=\"2\"><li>No se permite la utilizaci\u00f3n de los signos distintivos [marcas, nombres comerciales], salvo autorizaci\u00f3n expresa de los leg\u00edtimos titulares.<\/li><li>Exoneraci\u00f3n de responsabilidad.<\/li><\/ol><p><strong>CENTRO M\u00c9DICO SALUS BALEARES SL<\/strong>\u00a0no ser\u00e1 responsable:<\/p><p>Con car\u00e1cter general, respecto del uso inadecuado del sitio web titularidad de\u00a0<strong>CENTRO M\u00c9DICO SALUS BALEARES SL<\/strong>.- Los usuarios deber\u00e1n realizar un uso adecuado del sitio web, de acuerdo con las condiciones y t\u00e9rminos anteriores, sin que ninguna responsabilidad pueda tener\u00a0<strong>CENTRO M\u00c9DICO SALUS BALEARES SL<\/strong>\u00a0por la utilizaci\u00f3n indebida.<\/p><p>Respecto de posibles deficiencias t\u00e9cnicas. \u2013\u00a0<strong>CENTRO M\u00c9DICO SALUS BALEARES SL<\/strong>\u00a0no ser\u00e1 responsable en ning\u00fan caso de las alteraciones en el servicio que se produzcan por fallos en la red el\u00e9ctrica, en la red de conexi\u00f3n de datos, en el servidor o en cualesquiera prestaciones.<\/p><p>Respecto al acceso por terceros a su sistema\u00a0<strong>CENTRO M\u00c9DICO SALUS BALEARES SL<\/strong>\u00a0adoptar\u00e1 las cautelas t\u00e9cnicas necesarias a fin de proteger los datos e informaci\u00f3n a la que se accede, pero sin que sea responsable de actuaciones de terceros que, vulnerando las medidas de seguridad establecidas, accedan a los citados datos.<\/p><p>Esta p\u00e1gina web puede contener enlaces a otras p\u00e1ginas de terceras partes cuyo contenido\u00a0<strong>CENTRO M\u00c9DICO SALUS BALEARES SL<\/strong>\u00a0no puede controlar. Su inclusi\u00f3n responde a fines informativos, no implicando la aceptaci\u00f3n o garant\u00eda por parte de\u00a0<strong>CENTRO M\u00c9DICO SALUS BALEARES SL<\/strong>de los contenidos de dichas p\u00e1ginas web. Por ello,\u00a0<strong>CENTRO M\u00c9DICO SALUS BALEARES SL<\/strong>\u00a0rechaza toda responsabilidad en relaci\u00f3n con los mismos, as\u00ed como por los da\u00f1os que pudieran causarse por cualquier motivo en su sistema inform\u00e1tico (equipo y aplicaciones), documentos o ficheros.\u00a0<strong>CENTRO M\u00c9DICO SALUS BALEARES SL<\/strong>\u00a0en la medida en la que lo permita la legislaci\u00f3n aplicable, no garantiza la fiabilidad, disponibilidad o continuidad del funcionamiento de esta p\u00e1gina web ni de su contenido por motivos t\u00e9cnicos, de seguridad, control o mantenimiento del servicio, por fallos debidos al servidor que aloja los contenidos o de otros intermediarios o proveedores, por ataques contra el sistema inform\u00e1tico, ni por cualesquiera otros motivos que se deriven de causas que escapen a su control, por lo que se exime de cualquier responsabilidad, directa o indirecta, por los mismos.<\/p><p><strong>CENTRO M\u00c9DICO SALUS BALEARES SL<\/strong>\u00a0no se hace responsable de los fallos, errores o da\u00f1os, directos o indirectos, que puedan causarse al sistema inform\u00e1tico del usuario o a los ficheros o documentos almacenados en el mismo, que sean causados o se deriven de la capacidad o calidad de su sistema inform\u00e1tico o de la presencia de un virus o cualquier otra aplicaci\u00f3n inform\u00e1tica da\u00f1ina en el ordenador que sea utilizado para la conexi\u00f3n a los contenidos de la web, de la calidad de su conexi\u00f3n o acceso a Internet, por un mal funcionamiento de su navegador, o por el uso de aplicaciones inform\u00e1ticas cuyas versiones no est\u00e9n actualizadas o no se obtenga la correspondiente licencia de usuario.<\/p><p><strong>CENTRO M\u00c9DICO SALUS BALEARES SL<\/strong>\u00a0queda exonerado de responsabilidad por cualquier reclamaci\u00f3n respecto a los derechos de propiedad intelectual de los art\u00edculos e im\u00e1genes publicadas en su portal, as\u00ed como, no garantiza la exactitud, veracidad y vigencia de los contenidos de esta p\u00e1gina web, ya sean propios, de terceros, o enlazables a otras websites, quedando totalmente exonerada de cualquier responsabilidad derivada del uso de la mismos<\/p><p><strong>CENTRO M\u00c9DICO SALUS BALEARES SL<\/strong>\u00a0queda exonerada de cualquier responsabilidad derivada de cualquier reclamaci\u00f3n, incluido el pago de honorarios a abogados, por las demandas y reclamaciones originadas por terceros por el incumplimiento por parte del USUARIO de nuestras condiciones de uso, acceso y pol\u00edtica de privacidad, o cualquiera otra reclamaci\u00f3n por el incumplimiento de la legislaci\u00f3n vigente<\/p><ul><li><h4><strong>Legislaci\u00f3n.<\/strong><\/h4><\/li><\/ul><p>Con car\u00e1cter general las relaciones entre\u00a0<strong>CENTRO M\u00c9DICO SALUS BALEARES SL<\/strong>\u00a0con los Usuarios de sus servicios telem\u00e1ticos, presentes en este sitio Web, se encuentran sometidas a la legislaci\u00f3n y jurisdicci\u00f3n espa\u00f1olas, someti\u00e9ndose las partes para cualquier cuesti\u00f3n litigiosa derivada del presente acuerdo a los Juzgados y Tribunales de residencia del Usuario (Espa\u00f1a).<\/p><p>Si un tribunal competente considerara que alguna disposici\u00f3n o disposiciones del presente acuerdo fuese contraria a la ley, tal o tales disposiciones ser\u00e1n redactadas nuevamente de forma tal que reflejen lo m\u00e1s fielmente posible las intenciones de las partes, mientras las otras disposiciones se mantendr\u00e1n vigentes y aplicables.<\/p><p>En el supuesto de que alguna de las cl\u00e1usulas del presente Acuerdo resultara inv\u00e1lida o inaplicable, la parte v\u00e1lida o aplicable y las restantes disposiciones del Acuerdo se mantendr\u00e1n vigentes y aplicables.<\/p>\t\t\t\t\t\t\t\t<\/div>\n\t\t\t\t<\/div>\n\t\t\t\t\t<\/div>\n\t\t<\/div>\n\t\t\t\t\t<\/div>\n\t\t<\/section>\n\t\t\t\t<\/div>\n\t\t","protected":false},"excerpt":{"rendered":"","protected":false},"author":2,"featured_media":0,"parent":0,"menu_order":0,"comment_status":"closed","ping_status":"closed","template":"elementor_header_footer","meta":{"_acf_changed":false,"footnotes":""},"class_list":["post-10902","page","type-page","status-publish","hentry"],"acf":[],"_links":{"self":[{"href":"https:\/\/hcbhospitales.com\/nl\/wp-json\/wp\/v2\/pages\/10902","targetHints":{"allow":["GET"]}}],"collection":[{"href":"https:\/\/hcbhospitales.com\/nl\/wp-json\/wp\/v2\/pages"}],"about":[{"href":"https:\/\/hcbhospitales.com\/nl\/wp-json\/wp\/v2\/types\/page"}],"author":[{"embeddable":true,"href":"https:\/\/hcbhospitales.com\/nl\/wp-json\/wp\/v2\/users\/2"}],"replies":[{"embeddable":true,"href":"https:\/\/hcbhospitales.com\/nl\/wp-json\/wp\/v2\/comments?post=10902"}],"version-history":[{"count":0,"href":"https:\/\/hcbhospitales.com\/nl\/wp-json\/wp\/v2\/pages\/10902\/revisions"}],"wp:attachment":[{"href":"https:\/\/hcbhospitales.com\/nl\/wp-json\/wp\/v2\/media?parent=10902"}],"curies":[{"name":"wp","href":"https:\/\/api.w.org\/{rel}","templated":true}]}}