{"id":10854,"date":"2022-04-12T11:11:10","date_gmt":"2022-04-12T09:11:10","guid":{"rendered":"https:\/\/hcbhospitales.com\/?page_id=10854"},"modified":"2023-12-04T09:49:53","modified_gmt":"2023-12-04T08:49:53","slug":"wervelkolomcentrum","status":"publish","type":"page","link":"https:\/\/hcbhospitales.com\/nl\/referentie-eenheden\/wervelkolomcentrum\/","title":{"rendered":"Wervelkolomcentrum"},"content":{"rendered":"\t\t<div data-elementor-type=\"wp-page\" data-elementor-id=\"10854\" class=\"elementor elementor-10854 elementor-5383\" data-elementor-post-type=\"page\">\n\t\t\t\t\t\t<section class=\"elementor-section elementor-top-section elementor-element elementor-element-8ba004e elementor-section-boxed elementor-section-height-default elementor-section-height-default\" data-id=\"8ba004e\" data-element_type=\"section\" data-e-type=\"section\" data-settings=\"{&quot;jet_parallax_layout_list&quot;:[{&quot;jet_parallax_layout_image&quot;:{&quot;url&quot;:&quot;&quot;,&quot;id&quot;:&quot;&quot;,&quot;size&quot;:&quot;&quot;},&quot;_id&quot;:&quot;bfae6c3&quot;,&quot;jet_parallax_layout_image_tablet&quot;:{&quot;url&quot;:&quot;&quot;,&quot;id&quot;:&quot;&quot;,&quot;size&quot;:&quot;&quot;},&quot;jet_parallax_layout_image_mobile&quot;:{&quot;url&quot;:&quot;&quot;,&quot;id&quot;:&quot;&quot;,&quot;size&quot;:&quot;&quot;},&quot;jet_parallax_layout_speed&quot;:{&quot;unit&quot;:&quot;%&quot;,&quot;size&quot;:50,&quot;sizes&quot;:[]},&quot;jet_parallax_layout_type&quot;:&quot;scroll&quot;,&quot;jet_parallax_layout_direction&quot;:&quot;1&quot;,&quot;jet_parallax_layout_fx_direction&quot;:null,&quot;jet_parallax_layout_z_index&quot;:&quot;&quot;,&quot;jet_parallax_layout_bg_x&quot;:50,&quot;jet_parallax_layout_bg_x_tablet&quot;:&quot;&quot;,&quot;jet_parallax_layout_bg_x_mobile&quot;:&quot;&quot;,&quot;jet_parallax_layout_bg_y&quot;:50,&quot;jet_parallax_layout_bg_y_tablet&quot;:&quot;&quot;,&quot;jet_parallax_layout_bg_y_mobile&quot;:&quot;&quot;,&quot;jet_parallax_layout_bg_size&quot;:&quot;auto&quot;,&quot;jet_parallax_layout_bg_size_tablet&quot;:&quot;&quot;,&quot;jet_parallax_layout_bg_size_mobile&quot;:&quot;&quot;,&quot;jet_parallax_layout_animation_prop&quot;:&quot;transform&quot;,&quot;jet_parallax_layout_on&quot;:[&quot;desktop&quot;,&quot;tablet&quot;]}],&quot;background_background&quot;:&quot;gradient&quot;}\">\n\t\t\t\t\t\t<div class=\"elementor-container elementor-column-gap-default\">\n\t\t\t\t\t<div class=\"elementor-column elementor-col-100 elementor-top-column elementor-element elementor-element-2b0e3e0\" data-id=\"2b0e3e0\" data-element_type=\"column\" data-e-type=\"column\">\n\t\t\t<div class=\"elementor-widget-wrap elementor-element-populated\">\n\t\t\t\t\t\t<div class=\"elementor-element elementor-element-86a2fa8 elementor-widget elementor-widget-jet-breadcrumbs\" data-id=\"86a2fa8\" data-element_type=\"widget\" data-e-type=\"widget\" data-widget_type=\"jet-breadcrumbs.default\">\n\t\t\t\t<div class=\"elementor-widget-container\">\n\t\t\t\t\t<div class=\"elementor-jet-breadcrumbs jet-blocks\">\n\t\t<div class=\"jet-breadcrumbs\">\n\t\t<div class=\"jet-breadcrumbs__content\">\n\t\t<div class=\"jet-breadcrumbs__wrap\"><div class=\"jet-breadcrumbs__item\"><a href=\"https:\/\/hcbhospitales.com\/nl\/\" class=\"jet-breadcrumbs__item-link is-home\" rel=\"home\" title=\"Home\">Home<\/a><\/div>\n\t\t<\/div>\n\t\t<\/div>\n\t\t<\/div><\/div>\t\t\t\t<\/div>\n\t\t\t\t<\/div>\n\t\t\t\t<div class=\"elementor-element elementor-element-b0995b9 elementor-widget elementor-widget-image\" data-id=\"b0995b9\" data-element_type=\"widget\" data-e-type=\"widget\" data-widget_type=\"image.default\">\n\t\t\t\t<div class=\"elementor-widget-container\">\n\t\t\t\t\t\t\t\t\t\t\t\t\t\t\t<img fetchpriority=\"high\" decoding=\"async\" width=\"800\" height=\"600\" src=\"https:\/\/hcbhospitales.com\/wp-content\/uploads\/2022\/02\/unidades-de-referencia-5.jpg\" class=\"attachment-full size-full wp-image-5688\" alt=\"\" srcset=\"https:\/\/hcbhospitales.com\/wp-content\/uploads\/2022\/02\/unidades-de-referencia-5.jpg 800w, https:\/\/hcbhospitales.com\/wp-content\/uploads\/2022\/02\/unidades-de-referencia-5-300x225.jpg 300w, https:\/\/hcbhospitales.com\/wp-content\/uploads\/2022\/02\/unidades-de-referencia-5-768x576.jpg 768w\" sizes=\"(max-width: 800px) 100vw, 800px\" \/>\t\t\t\t\t\t\t\t\t\t\t\t\t\t\t<\/div>\n\t\t\t\t<\/div>\n\t\t\t\t<div class=\"elementor-element elementor-element-4a588bd elementor-widget elementor-widget-text-editor\" data-id=\"4a588bd\" data-element_type=\"widget\" data-e-type=\"widget\" data-widget_type=\"text-editor.default\">\n\t\t\t\t<div class=\"elementor-widget-container\">\n\t\t\t\t\t\t\t\t\t<p><b>WERVELKOLOMCENTRUM<\/b><\/p><p><span style=\"font-weight: 400;\">Het Wervelkolomcentrum van HCB Hospitales is een onderdeel van Neurochirurgie en behandelt met gebruik van de meest recente en innovatieve technologie en chirurgische technieken verschillende soorten rugklachten.<\/span><\/p><p><span style=\"font-weight: 400;\">Het <\/span><b>Wervelkolomcentrum van HCB<\/b><span style=\"font-weight: 400;\"> Hospitales biedt elke pati\u00ebnt de aan hun behoefte aangepaste behandeling aan. Dit door op interdisciplinaire wijze alle mogelijke optie te evalueren. Onze filosofie is gebaseerd op de volgende waarde:<\/span><\/p><ul><li><b>Kwalificatie<\/b><span style=\"font-weight: 400;\"> Het Wervelkolomteam van Hospital Clinica Benidorm kent hoge kwalificatie-eisen. Alle aangesloten professionals zijn nationaal en internationaal opgeleid in de verschillende aspecten van de rugklachten.<\/span><\/li><li><b>Up-to-date.<\/b><span style=\"font-weight: 400;\"> Elk jaar nemen we deel aan de meest relevante wetenschappelijke bijeenkomsten om onze pati\u00ebnten de nieuwste behandelingen aan te kunnen bieden.<\/span><\/li><li><span style=\"font-weight: 400;\">Wij bieden geen behandeling aan waarvan we al bij voorbaat denken dat ze u geen voordeel gaan opleveren.\u00a0 Onze behandelingsadviezen worden altijd door de <\/span><b>eerlijkheid en ethiek<\/b><span style=\"font-weight: 400;\"> geleid.<\/span><\/li><li><b>Menselijke zorg.<\/b><span style=\"font-weight: 400;\"> Wij behandelen mensen en beperken ons niet tot het begrip \u201cpati\u00ebnt\u201d.<\/span><\/li><li><b>Alle pati\u00ebnten worden door verscheidene specialisten beoordeeld<\/b><span style=\"font-weight: 400;\">, afhankelijk van de behoeften, zodat een gezamenlijk standpunt wordt gevormd van waaruit een ge\u00efndividualiseerd behandelingsplan kan worden samengesteld.<\/span><\/li><li><b>Kwaliteit<\/b><span style=\"font-weight: 400;\"> in alle processen die betrokken zijn bij de zorg voor onze pati\u00ebnten.<\/span><\/li><\/ul>\t\t\t\t\t\t\t\t<\/div>\n\t\t\t\t<\/div>\n\t\t\t\t<div class=\"elementor-element elementor-element-127fd84 elementor-widget elementor-widget-toggle\" data-id=\"127fd84\" data-element_type=\"widget\" data-e-type=\"widget\" data-widget_type=\"toggle.default\">\n\t\t\t\t<div class=\"elementor-widget-container\">\n\t\t\t\t\t\t\t<div class=\"elementor-toggle\">\n\t\t\t\t\t\t\t<div class=\"elementor-toggle-item\">\n\t\t\t\t\t<div id=\"elementor-tab-title-1931\" class=\"elementor-tab-title\" data-tab=\"1\" role=\"button\" aria-controls=\"elementor-tab-content-1931\" aria-expanded=\"false\">\n\t\t\t\t\t\t\t\t\t\t\t\t<span class=\"elementor-toggle-icon elementor-toggle-icon-left\" aria-hidden=\"true\">\n\t\t\t\t\t\t\t\t\t\t\t\t\t\t\t<span class=\"elementor-toggle-icon-closed\"><svg class=\"e-font-icon-svg e-fas-caret-right\" viewBox=\"0 0 192 512\" xmlns=\"http:\/\/www.w3.org\/2000\/svg\"><path d=\"M0 384.662V127.338c0-17.818 21.543-26.741 34.142-14.142l128.662 128.662c7.81 7.81 7.81 20.474 0 28.284L34.142 398.804C21.543 411.404 0 402.48 0 384.662z\"><\/path><\/svg><\/span>\n\t\t\t\t\t\t\t\t<span class=\"elementor-toggle-icon-opened\"><svg class=\"elementor-toggle-icon-opened e-font-icon-svg e-fas-caret-up\" viewBox=\"0 0 320 512\" xmlns=\"http:\/\/www.w3.org\/2000\/svg\"><path d=\"M288.662 352H31.338c-17.818 0-26.741-21.543-14.142-34.142l128.662-128.662c7.81-7.81 20.474-7.81 28.284 0l128.662 128.662c12.6 12.599 3.676 34.142-14.142 34.142z\"><\/path><\/svg><\/span>\n\t\t\t\t\t\t\t\t\t\t\t\t\t<\/span>\n\t\t\t\t\t\t\t\t\t\t\t\t<a class=\"elementor-toggle-title\" tabindex=\"0\">Rug behandelingen HCB<\/a>\n\t\t\t\t\t<\/div>\n\n\t\t\t\t\t<div id=\"elementor-tab-content-1931\" class=\"elementor-tab-content elementor-clearfix\" data-tab=\"1\" role=\"region\" aria-labelledby=\"elementor-tab-title-1931\"><p><span style=\"font-weight: 400;\">Een conservatieve behandeling is momenteel de eerste optie wanneer er geen neurologische tekorten zijn, maar wanneer deze eerste stap mislukt, biedt chirurgie verschillende oplossingen, afhankelijk van de oorzaak van de pijn.<\/span><\/p><p><span style=\"font-weight: 400;\">Het neurochirurgische team van HCB Hospitales heeft uitgebreide ervaring met de nieuwste chirurgische technieken voor de behandeling van problemen met de wervelkolom. Bovendien wordt in bepaalde gevallen de ingreep uitgevoerd door middel van minimaal invasieve chirurgie, een groot voordeel voor de pati\u00ebnt wat betreft pijn, grootte van de incisie en het daaropvolgende herstel.<\/span><\/p><ul><li aria-level=\"1\"><b>Minimaal invasieve decompressie<\/b><ul><li><span style=\"font-weight: 400;\">Microdisectomie<\/span><\/li><li><span style=\"font-weight: 400;\">Microlaminectomie<\/span><\/li><li><span style=\"font-weight: 400;\">Endoscopische aanpak<\/span><\/li><\/ul><\/li><li aria-level=\"1\"><b>Behoud van mobiliteit<\/b><ul><li><span style=\"font-weight: 400;\">Schijfvervanging<\/span><\/li><\/ul><\/li><li aria-level=\"1\"><b>Cementoplastiek<\/b><ul><li><span style=\"font-weight: 400;\">Kyphoplastie<\/span><\/li><li><span style=\"font-weight: 400;\">Vertebroplastiek<\/span><\/li><\/ul><\/li><li aria-level=\"1\"><b>Open of percutane spondylodese<\/b><ul><li><span style=\"font-weight: 400;\">Transpediculaire fixatie<\/span><\/li><li><span style=\"font-weight: 400;\">Achterste benadering (TLIF)<\/span><\/li><li><span style=\"font-weight: 400;\">Voorste benadering (ALIF)<\/span><\/li><li><span style=\"font-weight: 400;\">Zijwaartse benadering (XLIF)<\/span><\/li><\/ul><\/li><li aria-level=\"1\"><b>Niet-chirurgische behandeling<\/b><ul><li><span style=\"font-weight: 400;\">Infiltraties of facet- of sacroiliacale blokkades, radiculaire<\/span><\/li><li><span style=\"font-weight: 400;\">Facetdenervatie (radiofrequentie)<\/span><\/li><\/ul><\/li><\/ul><\/div>\n\t\t\t\t<\/div>\n\t\t\t\t\t\t\t\t<\/div>\n\t\t\t\t\t\t<\/div>\n\t\t\t\t<\/div>\n\t\t\t\t<div class=\"elementor-element elementor-element-a61c3be elementor-widget elementor-widget-toggle\" data-id=\"a61c3be\" data-element_type=\"widget\" data-e-type=\"widget\" data-widget_type=\"toggle.default\">\n\t\t\t\t<div class=\"elementor-widget-container\">\n\t\t\t\t\t\t\t<div class=\"elementor-toggle\">\n\t\t\t\t\t\t\t<div class=\"elementor-toggle-item\">\n\t\t\t\t\t<div id=\"elementor-tab-title-1741\" class=\"elementor-tab-title\" data-tab=\"1\" role=\"button\" aria-controls=\"elementor-tab-content-1741\" aria-expanded=\"false\">\n\t\t\t\t\t\t\t\t\t\t\t\t<span class=\"elementor-toggle-icon elementor-toggle-icon-left\" aria-hidden=\"true\">\n\t\t\t\t\t\t\t\t\t\t\t\t\t\t\t<span class=\"elementor-toggle-icon-closed\"><svg class=\"e-font-icon-svg e-fas-caret-right\" viewBox=\"0 0 192 512\" xmlns=\"http:\/\/www.w3.org\/2000\/svg\"><path d=\"M0 384.662V127.338c0-17.818 21.543-26.741 34.142-14.142l128.662 128.662c7.81 7.81 7.81 20.474 0 28.284L34.142 398.804C21.543 411.404 0 402.48 0 384.662z\"><\/path><\/svg><\/span>\n\t\t\t\t\t\t\t\t<span class=\"elementor-toggle-icon-opened\"><svg class=\"elementor-toggle-icon-opened e-font-icon-svg e-fas-caret-up\" viewBox=\"0 0 320 512\" xmlns=\"http:\/\/www.w3.org\/2000\/svg\"><path d=\"M288.662 352H31.338c-17.818 0-26.741-21.543-14.142-34.142l128.662-128.662c7.81-7.81 20.474-7.81 28.284 0l128.662 128.662c12.6 12.599 3.676 34.142-14.142 34.142z\"><\/path><\/svg><\/span>\n\t\t\t\t\t\t\t\t\t\t\t\t\t<\/span>\n\t\t\t\t\t\t\t\t\t\t\t\t<a class=\"elementor-toggle-title\" tabindex=\"0\">Specialisten<\/a>\n\t\t\t\t\t<\/div>\n\n\t\t\t\t\t<div id=\"elementor-tab-content-1741\" class=\"elementor-tab-content elementor-clearfix\" data-tab=\"1\" role=\"region\" aria-labelledby=\"elementor-tab-title-1741\"><p><b>Team van het wervelkolomcentrum HCB<\/b><\/p><p><b>Co\u00f6rdinatrice van het wervelkolomcentrum\u00a0<\/b><\/p><p><span style=\"font-weight: 400;\">Milagros \u00c1lvarez Vega<\/span><\/p><p><a href=\"mailto:malvarez@clinicabenidorm.com\"><span style=\"font-weight: 400;\">malvarez@clinicabenidorm.com<\/span><\/a><span style=\"font-weight: 400;\">\u00a0<\/span><\/p><p><span style=\"font-weight: 400;\">(+34) 96 585 38 50. Optie 5520.<\/span><\/p><p><b>Neurochirurgie<\/b><\/p><p><span style=\"font-weight: 400;\">Dr. Karim Ben Ghezala<\/span><\/p><p><span style=\"font-weight: 400;\">Dr. Juan Antonio Nieto Navarro<\/span><\/p><p><span style=\"font-weight: 400;\">Dr. Eva M\u00aa Pay Valverde<\/span><\/p><p><b>Revalidatiearts<\/b><\/p><p><span style=\"font-weight: 400;\">Dr. Fernando Verd\u00fa M\u00e1s<\/span><\/p><p><b>Afdeling fysiotherapie (co\u00f6rdinatrice)<\/b><\/p><p><span style=\"font-weight: 400;\">Nora Serrano Schoenfeld<\/span><\/p><p><b>Neurologie<\/b><\/p><p><span style=\"font-weight: 400;\">Dr. Jos\u00e9 Javier Hern\u00e1ndez Mart\u00ednez<\/span><\/p><p><span style=\"font-weight: 400;\">Dr. Leticia Berenguer Ruiz<\/span><\/p><p><span style=\"font-weight: 400;\">Dr. M\u00aa Empar Blanco Cant\u00f3<\/span><\/p><p><span style=\"font-weight: 400;\">Dr. Paloma Gonzalez Belmar<\/span><\/p><\/div>\n\t\t\t\t<\/div>\n\t\t\t\t\t\t\t\t<\/div>\n\t\t\t\t\t\t<\/div>\n\t\t\t\t<\/div>\n\t\t\t\t\t<\/div>\n\t\t<\/div>\n\t\t\t\t\t<\/div>\n\t\t<\/section>\n\t\t\t\t<\/div>\n\t\t","protected":false},"excerpt":{"rendered":"<p>HCB Hospitales WERVELKOLOMCENTRUM Het Wervelkolomcentrum van HCB Hospitales is een onderdeel van Neurochirurgie en behandelt met gebruik van de meest recente en innovatieve technologie en chirurgische technieken verschillende soorten rugklachten. Het Wervelkolomcentrum van HCB Hospitales biedt elke pati\u00ebnt de aan hun behoefte aangepaste behandeling aan. Dit door op interdisciplinaire wijze alle mogelijke optie te evalueren. [&hellip;]<\/p>\n","protected":false},"author":2,"featured_media":0,"parent":22481,"menu_order":0,"comment_status":"closed","ping_status":"closed","template":"","meta":{"_acf_changed":false,"footnotes":""},"class_list":["post-10854","page","type-page","status-publish","hentry"],"acf":[],"_links":{"self":[{"href":"https:\/\/hcbhospitales.com\/nl\/wp-json\/wp\/v2\/pages\/10854","targetHints":{"allow":["GET"]}}],"collection":[{"href":"https:\/\/hcbhospitales.com\/nl\/wp-json\/wp\/v2\/pages"}],"about":[{"href":"https:\/\/hcbhospitales.com\/nl\/wp-json\/wp\/v2\/types\/page"}],"author":[{"embeddable":true,"href":"https:\/\/hcbhospitales.com\/nl\/wp-json\/wp\/v2\/users\/2"}],"replies":[{"embeddable":true,"href":"https:\/\/hcbhospitales.com\/nl\/wp-json\/wp\/v2\/comments?post=10854"}],"version-history":[{"count":0,"href":"https:\/\/hcbhospitales.com\/nl\/wp-json\/wp\/v2\/pages\/10854\/revisions"}],"up":[{"embeddable":true,"href":"https:\/\/hcbhospitales.com\/nl\/wp-json\/wp\/v2\/pages\/22481"}],"wp:attachment":[{"href":"https:\/\/hcbhospitales.com\/nl\/wp-json\/wp\/v2\/media?parent=10854"}],"curies":[{"name":"wp","href":"https:\/\/api.w.org\/{rel}","templated":true}]}}