{"id":25211,"date":"2024-04-11T11:48:43","date_gmt":"2024-04-11T09:48:43","guid":{"rendered":"https:\/\/hcbhospitales.com\/blepharoplastie-chirurgie-des-paupieres\/"},"modified":"2024-05-29T15:32:44","modified_gmt":"2024-05-29T13:32:44","slug":"blepharoplastie-chirurgie-des-paupieres","status":"publish","type":"page","link":"https:\/\/hcbhospitales.com\/fr\/blepharoplastie-chirurgie-des-paupieres\/","title":{"rendered":"Bl\u00e9pharoplastie (chirurgie des paupi\u00e8res)"},"content":{"rendered":"\t\t<div data-elementor-type=\"wp-page\" data-elementor-id=\"25211\" class=\"elementor elementor-25211 elementor-24531\" data-elementor-post-type=\"page\">\n\t\t\t\t\t\t<section class=\"elementor-section elementor-top-section elementor-element elementor-element-580fb26 elementor-section-boxed elementor-section-height-default elementor-section-height-default\" data-id=\"580fb26\" data-element_type=\"section\" data-e-type=\"section\" data-settings=\"{&quot;jet_parallax_layout_list&quot;:[]}\">\n\t\t\t\t\t\t<div class=\"elementor-container elementor-column-gap-default\">\n\t\t\t\t\t<div class=\"elementor-column elementor-col-33 elementor-top-column elementor-element elementor-element-5bb01b6\" data-id=\"5bb01b6\" data-element_type=\"column\" data-e-type=\"column\">\n\t\t\t<div class=\"elementor-widget-wrap elementor-element-populated\">\n\t\t\t\t\t\t<div class=\"elementor-element elementor-element-a8aea63 elementor-widget elementor-widget-image\" data-id=\"a8aea63\" data-element_type=\"widget\" data-e-type=\"widget\" data-widget_type=\"image.default\">\n\t\t\t\t<div class=\"elementor-widget-container\">\n\t\t\t\t\t\t\t\t\t\t\t\t\t\t\t<img fetchpriority=\"high\" decoding=\"async\" width=\"300\" height=\"300\" src=\"https:\/\/hcbhospitales.com\/wp-content\/uploads\/2024\/04\/HCB-1-300x300.png\" class=\"attachment-medium size-medium wp-image-24526\" alt=\"\" srcset=\"https:\/\/hcbhospitales.com\/wp-content\/uploads\/2024\/04\/HCB-1-300x300.png.webp 300w, https:\/\/hcbhospitales.com\/wp-content\/uploads\/2024\/04\/HCB-1-1024x1024.png.webp 1024w, https:\/\/hcbhospitales.com\/wp-content\/uploads\/2024\/04\/HCB-1-150x150.png.webp 150w, https:\/\/hcbhospitales.com\/wp-content\/uploads\/2024\/04\/HCB-1-768x768.png.webp 768w, https:\/\/hcbhospitales.com\/wp-content\/uploads\/2024\/04\/HCB-1.png.webp 1080w\" sizes=\"(max-width: 300px) 100vw, 300px\" \/>\t\t\t\t\t\t\t\t\t\t\t\t\t\t\t<\/div>\n\t\t\t\t<\/div>\n\t\t\t\t\t<\/div>\n\t\t<\/div>\n\t\t\t\t<div class=\"elementor-column elementor-col-66 elementor-top-column elementor-element elementor-element-4347ed5\" data-id=\"4347ed5\" data-element_type=\"column\" data-e-type=\"column\">\n\t\t\t<div class=\"elementor-widget-wrap elementor-element-populated\">\n\t\t\t\t\t\t<div class=\"elementor-element elementor-element-e4cfea4 elementor-widget__width-initial elementor-widget elementor-widget-text-editor\" data-id=\"e4cfea4\" data-element_type=\"widget\" data-e-type=\"widget\" data-widget_type=\"text-editor.default\">\n\t\t\t\t<div class=\"elementor-widget-container\">\n\t\t\t\t\t\t\t\t\t<p>La <span style=\"font-weight: bolder;\">bl\u00e9pharoplastie<\/span>, commun\u00e9ment appel\u00e9e <span style=\"font-weight: bolder;\">chirurgie des paupi\u00e8res<\/span>, est une intervention chirurgicale visant \u00e0 retirer l&rsquo;exc\u00e8s de peau, de graisse et de muscle des paupi\u00e8res sup\u00e9rieures et inf\u00e9rieures. Ce traitement, effectu\u00e9 par un  <strong>chirurgien plasticien  <\/strong>de l&rsquo;unit\u00e9 de chirurgie plastique et de m\u00e9decine esth\u00e9tique des h\u00f4pitaux HCB, vous pouvez  <span style=\"font-weight: bolder;\">r\u00e9soudre les probl\u00e8mes tels que les paupi\u00e8res tombantes et les poches sous les yeux<\/span>Ces facteurs font para\u00eetre notre visage plus vieux et plus fatigu\u00e9 qu&rsquo;il ne l&rsquo;est en r\u00e9alit\u00e9 et, dans certains cas, peuvent m\u00eame affecter notre vision.<\/p>\n<p>Toutefois, il est important de noter que la bl\u00e9pharoplastie n&rsquo;est pas con\u00e7ue pour traiter les rides fines, telles que les \u00ab\u00a0pattes d&rsquo;oie\u00a0\u00bb, ou pour relever les sourcils. Cette proc\u00e9dure peut \u00eatre r\u00e9alis\u00e9e seule ou en combinaison avec d&rsquo;autres types de chirurgie esth\u00e9tique du visage, tels que le lifting du visage ou du front.<\/p>\n\t\t\t\t\t\t\t\t<\/div>\n\t\t\t\t<\/div>\n\t\t\t\t<section class=\"elementor-section elementor-inner-section elementor-element elementor-element-00d343a elementor-section-boxed elementor-section-height-default elementor-section-height-default\" data-id=\"00d343a\" data-element_type=\"section\" data-e-type=\"section\" data-settings=\"{&quot;jet_parallax_layout_list&quot;:[]}\">\n\t\t\t\t\t\t<div class=\"elementor-container elementor-column-gap-default\">\n\t\t\t\t\t<div class=\"elementor-column elementor-col-100 elementor-inner-column elementor-element elementor-element-ad8b4f6\" data-id=\"ad8b4f6\" data-element_type=\"column\" data-e-type=\"column\">\n\t\t\t<div class=\"elementor-widget-wrap elementor-element-populated\">\n\t\t\t\t\t\t<div class=\"elementor-element elementor-element-ecf3c73 elementor-align-center elementor-widget elementor-widget-button\" data-id=\"ecf3c73\" data-element_type=\"widget\" data-e-type=\"widget\" data-widget_type=\"button.default\">\n\t\t\t\t<div class=\"elementor-widget-container\">\n\t\t\t\t\t\t\t\t\t<div class=\"elementor-button-wrapper\">\n\t\t\t\t\t<a class=\"elementor-button elementor-button-link elementor-size-sm\" href=\"#miformulario\">\n\t\t\t\t\t\t<span class=\"elementor-button-content-wrapper\">\n\t\t\t\t\t\t\t\t\t<span class=\"elementor-button-text\">Plus d'informations<\/span>\n\t\t\t\t\t<\/span>\n\t\t\t\t\t<\/a>\n\t\t\t\t<\/div>\n\t\t\t\t\t\t\t\t<\/div>\n\t\t\t\t<\/div>\n\t\t\t\t\t<\/div>\n\t\t<\/div>\n\t\t\t\t\t<\/div>\n\t\t<\/section>\n\t\t\t\t\t<\/div>\n\t\t<\/div>\n\t\t\t\t\t<\/div>\n\t\t<\/section>\n\t\t\t\t<section class=\"elementor-section elementor-top-section elementor-element elementor-element-217de7e3 elementor-section-boxed elementor-section-height-default elementor-section-height-default\" data-id=\"217de7e3\" data-element_type=\"section\" data-e-type=\"section\" data-settings=\"{&quot;jet_parallax_layout_list&quot;:[]}\">\n\t\t\t\t\t\t<div class=\"elementor-container elementor-column-gap-default\">\n\t\t\t\t\t<div class=\"elementor-column elementor-col-100 elementor-top-column elementor-element elementor-element-2c223bc7\" data-id=\"2c223bc7\" data-element_type=\"column\" data-e-type=\"column\">\n\t\t\t<div class=\"elementor-widget-wrap elementor-element-populated\">\n\t\t\t\t\t\t<div class=\"elementor-element elementor-element-7603d071 elementor-widget elementor-widget-text-editor\" data-id=\"7603d071\" data-element_type=\"widget\" data-e-type=\"widget\" data-widget_type=\"text-editor.default\">\n\t\t\t\t<div class=\"elementor-widget-container\">\n\t\t\t\t\t\t\t\t\t<\/p>\n<p><strong style=\"color: inherit; font-family: inherit; font-size: 1.5rem;\">Qui peut subir une bl\u00e9pharoplastie ?<\/strong><\/p>\n<p>Les candidats privil\u00e9gi\u00e9s \u00e0 la chirurgie des paupi\u00e8res sont ceux qui souhaitent am\u00e9liorer leur apparence et m\u00eame leur champ de vision.<\/p>\n<p>Les patients<strong> sont g\u00e9n\u00e9ralement \u00e2g\u00e9s de plus de 35 ans<\/strong>. Cependant, le facteur g\u00e9n\u00e9tique ou les habitudes peuvent \u00eatre d\u00e9terminants pour d\u00e9cider de subir la proc\u00e9dure plus t\u00f4t ou non.<br \/>la chirurgie des paupi\u00e8res.<\/p>\n<\/p>\n<h4><strong>Planification de l&rsquo;intervention chirurgicale<\/strong><\/h4>\n<p>Lors de la premi\u00e8re consultation, la <strong>vision et la production de larmes seront \u00e9valu\u00e9es<\/strong>, ainsi que l&rsquo;\u00e9tat de sant\u00e9 g\u00e9n\u00e9ral du patient.<br \/>Vous devez informer le sp\u00e9cialiste si vous prenez des m\u00e9dicaments, si vous fumez ou si vous \u00eates allergique \u00e0 un m\u00e9dicament. Vous devez \u00e9galement indiquer si vous portez des lunettes ou des lentilles de contact.<br \/>Le patient recevra des informations sur les techniques, l&rsquo;anesth\u00e9sie et les risques de l&rsquo;op\u00e9ration. Vous pourrez \u00e9galement poser toutes les questions que vous souhaitez concernant l&rsquo;op\u00e9ration et le processus de r\u00e9tablissement.<\/p>\n<p>Votre chirurgien vous donnera des instructions sp\u00e9cifiques sur la fa\u00e7on de vous pr\u00e9parer \u00e0 l&rsquo;op\u00e9ration, y compris des r\u00e8gles concernant la prise d&rsquo;aliments et de liquides, le tabagisme, la prise ou l&rsquo;arr\u00eat de m\u00e9dicaments et le lavage du visage.<\/p>\n<\/p>\n<h4><strong>Chirurgie<\/strong><\/h4>\n<p>L&rsquo;intervention, qui dure <strong>entre une et trois heures<\/strong>, peut \u00eatre r\u00e9alis\u00e9e sur les paupi\u00e8res sup\u00e9rieures et inf\u00e9rieures.<br \/>Dans la plupart des cas, les incisions sont plac\u00e9es dans les lignes naturelles des paupi\u00e8res sup\u00e9rieures et juste en dessous des cils des paupi\u00e8res inf\u00e9rieures ; dans certains cas, elles peuvent s&rsquo;\u00e9tendre jusqu&rsquo;\u00e0 la patte d&rsquo;oie. Par ces incisions, la peau est s\u00e9par\u00e9e de la graisse et des muscles sous-jacents, ce qui permet d&rsquo;\u00e9liminer l&rsquo;exc\u00e8s de graisse et parfois l&rsquo;exc\u00e8s de peau et de muscle. Les incisions sont referm\u00e9es \u00e0 l&rsquo;aide de sutures tr\u00e8s fines.<span style=\"color: inherit; font-family: inherit; font-size: 1.5rem;\"> <\/span><\/p>\n\t\t\t\t\t\t\t\t<\/div>\n\t\t\t\t<\/div>\n\t\t\t\t\t<\/div>\n\t\t<\/div>\n\t\t\t\t\t<\/div>\n\t\t<\/section>\n\t\t\t\t<section class=\"elementor-section elementor-top-section elementor-element elementor-element-979757a elementor-section-boxed elementor-section-height-default elementor-section-height-default\" data-id=\"979757a\" data-element_type=\"section\" data-e-type=\"section\" data-settings=\"{&quot;jet_parallax_layout_list&quot;:[]}\">\n\t\t\t\t\t\t<div class=\"elementor-container elementor-column-gap-default\">\n\t\t\t\t\t<div class=\"elementor-column elementor-col-33 elementor-top-column elementor-element elementor-element-1e4c697\" data-id=\"1e4c697\" data-element_type=\"column\" data-e-type=\"column\">\n\t\t\t<div class=\"elementor-widget-wrap elementor-element-populated\">\n\t\t\t\t\t\t<div class=\"elementor-element elementor-element-7642408 elementor-widget__width-initial elementor-widget elementor-widget-image\" data-id=\"7642408\" data-element_type=\"widget\" data-e-type=\"widget\" data-widget_type=\"image.default\">\n\t\t\t\t<div class=\"elementor-widget-container\">\n\t\t\t\t\t\t\t\t\t\t\t\t\t\t\t<img decoding=\"async\" width=\"800\" height=\"800\" src=\"https:\/\/hcbhospitales.com\/wp-content\/uploads\/2024\/04\/20200122_185627-1024x1024.jpg\" class=\"attachment-large size-large wp-image-24646\" alt=\"\" srcset=\"https:\/\/hcbhospitales.com\/wp-content\/uploads\/2024\/04\/20200122_185627-1024x1024.jpg.webp 1024w, https:\/\/hcbhospitales.com\/wp-content\/uploads\/2024\/04\/20200122_185627-300x300.jpg.webp 300w, https:\/\/hcbhospitales.com\/wp-content\/uploads\/2024\/04\/20200122_185627-150x150.jpg.webp 150w, https:\/\/hcbhospitales.com\/wp-content\/uploads\/2024\/04\/20200122_185627-768x768.jpg.webp 768w, https:\/\/hcbhospitales.com\/wp-content\/uploads\/2024\/04\/20200122_185627-1536x1536.jpg.webp 1536w, https:\/\/hcbhospitales.com\/wp-content\/uploads\/2024\/04\/20200122_185627-2048x2048.jpg.webp 2048w\" sizes=\"(max-width: 800px) 100vw, 800px\" \/>\t\t\t\t\t\t\t\t\t\t\t\t\t\t\t<\/div>\n\t\t\t\t<\/div>\n\t\t\t\t<section class=\"elementor-section elementor-inner-section elementor-element elementor-element-8950d84 elementor-section-boxed elementor-section-height-default elementor-section-height-default\" data-id=\"8950d84\" data-element_type=\"section\" data-e-type=\"section\" data-settings=\"{&quot;jet_parallax_layout_list&quot;:[]}\">\n\t\t\t\t\t\t<div class=\"elementor-container elementor-column-gap-default\">\n\t\t\t\t\t<div class=\"elementor-column elementor-col-50 elementor-inner-column elementor-element elementor-element-aa3bab3\" data-id=\"aa3bab3\" data-element_type=\"column\" data-e-type=\"column\">\n\t\t\t<div class=\"elementor-widget-wrap\">\n\t\t\t\t\t\t\t<\/div>\n\t\t<\/div>\n\t\t\t\t<div class=\"elementor-column elementor-col-50 elementor-inner-column elementor-element elementor-element-c456fa6\" data-id=\"c456fa6\" data-element_type=\"column\" data-e-type=\"column\">\n\t\t\t<div class=\"elementor-widget-wrap\">\n\t\t\t\t\t\t\t<\/div>\n\t\t<\/div>\n\t\t\t\t\t<\/div>\n\t\t<\/section>\n\t\t\t\t\t<\/div>\n\t\t<\/div>\n\t\t\t\t<div class=\"elementor-column elementor-col-66 elementor-top-column elementor-element elementor-element-1fbf3e6\" data-id=\"1fbf3e6\" data-element_type=\"column\" data-e-type=\"column\">\n\t\t\t<div class=\"elementor-widget-wrap elementor-element-populated\">\n\t\t\t\t\t\t<div class=\"elementor-element elementor-element-76ddfc1 elementor-widget elementor-widget-text-editor\" data-id=\"76ddfc1\" data-element_type=\"widget\" data-e-type=\"widget\" data-widget_type=\"text-editor.default\">\n\t\t\t\t<div class=\"elementor-widget-container\">\n\t\t\t\t\t\t\t\t\t<h4 style=\"font-family: Montserrat, sans-serif; color: #044e5f;\"><span style=\"font-weight: bolder;\">Processus postop\u00e9ratoire<\/span><\/h4>\n<p style=\"font-size: 16px;\">Apr\u00e8s l&rsquo;op\u00e9ration, le patient doit suivre les soins indiqu\u00e9s par le sp\u00e9cialiste, sachant qu&rsquo;il doit<span style=\"font-weight: bolder;\"> se reposer pendant 3 \u00e0 5 jours<\/span> et \u00e9viter toute activit\u00e9 intense pendant les 3 premi\u00e8res semaines.<\/p>\n<p style=\"font-size: 16px;\">La plupart des patients qui subissent une bl\u00e9pharoplastie commencent \u00e0 lire ou \u00e0 regarder la t\u00e9l\u00e9vision au bout de 2 \u00e0 3 jours. Cependant, vous ne pourrez pas porter de lentilles de contact, si vous en portez, avant 2 semaines apr\u00e8s l&rsquo;op\u00e9ration.<\/p>\n<p style=\"font-size: 16px;\">Le patient pourra reprendre le travail une semaine \u00e0 dix jours plus tard et pourra se maquiller pour dissimuler les ecchymoses temporaires. Le port de lunettes de soleil est \u00e9galement recommand\u00e9.<\/p>\n<p style=\"font-size: 16px;\">\n<h4 style=\"font-family: Montserrat, sans-serif; color: #044e5f;\"><span style=\"font-weight: bolder;\">R\u00e9sultats apr\u00e8s l&rsquo;op\u00e9ration<\/span><\/h4>\n<p>Les cicatrices peuvent \u00eatre roses pendant les premiers mois. Elles s&rsquo;effaceront progressivement jusqu&rsquo;\u00e0 devenir une ligne claire, presque invisible. Les r\u00e9sultats de la bl\u00e9pharoplastie sont une apparence plus jeune et plus \u00e9veill\u00e9e. Les <span style=\"font-weight: bolder;\">r\u00e9sultats sont permanents<\/span>.<\/p>\n\t\t\t\t\t\t\t\t<\/div>\n\t\t\t\t<\/div>\n\t\t\t\t\t<\/div>\n\t\t<\/div>\n\t\t\t\t\t<\/div>\n\t\t<\/section>\n\t\t\t\t<section class=\"elementor-section elementor-top-section elementor-element elementor-element-fa71ab4 elementor-section-boxed elementor-section-height-default elementor-section-height-default\" data-id=\"fa71ab4\" data-element_type=\"section\" data-e-type=\"section\" data-settings=\"{&quot;jet_parallax_layout_list&quot;:[]}\">\n\t\t\t\t\t\t<div class=\"elementor-container elementor-column-gap-default\">\n\t\t\t\t\t<div class=\"elementor-column elementor-col-100 elementor-top-column elementor-element elementor-element-3eed608\" data-id=\"3eed608\" data-element_type=\"column\" data-e-type=\"column\">\n\t\t\t<div class=\"elementor-widget-wrap\">\n\t\t\t\t\t\t\t<\/div>\n\t\t<\/div>\n\t\t\t\t\t<\/div>\n\t\t<\/section>\n\t\t\t\t<section class=\"elementor-section elementor-top-section elementor-element elementor-element-7de4eae elementor-section-boxed elementor-section-height-default elementor-section-height-default\" data-id=\"7de4eae\" data-element_type=\"section\" data-e-type=\"section\" data-settings=\"{&quot;jet_parallax_layout_list&quot;:[]}\">\n\t\t\t\t\t\t<div class=\"elementor-container elementor-column-gap-default\">\n\t\t\t\t\t<div class=\"elementor-column elementor-col-100 elementor-top-column elementor-element elementor-element-6cdbd63\" data-id=\"6cdbd63\" data-element_type=\"column\" data-e-type=\"column\" data-settings=\"{&quot;background_background&quot;:&quot;classic&quot;}\">\n\t\t\t<div class=\"elementor-widget-wrap elementor-element-populated\">\n\t\t\t\t\t\t<div class=\"elementor-element elementor-element-f63be3e elementor-widget elementor-widget-html\" data-id=\"f63be3e\" data-element_type=\"widget\" data-e-type=\"widget\" id=\"miformulario\" data-widget_type=\"html.default\">\n\t\t\t\t<div class=\"elementor-widget-container\">\n\t\t\t\t\t<script charset=\"utf-8\" type=\"text\/javascript\" src=\"\/\/js-eu1.hsforms.net\/forms\/embed\/v2.js\"><\/script><script>hbspt.forms.create({\n    region: \"eu1\",\n    portalId: \"144040882\",\n    formId: \"b4d8f9e7-2af0-4e08-aa4e-543678222d86\"\n  });\n<\/script>\t\t\t\t<\/div>\n\t\t\t\t<\/div>\n\t\t\t\t\t<\/div>\n\t\t<\/div>\n\t\t\t\t\t<\/div>\n\t\t<\/section>\n\t\t\t\t<\/div>\n\t\t","protected":false},"excerpt":{"rendered":"<p>La bl\u00e9pharoplastie, commun\u00e9ment appel\u00e9e chirurgie des paupi\u00e8res, est une intervention chirurgicale visant \u00e0 retirer l&rsquo;exc\u00e8s de peau, de graisse et de muscle des paupi\u00e8res sup\u00e9rieures et inf\u00e9rieures. Ce traitement, effectu\u00e9 par un chirurgien plasticien de l&rsquo;unit\u00e9 de chirurgie plastique et de m\u00e9decine esth\u00e9tique des h\u00f4pitaux HCB, vous pouvez r\u00e9soudre les probl\u00e8mes tels que les paupi\u00e8res [&hellip;]<\/p>\n","protected":false},"author":6,"featured_media":0,"parent":0,"menu_order":0,"comment_status":"closed","ping_status":"closed","template":"","meta":{"_acf_changed":false,"footnotes":""},"class_list":["post-25211","page","type-page","status-publish","hentry"],"acf":[],"_links":{"self":[{"href":"https:\/\/hcbhospitales.com\/fr\/wp-json\/wp\/v2\/pages\/25211","targetHints":{"allow":["GET"]}}],"collection":[{"href":"https:\/\/hcbhospitales.com\/fr\/wp-json\/wp\/v2\/pages"}],"about":[{"href":"https:\/\/hcbhospitales.com\/fr\/wp-json\/wp\/v2\/types\/page"}],"author":[{"embeddable":true,"href":"https:\/\/hcbhospitales.com\/fr\/wp-json\/wp\/v2\/users\/6"}],"replies":[{"embeddable":true,"href":"https:\/\/hcbhospitales.com\/fr\/wp-json\/wp\/v2\/comments?post=25211"}],"version-history":[{"count":0,"href":"https:\/\/hcbhospitales.com\/fr\/wp-json\/wp\/v2\/pages\/25211\/revisions"}],"wp:attachment":[{"href":"https:\/\/hcbhospitales.com\/fr\/wp-json\/wp\/v2\/media?parent=25211"}],"curies":[{"name":"wp","href":"https:\/\/api.w.org\/{rel}","templated":true}]}}