{"id":15855,"date":"2022-04-12T11:11:10","date_gmt":"2022-04-12T09:11:10","guid":{"rendered":"https:\/\/hcbhospitales.com\/?page_id=15855"},"modified":"2023-12-04T10:03:19","modified_gmt":"2023-12-04T09:03:19","slug":"unite-de-la-colonne-vertebrale","status":"publish","type":"page","link":"https:\/\/hcbhospitales.com\/fr\/unite-de-reference\/unite-de-la-colonne-vertebrale\/","title":{"rendered":"Unite de la colonne vertebrale"},"content":{"rendered":"\t\t<div data-elementor-type=\"wp-page\" data-elementor-id=\"15855\" class=\"elementor elementor-15855 elementor-5383\" data-elementor-post-type=\"page\">\n\t\t\t\t\t\t<section class=\"elementor-section elementor-top-section elementor-element elementor-element-8ba004e elementor-section-boxed elementor-section-height-default elementor-section-height-default\" data-id=\"8ba004e\" data-element_type=\"section\" data-e-type=\"section\" data-settings=\"{&quot;jet_parallax_layout_list&quot;:[{&quot;jet_parallax_layout_image&quot;:{&quot;url&quot;:&quot;&quot;,&quot;id&quot;:&quot;&quot;,&quot;size&quot;:&quot;&quot;},&quot;_id&quot;:&quot;bfae6c3&quot;,&quot;jet_parallax_layout_image_tablet&quot;:{&quot;url&quot;:&quot;&quot;,&quot;id&quot;:&quot;&quot;,&quot;size&quot;:&quot;&quot;},&quot;jet_parallax_layout_image_mobile&quot;:{&quot;url&quot;:&quot;&quot;,&quot;id&quot;:&quot;&quot;,&quot;size&quot;:&quot;&quot;},&quot;jet_parallax_layout_speed&quot;:{&quot;unit&quot;:&quot;%&quot;,&quot;size&quot;:50,&quot;sizes&quot;:[]},&quot;jet_parallax_layout_type&quot;:&quot;scroll&quot;,&quot;jet_parallax_layout_direction&quot;:&quot;1&quot;,&quot;jet_parallax_layout_fx_direction&quot;:null,&quot;jet_parallax_layout_z_index&quot;:&quot;&quot;,&quot;jet_parallax_layout_bg_x&quot;:50,&quot;jet_parallax_layout_bg_x_tablet&quot;:&quot;&quot;,&quot;jet_parallax_layout_bg_x_mobile&quot;:&quot;&quot;,&quot;jet_parallax_layout_bg_y&quot;:50,&quot;jet_parallax_layout_bg_y_tablet&quot;:&quot;&quot;,&quot;jet_parallax_layout_bg_y_mobile&quot;:&quot;&quot;,&quot;jet_parallax_layout_bg_size&quot;:&quot;auto&quot;,&quot;jet_parallax_layout_bg_size_tablet&quot;:&quot;&quot;,&quot;jet_parallax_layout_bg_size_mobile&quot;:&quot;&quot;,&quot;jet_parallax_layout_animation_prop&quot;:&quot;transform&quot;,&quot;jet_parallax_layout_on&quot;:[&quot;desktop&quot;,&quot;tablet&quot;]}],&quot;background_background&quot;:&quot;gradient&quot;}\">\n\t\t\t\t\t\t<div class=\"elementor-container elementor-column-gap-default\">\n\t\t\t\t\t<div class=\"elementor-column elementor-col-100 elementor-top-column elementor-element elementor-element-2b0e3e0\" data-id=\"2b0e3e0\" data-element_type=\"column\" data-e-type=\"column\">\n\t\t\t<div class=\"elementor-widget-wrap elementor-element-populated\">\n\t\t\t\t\t\t<div class=\"elementor-element elementor-element-86a2fa8 elementor-widget elementor-widget-jet-breadcrumbs\" data-id=\"86a2fa8\" data-element_type=\"widget\" data-e-type=\"widget\" data-widget_type=\"jet-breadcrumbs.default\">\n\t\t\t\t<div class=\"elementor-widget-container\">\n\t\t\t\t\t<div class=\"elementor-jet-breadcrumbs jet-blocks\">\n\t\t<div class=\"jet-breadcrumbs\">\n\t\t<div class=\"jet-breadcrumbs__content\">\n\t\t<div class=\"jet-breadcrumbs__wrap\"><div class=\"jet-breadcrumbs__item\"><a href=\"https:\/\/hcbhospitales.com\/fr\/\" class=\"jet-breadcrumbs__item-link is-home\" rel=\"home\" title=\"Accueil\">Accueil<\/a><\/div>\n\t\t<\/div>\n\t\t<\/div>\n\t\t<\/div><\/div>\t\t\t\t<\/div>\n\t\t\t\t<\/div>\n\t\t\t\t<div class=\"elementor-element elementor-element-b0995b9 elementor-widget elementor-widget-image\" data-id=\"b0995b9\" data-element_type=\"widget\" data-e-type=\"widget\" data-widget_type=\"image.default\">\n\t\t\t\t<div class=\"elementor-widget-container\">\n\t\t\t\t\t\t\t\t\t\t\t\t\t\t\t<img fetchpriority=\"high\" decoding=\"async\" width=\"800\" height=\"600\" src=\"https:\/\/hcbhospitales.com\/wp-content\/uploads\/2022\/02\/unidades-de-referencia-5.jpg\" class=\"attachment-full size-full wp-image-14099\" alt=\"\" srcset=\"https:\/\/hcbhospitales.com\/wp-content\/uploads\/2022\/02\/unidades-de-referencia-5.jpg 800w, https:\/\/hcbhospitales.com\/wp-content\/uploads\/2022\/02\/unidades-de-referencia-5-300x225.jpg 300w, https:\/\/hcbhospitales.com\/wp-content\/uploads\/2022\/02\/unidades-de-referencia-5-768x576.jpg 768w\" sizes=\"(max-width: 800px) 100vw, 800px\" \/>\t\t\t\t\t\t\t\t\t\t\t\t\t\t\t<\/div>\n\t\t\t\t<\/div>\n\t\t\t\t<div class=\"elementor-element elementor-element-4a588bd elementor-widget elementor-widget-text-editor\" data-id=\"4a588bd\" data-element_type=\"widget\" data-e-type=\"widget\" data-widget_type=\"text-editor.default\">\n\t\t\t\t<div class=\"elementor-widget-container\">\n\t\t\t\t\t\t\t\t\t<p><b>UNIT\u00c9 DE LA COLONNE VERT\u00c9BRALE<\/b><\/p><p><span style=\"font-weight: 400;\">L\u2019Unit\u00e9 de la Colonne Vert\u00e9brale de HCB, qui fait partie du Service de Neurologie, traite les pathologies de la colonne vert\u00e9brale avec la technologie et les techniques chirurgicales les plus modernes et b\u00e9n\u00e9fiques pour le patient.<\/span><\/p><p><b>L\u2019Unit\u00e9 de la Colonne Vert\u00e9brale de HCB Hospital<\/b><span style=\"font-weight: 400;\">es offre aux patients des traitements adapt\u00e9s \u00e0 leurs besoins, en r\u00e9alisant une \u00e9valuation pluridisciplinaire de toutes les options possibles, avec une philosophie de travail ax\u00e9e sur les valeurs suivantes :<\/span><\/p><ul><li style=\"font-weight: 400;\" aria-level=\"1\"><b>La Comp\u00e9tence<\/b><span style=\"font-weight: 400;\">. L\u2019\u00e9quipe de l\u2019Unit\u00e9 de la Colonne Vert\u00e9brale de Hospital Cl\u00ednica Benidorm affiche les plus hauts standards de comp\u00e9tence. Tous les professionnels de l\u2019\u00e9quipe peuvent accr\u00e9diter une formation nationale et internationale dans les diff\u00e9rents domaines de la pathologie de la colonne vert\u00e9brale.<\/span><\/li><li style=\"font-weight: 400;\" aria-level=\"1\"><b>Une Mise \u00e0 jour constante<\/b><span style=\"font-weight: 400;\">. Chaque ann\u00e9e nos professionnels assistent aux colloques scientifiques les plus importants, afin de pouvoir offrir \u00e0 nos patients les traitements les plus modernes.<\/span><\/li><li style=\"font-weight: 400;\" aria-level=\"1\"><span style=\"font-weight: 400;\">Nous ne proposons \u00e0 nos patients que des traitements susceptibles de leur apporter un bienfait. Nos recommandations th\u00e9rapeutiques sont guid\u00e9es en toute occasion par <\/span><b>l\u2019honn\u00eatet\u00e9 et l\u2019\u00e9thique<\/b><span style=\"font-weight: 400;\">.<\/span><\/li><li style=\"font-weight: 400;\" aria-level=\"1\"><b>Une relation humaine<\/b><span style=\"font-weight: 400;\">. Nous traitons des personnes, nous ne nous limitons pas au concept de \u00ab patient \u00bb.<\/span><\/li><li style=\"font-weight: 400;\" aria-level=\"1\"><b>Tous les patients sont \u00e9valu\u00e9s par diff\u00e9rents sp\u00e9cialistes<\/b><span style=\"font-weight: 400;\">, en fonction de leurs besoins ; nous obtenons ainsi une vue d\u2019ensemble nous permettant d\u2019offrir des plans et des traitements personnalis\u00e9s.<\/span><\/li><li style=\"font-weight: 400;\" aria-level=\"1\"><b>La Qualit\u00e9<\/b><span style=\"font-weight: 400;\"> est le crit\u00e8re omnipr\u00e9sent<\/span> <span style=\"font-weight: 400;\">dans tous les processus\u00a0 intervenant dans les relations avec nos patients.<\/span><\/li><li style=\"font-weight: 400;\" aria-level=\"1\"><b>La Technologie.<\/b><span style=\"font-weight: 400;\"> Nous mettons \u00e0 la disposition de nos patients les moyens technologiques les plus modernes pour le diagnostic et le traitement.<\/span><\/li><\/ul>\t\t\t\t\t\t\t\t<\/div>\n\t\t\t\t<\/div>\n\t\t\t\t<div class=\"elementor-element elementor-element-127fd84 elementor-widget elementor-widget-toggle\" data-id=\"127fd84\" data-element_type=\"widget\" data-e-type=\"widget\" data-widget_type=\"toggle.default\">\n\t\t\t\t<div class=\"elementor-widget-container\">\n\t\t\t\t\t\t\t<div class=\"elementor-toggle\">\n\t\t\t\t\t\t\t<div class=\"elementor-toggle-item\">\n\t\t\t\t\t<div id=\"elementor-tab-title-1931\" class=\"elementor-tab-title\" data-tab=\"1\" role=\"button\" aria-controls=\"elementor-tab-content-1931\" aria-expanded=\"false\">\n\t\t\t\t\t\t\t\t\t\t\t\t<span class=\"elementor-toggle-icon elementor-toggle-icon-left\" aria-hidden=\"true\">\n\t\t\t\t\t\t\t\t\t\t\t\t\t\t\t<span class=\"elementor-toggle-icon-closed\"><svg class=\"e-font-icon-svg e-fas-caret-right\" viewBox=\"0 0 192 512\" xmlns=\"http:\/\/www.w3.org\/2000\/svg\"><path d=\"M0 384.662V127.338c0-17.818 21.543-26.741 34.142-14.142l128.662 128.662c7.81 7.81 7.81 20.474 0 28.284L34.142 398.804C21.543 411.404 0 402.48 0 384.662z\"><\/path><\/svg><\/span>\n\t\t\t\t\t\t\t\t<span class=\"elementor-toggle-icon-opened\"><svg class=\"elementor-toggle-icon-opened e-font-icon-svg e-fas-caret-up\" viewBox=\"0 0 320 512\" xmlns=\"http:\/\/www.w3.org\/2000\/svg\"><path d=\"M288.662 352H31.338c-17.818 0-26.741-21.543-14.142-34.142l128.662-128.662c7.81-7.81 20.474-7.81 28.284 0l128.662 128.662c12.6 12.599 3.676 34.142-14.142 34.142z\"><\/path><\/svg><\/span>\n\t\t\t\t\t\t\t\t\t\t\t\t\t<\/span>\n\t\t\t\t\t\t\t\t\t\t\t\t<a class=\"elementor-toggle-title\" tabindex=\"0\">Traitements de l\u2019Unit\u00e9 de la Colonne Vert\u00e9brale HCB<\/a>\n\t\t\t\t\t<\/div>\n\n\t\t\t\t\t<div id=\"elementor-tab-content-1931\" class=\"elementor-tab-content elementor-clearfix\" data-tab=\"1\" role=\"region\" aria-labelledby=\"elementor-tab-title-1931\"><p><span style=\"font-weight: 400;\">Actuellement, le traitement conservateur est la premi\u00e8re option lorsqu\u2019il n\u2019y a pas de d\u00e9ficits neurologiques\u00a0; mais si cette option \u00e9choue, la chirurgie offre plusieurs solutions en d\u00e9pendant de la cause de la douleur.<\/span><\/p><p><span style=\"font-weight: 400;\">L\u2019\u00e9quipe de Neurochirurgie de HCB Hospitales poss\u00e8de une vaste exp\u00e9rience dans les techniques chirurgicales les plus r\u00e9centes pour le traitement des probl\u00e8mes de la colonne vert\u00e9brale. En outre, dans certains cas, l\u2019intervention est r\u00e9alis\u00e9e avec une chirurgie mini-invasive, ce qui repr\u00e9sente un grand avantage pour le patient au niveau de la douleur, de la dimension de l\u2019incision et de la r\u00e9cup\u00e9ration post-op\u00e9ratoire.<\/span><\/p><ul><li aria-level=\"1\"><b>D\u00e9compression mini-invasive<\/b><\/li><\/ul><p><span style=\"font-weight: 400;\">Microdiscectomie<\/span><\/p><p><span style=\"font-weight: 400;\">Microlaminectomie<\/span><\/p><p><span style=\"font-weight: 400;\">Traitement endoscopique<\/span><\/p><ul><li aria-level=\"1\"><b>Pr\u00e9servation de la mobilit\u00e9<\/b><\/li><\/ul><p><span style=\"font-weight: 400;\">Proth\u00e8se discale<\/span><\/p><ul><li aria-level=\"1\"><b>Cimentation vert\u00e9brale<\/b><\/li><\/ul><p><span style=\"font-weight: 400;\">Cyphoplastie<\/span><\/p><p><span style=\"font-weight: 400;\">Vert\u00e9broplastie<\/span><\/p><ul><li aria-level=\"1\"><b>Stabilisation vert\u00e9brale ouverte ou percutan\u00e9e<\/b><\/li><\/ul><p><span style=\"font-weight: 400;\">Fixation transp\u00e9diculaire<\/span><\/p><p><span style=\"font-weight: 400;\">Acc\u00e8s post\u00e9rieur (TLIF)<\/span><\/p><p><span style=\"font-weight: 400;\">Acc\u00e8s ant\u00e9rieur (ALIF)<\/span><\/p><p><span style=\"font-weight: 400;\">Acc\u00e8s lat\u00e9ral (XLIF)<\/span><\/p><ul><li aria-level=\"1\"><b>Traitement non chirurgical<\/b><\/li><\/ul><p><span style=\"font-weight: 400;\">Infiltrations ou blocs facettaires ou sacro-iliaques, radiculaires.<\/span><\/p><p><span style=\"font-weight: 400;\">Rhizolyse facettaire (radiofrequ\u00e9nce)<\/span><\/p><\/div>\n\t\t\t\t<\/div>\n\t\t\t\t\t\t\t\t<\/div>\n\t\t\t\t\t\t<\/div>\n\t\t\t\t<\/div>\n\t\t\t\t<div class=\"elementor-element elementor-element-a61c3be elementor-widget elementor-widget-toggle\" data-id=\"a61c3be\" data-element_type=\"widget\" data-e-type=\"widget\" data-widget_type=\"toggle.default\">\n\t\t\t\t<div class=\"elementor-widget-container\">\n\t\t\t\t\t\t\t<div class=\"elementor-toggle\">\n\t\t\t\t\t\t\t<div class=\"elementor-toggle-item\">\n\t\t\t\t\t<div id=\"elementor-tab-title-1741\" class=\"elementor-tab-title\" data-tab=\"1\" role=\"button\" aria-controls=\"elementor-tab-content-1741\" aria-expanded=\"false\">\n\t\t\t\t\t\t\t\t\t\t\t\t<span class=\"elementor-toggle-icon elementor-toggle-icon-left\" aria-hidden=\"true\">\n\t\t\t\t\t\t\t\t\t\t\t\t\t\t\t<span class=\"elementor-toggle-icon-closed\"><svg class=\"e-font-icon-svg e-fas-caret-right\" viewBox=\"0 0 192 512\" xmlns=\"http:\/\/www.w3.org\/2000\/svg\"><path d=\"M0 384.662V127.338c0-17.818 21.543-26.741 34.142-14.142l128.662 128.662c7.81 7.81 7.81 20.474 0 28.284L34.142 398.804C21.543 411.404 0 402.48 0 384.662z\"><\/path><\/svg><\/span>\n\t\t\t\t\t\t\t\t<span class=\"elementor-toggle-icon-opened\"><svg class=\"elementor-toggle-icon-opened e-font-icon-svg e-fas-caret-up\" viewBox=\"0 0 320 512\" xmlns=\"http:\/\/www.w3.org\/2000\/svg\"><path d=\"M288.662 352H31.338c-17.818 0-26.741-21.543-14.142-34.142l128.662-128.662c7.81-7.81 20.474-7.81 28.284 0l128.662 128.662c12.6 12.599 3.676 34.142-14.142 34.142z\"><\/path><\/svg><\/span>\n\t\t\t\t\t\t\t\t\t\t\t\t\t<\/span>\n\t\t\t\t\t\t\t\t\t\t\t\t<a class=\"elementor-toggle-title\" tabindex=\"0\">Sp\u00e9cialistes<\/a>\n\t\t\t\t\t<\/div>\n\n\t\t\t\t\t<div id=\"elementor-tab-content-1741\" class=\"elementor-tab-content elementor-clearfix\" data-tab=\"1\" role=\"region\" aria-labelledby=\"elementor-tab-title-1741\"><p><b>\u00c9quipe Unit\u00e9 de la Colonne HCB<\/b><\/p><p><b>Coordinatrice de l\u2019Unit\u00e9 de la Colonne Vert\u00e9brale\u00a0<\/b><\/p><p><span style=\"font-weight: 400;\">Milagros \u00c1lvarez Vega<\/span><\/p><p><a href=\"mailto:malvarez@clinicabenidorm.com\"><span style=\"font-weight: 400;\">malvarez@clinicabenidorm.com<\/span><\/a><span style=\"font-weight: 400;\">\u00a0<\/span><\/p><p><span style=\"font-weight: 400;\">96 585 38 50 Ext. 5520<\/span><\/p><p><b>Neurochirurgie<\/b><\/p><p><span style=\"font-weight: 400;\">Doct. Karim Ben Ghezala<\/span><\/p><p><span style=\"font-weight: 400;\">Doct. Juan Antonio Nieto Navarro<\/span><\/p><p><span style=\"font-weight: 400;\">Doct. Eva M\u00aa Pay Valverde<\/span><\/p><p><b>M\u00e9decin R\u00e9\u00e9ducateur<\/b><\/p><p><span style=\"font-weight: 400;\">Doct. Fernando Verd\u00fa M\u00e1s<\/span><\/p><p><b>Unit\u00e9 Kin\u00e9sith\u00e9rapie (Coordinatrice)<\/b><\/p><p><span style=\"font-weight: 400;\">Nora Serrano Schoenfeld<\/span><\/p><p><b>Neurologie<\/b><\/p><p><span style=\"font-weight: 400;\">Doct. Jos\u00e9 Javier Hern\u00e1ndez Mart\u00ednez<\/span><\/p><p><span style=\"font-weight: 400;\">Doct. Leticia Berenguer Ruiz<\/span><\/p><p><span style=\"font-weight: 400;\">Doct. M\u00aa Empar Blanco Cant\u00f3<\/span><\/p><p><span style=\"font-weight: 400;\">Doct. Paloma Gonzalez Belmar<\/span><\/p><\/div>\n\t\t\t\t<\/div>\n\t\t\t\t\t\t\t\t<\/div>\n\t\t\t\t\t\t<\/div>\n\t\t\t\t<\/div>\n\t\t\t\t\t<\/div>\n\t\t<\/div>\n\t\t\t\t\t<\/div>\n\t\t<\/section>\n\t\t\t\t<\/div>\n\t\t","protected":false},"excerpt":{"rendered":"<p>HCB Hospitales UNIT\u00c9 DE LA COLONNE VERT\u00c9BRALE L\u2019Unit\u00e9 de la Colonne Vert\u00e9brale de HCB, qui fait partie du Service de Neurologie, traite les pathologies de la colonne vert\u00e9brale avec la technologie et les techniques chirurgicales les plus modernes et b\u00e9n\u00e9fiques pour le patient. L\u2019Unit\u00e9 de la Colonne Vert\u00e9brale de HCB Hospitales offre aux patients des [&hellip;]<\/p>\n","protected":false},"author":2,"featured_media":0,"parent":22485,"menu_order":0,"comment_status":"closed","ping_status":"closed","template":"","meta":{"_acf_changed":false,"footnotes":""},"class_list":["post-15855","page","type-page","status-publish","hentry"],"acf":[],"_links":{"self":[{"href":"https:\/\/hcbhospitales.com\/fr\/wp-json\/wp\/v2\/pages\/15855","targetHints":{"allow":["GET"]}}],"collection":[{"href":"https:\/\/hcbhospitales.com\/fr\/wp-json\/wp\/v2\/pages"}],"about":[{"href":"https:\/\/hcbhospitales.com\/fr\/wp-json\/wp\/v2\/types\/page"}],"author":[{"embeddable":true,"href":"https:\/\/hcbhospitales.com\/fr\/wp-json\/wp\/v2\/users\/2"}],"replies":[{"embeddable":true,"href":"https:\/\/hcbhospitales.com\/fr\/wp-json\/wp\/v2\/comments?post=15855"}],"version-history":[{"count":3,"href":"https:\/\/hcbhospitales.com\/fr\/wp-json\/wp\/v2\/pages\/15855\/revisions"}],"predecessor-version":[{"id":22666,"href":"https:\/\/hcbhospitales.com\/fr\/wp-json\/wp\/v2\/pages\/15855\/revisions\/22666"}],"up":[{"embeddable":true,"href":"https:\/\/hcbhospitales.com\/fr\/wp-json\/wp\/v2\/pages\/22485"}],"wp:attachment":[{"href":"https:\/\/hcbhospitales.com\/fr\/wp-json\/wp\/v2\/media?parent=15855"}],"curies":[{"name":"wp","href":"https:\/\/api.w.org\/{rel}","templated":true}]}}