{"id":10521,"date":"2022-04-12T11:06:00","date_gmt":"2022-04-12T09:06:00","guid":{"rendered":"https:\/\/hcbhospitales.com\/?page_id=10521"},"modified":"2023-12-04T09:45:03","modified_gmt":"2023-12-04T08:45:03","slug":"rehabilitation-and-physiotherapy-unit","status":"publish","type":"page","link":"https:\/\/hcbhospitales.com\/en\/reference-units\/rehabilitation-and-physiotherapy-unit\/","title":{"rendered":"REHABILITATION AND PHYSIOTHERAPY UNIT"},"content":{"rendered":"\t\t<div data-elementor-type=\"wp-page\" data-elementor-id=\"10521\" class=\"elementor elementor-10521 elementor-5356\" data-elementor-post-type=\"page\">\n\t\t\t\t\t\t<section class=\"elementor-section elementor-top-section elementor-element elementor-element-8ba004e elementor-section-boxed elementor-section-height-default elementor-section-height-default\" data-id=\"8ba004e\" data-element_type=\"section\" data-e-type=\"section\" data-settings=\"{&quot;jet_parallax_layout_list&quot;:[{&quot;jet_parallax_layout_image&quot;:{&quot;url&quot;:&quot;&quot;,&quot;id&quot;:&quot;&quot;,&quot;size&quot;:&quot;&quot;},&quot;_id&quot;:&quot;bfae6c3&quot;,&quot;jet_parallax_layout_image_tablet&quot;:{&quot;url&quot;:&quot;&quot;,&quot;id&quot;:&quot;&quot;,&quot;size&quot;:&quot;&quot;},&quot;jet_parallax_layout_image_mobile&quot;:{&quot;url&quot;:&quot;&quot;,&quot;id&quot;:&quot;&quot;,&quot;size&quot;:&quot;&quot;},&quot;jet_parallax_layout_speed&quot;:{&quot;unit&quot;:&quot;%&quot;,&quot;size&quot;:50,&quot;sizes&quot;:[]},&quot;jet_parallax_layout_type&quot;:&quot;scroll&quot;,&quot;jet_parallax_layout_direction&quot;:&quot;1&quot;,&quot;jet_parallax_layout_fx_direction&quot;:null,&quot;jet_parallax_layout_z_index&quot;:&quot;&quot;,&quot;jet_parallax_layout_bg_x&quot;:50,&quot;jet_parallax_layout_bg_x_tablet&quot;:&quot;&quot;,&quot;jet_parallax_layout_bg_x_mobile&quot;:&quot;&quot;,&quot;jet_parallax_layout_bg_y&quot;:50,&quot;jet_parallax_layout_bg_y_tablet&quot;:&quot;&quot;,&quot;jet_parallax_layout_bg_y_mobile&quot;:&quot;&quot;,&quot;jet_parallax_layout_bg_size&quot;:&quot;auto&quot;,&quot;jet_parallax_layout_bg_size_tablet&quot;:&quot;&quot;,&quot;jet_parallax_layout_bg_size_mobile&quot;:&quot;&quot;,&quot;jet_parallax_layout_animation_prop&quot;:&quot;transform&quot;,&quot;jet_parallax_layout_on&quot;:[&quot;desktop&quot;,&quot;tablet&quot;]}],&quot;background_background&quot;:&quot;gradient&quot;}\">\n\t\t\t\t\t\t<div class=\"elementor-container elementor-column-gap-default\">\n\t\t\t\t\t<div class=\"elementor-column elementor-col-100 elementor-top-column elementor-element elementor-element-2b0e3e0\" data-id=\"2b0e3e0\" data-element_type=\"column\" data-e-type=\"column\">\n\t\t\t<div class=\"elementor-widget-wrap elementor-element-populated\">\n\t\t\t\t\t\t<div class=\"elementor-element elementor-element-2909d80 elementor-widget elementor-widget-jet-breadcrumbs\" data-id=\"2909d80\" data-element_type=\"widget\" data-e-type=\"widget\" data-widget_type=\"jet-breadcrumbs.default\">\n\t\t\t\t<div class=\"elementor-widget-container\">\n\t\t\t\t\t<div class=\"elementor-jet-breadcrumbs jet-blocks\">\n\t\t<div class=\"jet-breadcrumbs\">\n\t\t<div class=\"jet-breadcrumbs__content\">\n\t\t<div class=\"jet-breadcrumbs__wrap\"><div class=\"jet-breadcrumbs__item\"><a href=\"https:\/\/hcbhospitales.com\/en\/\" class=\"jet-breadcrumbs__item-link is-home\" rel=\"home\" title=\"Home\">Home<\/a><\/div>\n\t\t<\/div>\n\t\t<\/div>\n\t\t<\/div><\/div>\t\t\t\t<\/div>\n\t\t\t\t<\/div>\n\t\t\t\t<div class=\"elementor-element elementor-element-b5eabd7 elementor-widget elementor-widget-image\" data-id=\"b5eabd7\" data-element_type=\"widget\" data-e-type=\"widget\" data-widget_type=\"image.default\">\n\t\t\t\t<div class=\"elementor-widget-container\">\n\t\t\t\t\t\t\t\t\t\t\t\t\t\t\t<img fetchpriority=\"high\" decoding=\"async\" width=\"800\" height=\"600\" src=\"https:\/\/hcbhospitales.com\/wp-content\/uploads\/2022\/02\/unidades-de-referencia-7.jpg\" class=\"attachment-full size-full wp-image-3108\" alt=\"\" srcset=\"https:\/\/hcbhospitales.com\/wp-content\/uploads\/2022\/02\/unidades-de-referencia-7.jpg 800w, https:\/\/hcbhospitales.com\/wp-content\/uploads\/2022\/02\/unidades-de-referencia-7-300x225.jpg 300w, https:\/\/hcbhospitales.com\/wp-content\/uploads\/2022\/02\/unidades-de-referencia-7-768x576.jpg 768w\" sizes=\"(max-width: 800px) 100vw, 800px\" \/>\t\t\t\t\t\t\t\t\t\t\t\t\t\t\t<\/div>\n\t\t\t\t<\/div>\n\t\t\t\t<div class=\"elementor-element elementor-element-4a588bd elementor-widget elementor-widget-text-editor\" data-id=\"4a588bd\" data-element_type=\"widget\" data-e-type=\"widget\" data-widget_type=\"text-editor.default\">\n\t\t\t\t<div class=\"elementor-widget-container\">\n\t\t\t\t\t\t\t\t\t<p><strong>REHABILITATION AND PHYSIOTHERAPY UNIT<\/strong><\/p><p><span style=\"font-weight: 400;\">The HCB Hospitales Physiotherapy and Rehabilitation Unit provides services to outpatients and inpatients.<\/span><\/p><p><span style=\"font-weight: 400;\">The HCB Medical Physiotherapy and Rehabilitation team is made up of a specialist in Rehabilitation and Physical Medicine, Physiotherapists and assistants.<\/span><\/p><p><span style=\"font-weight: 400;\">The HCB Rehabilitation and Physiotherapy service provides comprehensive care to patients with any type of disability for their recovery from the injury or to improve their degree of functionality.<\/span><\/p><p><span style=\"font-weight: 400;\">The main treatments developed in Medical Physiotherapy and HCB Rehabilitation are:<\/span><\/p><ul><li><span style=\"font-weight: 400;\"> Musculoskeletal unit<\/span><\/li><li><span style=\"font-weight: 400;\"> Neurorehabilitation<\/span><\/li><li><span style=\"font-weight: 400;\"> Lymphedema Unit, venous insufficiency<\/span><\/li><li><span style=\"font-weight: 400;\"> Pelvic Floor Recovery Unit: Incontinence<\/span><\/li><li><span style=\"font-weight: 400;\"> Child Rehabilitation<\/span><\/li><\/ul><p><span style=\"font-weight: 400;\">The health care of the service is provided in medical consultations and in gyms designed for this service. In addition, it is also provided in the hospitalization area, providing specialized service to admitted patients who need it.<\/span><\/p><p>\u00a0<\/p><p><strong>HCB BENIDORM MEDICAL PHYSIOTHERAPY\u00a0<\/strong><\/p><p><span style=\"font-weight: 400;\">The facilities in Benidorm (500 m\u00b2 in which 2 medical consultations, 6 boxes for treatments and a spacious gym are distributed, as well as changing rooms with showers and lockers and a large common room and reception areas) have the latest technology applied to Medical Rehabilitation and Physiotherapy.<\/span><\/p><p><span style=\"font-weight: 400;\">The HCB Benidorm Medical Physiotherapy centre is at Avenida de L\u00b4Aig\u00fcera, 13 (Benidorm). It is located between Avenida de L&#8217;Aig\u00fcera (at the approximate height of the Plaza de Toros) and Calle Orcheta, which starts from the central Avenida Beniard\u00e0.<\/span><\/p><p><span style=\"font-weight: 400;\">APPOINTMENTS AND INFORMATION<\/span><\/p><p><strong>Telephone 96 607 27 33<\/strong><\/p>\t\t\t\t\t\t\t\t<\/div>\n\t\t\t\t<\/div>\n\t\t\t\t<div class=\"elementor-element elementor-element-2be3f03 elementor-widget elementor-widget-toggle\" data-id=\"2be3f03\" data-element_type=\"widget\" data-e-type=\"widget\" data-widget_type=\"toggle.default\">\n\t\t\t\t<div class=\"elementor-widget-container\">\n\t\t\t\t\t\t\t<div class=\"elementor-toggle\">\n\t\t\t\t\t\t\t<div class=\"elementor-toggle-item\">\n\t\t\t\t\t<div id=\"elementor-tab-title-4601\" class=\"elementor-tab-title\" data-tab=\"1\" role=\"button\" aria-controls=\"elementor-tab-content-4601\" aria-expanded=\"false\">\n\t\t\t\t\t\t\t\t\t\t\t\t<span class=\"elementor-toggle-icon elementor-toggle-icon-left\" aria-hidden=\"true\">\n\t\t\t\t\t\t\t\t\t\t\t\t\t\t\t<span class=\"elementor-toggle-icon-closed\"><svg class=\"e-font-icon-svg e-fas-caret-right\" viewBox=\"0 0 192 512\" xmlns=\"http:\/\/www.w3.org\/2000\/svg\"><path d=\"M0 384.662V127.338c0-17.818 21.543-26.741 34.142-14.142l128.662 128.662c7.81 7.81 7.81 20.474 0 28.284L34.142 398.804C21.543 411.404 0 402.48 0 384.662z\"><\/path><\/svg><\/span>\n\t\t\t\t\t\t\t\t<span class=\"elementor-toggle-icon-opened\"><svg class=\"elementor-toggle-icon-opened e-font-icon-svg e-fas-caret-up\" viewBox=\"0 0 320 512\" xmlns=\"http:\/\/www.w3.org\/2000\/svg\"><path d=\"M288.662 352H31.338c-17.818 0-26.741-21.543-14.142-34.142l128.662-128.662c7.81-7.81 20.474-7.81 28.284 0l128.662 128.662c12.6 12.599 3.676 34.142-14.142 34.142z\"><\/path><\/svg><\/span>\n\t\t\t\t\t\t\t\t\t\t\t\t\t<\/span>\n\t\t\t\t\t\t\t\t\t\t\t\t<a class=\"elementor-toggle-title\" tabindex=\"0\">Specialist<\/a>\n\t\t\t\t\t<\/div>\n\n\t\t\t\t\t<div id=\"elementor-tab-content-4601\" class=\"elementor-tab-content elementor-clearfix\" data-tab=\"1\" role=\"region\" aria-labelledby=\"elementor-tab-title-4601\"><p><b>HCB Benidorm Team<\/b><\/p><p><strong>Rehabilitation Physician<\/strong><\/p><p><span style=\"font-weight: 400;\">Dr. Fernando Verd\u00fa Mas<\/span><\/p><p><strong>Head of Physiotherapy Service at HCB<\/strong><\/p><p><span style=\"font-weight: 400;\">Nora Serrano Schoenfeld<\/span><\/p><p><strong>\u00a0Physiotherapists<\/strong><\/p><p><span style=\"font-weight: 400;\">\u00c1ngela Pascual<\/span><\/p><p><span style=\"font-weight: 400;\">Claudia Schulz<\/span><\/p><p><span style=\"font-weight: 400;\">Eva Fuentes<\/span><\/p><p><span style=\"font-weight: 400;\">Laura P\u00e9rez Cano<\/span><\/p><p><b>HCB Denia Team<\/b><\/p><p><strong>Rehabilitation Physician<\/strong><\/p><p><span style=\"font-weight: 400;\">Dr. Fernando Verd\u00fa Mas<\/span><\/p><\/div>\n\t\t\t\t<\/div>\n\t\t\t\t\t\t\t\t<\/div>\n\t\t\t\t\t\t<\/div>\n\t\t\t\t<\/div>\n\t\t\t\t\t<\/div>\n\t\t<\/div>\n\t\t\t\t\t<\/div>\n\t\t<\/section>\n\t\t\t\t<\/div>\n\t\t","protected":false},"excerpt":{"rendered":"<p>HCB Hospitales REHABILITATION AND PHYSIOTHERAPY UNIT The HCB Hospitales Physiotherapy and Rehabilitation Unit provides services to outpatients and inpatients. The HCB Medical Physiotherapy and Rehabilitation team is made up of a specialist in Rehabilitation and Physical Medicine, Physiotherapists and assistants. The HCB Rehabilitation and Physiotherapy service provides comprehensive care to patients with any type of [&hellip;]<\/p>\n","protected":false},"author":2,"featured_media":0,"parent":22483,"menu_order":0,"comment_status":"closed","ping_status":"closed","template":"","meta":{"_acf_changed":false,"footnotes":""},"class_list":["post-10521","page","type-page","status-publish","hentry"],"acf":[],"_links":{"self":[{"href":"https:\/\/hcbhospitales.com\/en\/wp-json\/wp\/v2\/pages\/10521","targetHints":{"allow":["GET"]}}],"collection":[{"href":"https:\/\/hcbhospitales.com\/en\/wp-json\/wp\/v2\/pages"}],"about":[{"href":"https:\/\/hcbhospitales.com\/en\/wp-json\/wp\/v2\/types\/page"}],"author":[{"embeddable":true,"href":"https:\/\/hcbhospitales.com\/en\/wp-json\/wp\/v2\/users\/2"}],"replies":[{"embeddable":true,"href":"https:\/\/hcbhospitales.com\/en\/wp-json\/wp\/v2\/comments?post=10521"}],"version-history":[{"count":3,"href":"https:\/\/hcbhospitales.com\/en\/wp-json\/wp\/v2\/pages\/10521\/revisions"}],"predecessor-version":[{"id":22554,"href":"https:\/\/hcbhospitales.com\/en\/wp-json\/wp\/v2\/pages\/10521\/revisions\/22554"}],"up":[{"embeddable":true,"href":"https:\/\/hcbhospitales.com\/en\/wp-json\/wp\/v2\/pages\/22483"}],"wp:attachment":[{"href":"https:\/\/hcbhospitales.com\/en\/wp-json\/wp\/v2\/media?parent=10521"}],"curies":[{"name":"wp","href":"https:\/\/api.w.org\/{rel}","templated":true}]}}