{"id":10442,"date":"2022-04-12T11:11:10","date_gmt":"2022-04-12T09:11:10","guid":{"rendered":"https:\/\/hcbhospitales.com\/?page_id=10442"},"modified":"2023-12-04T09:44:47","modified_gmt":"2023-12-04T08:44:47","slug":"spine-unit","status":"publish","type":"page","link":"https:\/\/hcbhospitales.com\/en\/reference-units\/spine-unit\/","title":{"rendered":"Spine Unit"},"content":{"rendered":"\t\t<div data-elementor-type=\"wp-page\" data-elementor-id=\"10442\" class=\"elementor elementor-10442 elementor-5383\" data-elementor-post-type=\"page\">\n\t\t\t\t\t\t<section class=\"elementor-section elementor-top-section elementor-element elementor-element-8ba004e elementor-section-boxed elementor-section-height-default elementor-section-height-default\" data-id=\"8ba004e\" data-element_type=\"section\" data-e-type=\"section\" data-settings=\"{&quot;jet_parallax_layout_list&quot;:[{&quot;jet_parallax_layout_image&quot;:{&quot;url&quot;:&quot;&quot;,&quot;id&quot;:&quot;&quot;,&quot;size&quot;:&quot;&quot;},&quot;_id&quot;:&quot;bfae6c3&quot;,&quot;jet_parallax_layout_image_tablet&quot;:{&quot;url&quot;:&quot;&quot;,&quot;id&quot;:&quot;&quot;,&quot;size&quot;:&quot;&quot;},&quot;jet_parallax_layout_image_mobile&quot;:{&quot;url&quot;:&quot;&quot;,&quot;id&quot;:&quot;&quot;,&quot;size&quot;:&quot;&quot;},&quot;jet_parallax_layout_speed&quot;:{&quot;unit&quot;:&quot;%&quot;,&quot;size&quot;:50,&quot;sizes&quot;:[]},&quot;jet_parallax_layout_type&quot;:&quot;scroll&quot;,&quot;jet_parallax_layout_direction&quot;:&quot;1&quot;,&quot;jet_parallax_layout_fx_direction&quot;:null,&quot;jet_parallax_layout_z_index&quot;:&quot;&quot;,&quot;jet_parallax_layout_bg_x&quot;:50,&quot;jet_parallax_layout_bg_x_tablet&quot;:&quot;&quot;,&quot;jet_parallax_layout_bg_x_mobile&quot;:&quot;&quot;,&quot;jet_parallax_layout_bg_y&quot;:50,&quot;jet_parallax_layout_bg_y_tablet&quot;:&quot;&quot;,&quot;jet_parallax_layout_bg_y_mobile&quot;:&quot;&quot;,&quot;jet_parallax_layout_bg_size&quot;:&quot;auto&quot;,&quot;jet_parallax_layout_bg_size_tablet&quot;:&quot;&quot;,&quot;jet_parallax_layout_bg_size_mobile&quot;:&quot;&quot;,&quot;jet_parallax_layout_animation_prop&quot;:&quot;transform&quot;,&quot;jet_parallax_layout_on&quot;:[&quot;desktop&quot;,&quot;tablet&quot;]}],&quot;background_background&quot;:&quot;gradient&quot;}\">\n\t\t\t\t\t\t<div class=\"elementor-container elementor-column-gap-default\">\n\t\t\t\t\t<div class=\"elementor-column elementor-col-100 elementor-top-column elementor-element elementor-element-2b0e3e0\" data-id=\"2b0e3e0\" data-element_type=\"column\" data-e-type=\"column\">\n\t\t\t<div class=\"elementor-widget-wrap elementor-element-populated\">\n\t\t\t\t\t\t<div class=\"elementor-element elementor-element-86a2fa8 elementor-widget elementor-widget-jet-breadcrumbs\" data-id=\"86a2fa8\" data-element_type=\"widget\" data-e-type=\"widget\" data-widget_type=\"jet-breadcrumbs.default\">\n\t\t\t\t<div class=\"elementor-widget-container\">\n\t\t\t\t\t<div class=\"elementor-jet-breadcrumbs jet-blocks\">\n\t\t<div class=\"jet-breadcrumbs\">\n\t\t<div class=\"jet-breadcrumbs__content\">\n\t\t<div class=\"jet-breadcrumbs__wrap\"><div class=\"jet-breadcrumbs__item\"><a href=\"https:\/\/hcbhospitales.com\/en\/\" class=\"jet-breadcrumbs__item-link is-home\" rel=\"home\" title=\"Home\">Home<\/a><\/div>\n\t\t<\/div>\n\t\t<\/div>\n\t\t<\/div><\/div>\t\t\t\t<\/div>\n\t\t\t\t<\/div>\n\t\t\t\t<div class=\"elementor-element elementor-element-b0995b9 elementor-widget elementor-widget-image\" data-id=\"b0995b9\" data-element_type=\"widget\" data-e-type=\"widget\" data-widget_type=\"image.default\">\n\t\t\t\t<div class=\"elementor-widget-container\">\n\t\t\t\t\t\t\t\t\t\t\t\t\t\t\t<img fetchpriority=\"high\" decoding=\"async\" width=\"800\" height=\"600\" src=\"https:\/\/hcbhospitales.com\/wp-content\/uploads\/2022\/02\/unidades-de-referencia-5.jpg\" class=\"attachment-full size-full wp-image-3106\" alt=\"\" srcset=\"https:\/\/hcbhospitales.com\/wp-content\/uploads\/2022\/02\/unidades-de-referencia-5.jpg 800w, https:\/\/hcbhospitales.com\/wp-content\/uploads\/2022\/02\/unidades-de-referencia-5-300x225.jpg 300w, https:\/\/hcbhospitales.com\/wp-content\/uploads\/2022\/02\/unidades-de-referencia-5-768x576.jpg 768w\" sizes=\"(max-width: 800px) 100vw, 800px\" \/>\t\t\t\t\t\t\t\t\t\t\t\t\t\t\t<\/div>\n\t\t\t\t<\/div>\n\t\t\t\t<div class=\"elementor-element elementor-element-4a588bd elementor-widget elementor-widget-text-editor\" data-id=\"4a588bd\" data-element_type=\"widget\" data-e-type=\"widget\" data-widget_type=\"text-editor.default\">\n\t\t\t\t<div class=\"elementor-widget-container\">\n\t\t\t\t\t\t\t\t\t<p><b>UNIDAD DE COLUMNA<\/b><\/p><p><span style=\"font-weight: 400;\">La Unidad de Columna de HCB Hospitales, parte del Servicio de Neurocirug\u00eda, trata las patolog\u00edas de la columna con la tecnolog\u00eda y t\u00e9cnicas quir\u00fargicas m\u00e1s innovadoras y beneficiosas para el paciente.<\/span><\/p><p><span style=\"font-weight: 400;\">La\u00a0<\/span><b>Unidad de Columna de HCB Hospitales <\/b><span style=\"font-weight: 400;\">ofrece a cada paciente el tratamiento adecuado a sus necesidades, valorando de modo interdisciplinar todas las opciones posibles y con una filosof\u00eda de trabajo basada en los siguientes valores:<\/span><\/p><ul><li style=\"font-weight: 400;\" aria-level=\"1\"><b>Capacitaci\u00f3n.<\/b><span style=\"font-weight: 400;\"> El Equipo de la Unidad de Columna del Hospital Cl\u00ednica Benidorm cuenta con los est\u00e1ndares de capacitaci\u00f3n m\u00e1s elevados. Todos los profesionales integrantes acreditan formaci\u00f3n nacional e internacional en distintos campos de la patolog\u00eda de columna.<\/span><\/li><li style=\"font-weight: 400;\" aria-level=\"1\"><b>Actualizaci\u00f3n.<\/b><span style=\"font-weight: 400;\"> Cada a\u00f1o se asiste a las reuniones cient\u00edficas m\u00e1s relevantes para ofrecer a nuestros pacientes los tratamientos m\u00e1s novedosos.<\/span><\/li><li style=\"font-weight: 400;\" aria-level=\"1\"><span style=\"font-weight: 400;\">No se propone ning\u00fan tipo de tratamiento a pacientes que, a priori, no se van a beneficiar de \u00e9l. Nuestras recomendaciones terap\u00e9uticas se gu\u00edan siempre por la <\/span><b>honestidad y la \u00e9tica<\/b><span style=\"font-weight: 400;\">.<\/span><\/li><li style=\"font-weight: 400;\" aria-level=\"1\"><b>Atenci\u00f3n humana.<\/b><span style=\"font-weight: 400;\"> Atendemos personas, no limit\u00e1ndonos al concepto de \u201cpaciente\u201d.<\/span><\/li><li style=\"font-weight: 400;\" aria-level=\"1\"><b>Todos los pacientes son valorados por distintos especialistas<\/b><span style=\"font-weight: 400;\">, en funci\u00f3n de sus necesidades, consiguiendo as\u00ed una visi\u00f3n de conjunto que permite ofrecer planes de tratamiento individualizados.<\/span><\/li><li style=\"font-weight: 400;\" aria-level=\"1\"><b>Calidad<\/b><span style=\"font-weight: 400;\"> en todos los procesos implicados en la atenci\u00f3n a nuestros pacientes.<\/span><\/li><li style=\"font-weight: 400;\" aria-level=\"1\"><b>Tecnolog\u00eda.<\/b><span style=\"font-weight: 400;\"> Ponemos a disposici\u00f3n de nuestros pacientes los medios tecnol\u00f3gicos m\u00e1s avanzados para el diagn\u00f3stico y el tratamiento<\/span><\/li><\/ul>\t\t\t\t\t\t\t\t<\/div>\n\t\t\t\t<\/div>\n\t\t\t\t<div class=\"elementor-element elementor-element-127fd84 elementor-widget elementor-widget-toggle\" data-id=\"127fd84\" data-element_type=\"widget\" data-e-type=\"widget\" data-widget_type=\"toggle.default\">\n\t\t\t\t<div class=\"elementor-widget-container\">\n\t\t\t\t\t\t\t<div class=\"elementor-toggle\">\n\t\t\t\t\t\t\t<div class=\"elementor-toggle-item\">\n\t\t\t\t\t<div id=\"elementor-tab-title-1931\" class=\"elementor-tab-title\" data-tab=\"1\" role=\"button\" aria-controls=\"elementor-tab-content-1931\" aria-expanded=\"false\">\n\t\t\t\t\t\t\t\t\t\t\t\t<span class=\"elementor-toggle-icon elementor-toggle-icon-left\" aria-hidden=\"true\">\n\t\t\t\t\t\t\t\t\t\t\t\t\t\t\t<span class=\"elementor-toggle-icon-closed\"><svg class=\"e-font-icon-svg e-fas-caret-right\" viewBox=\"0 0 192 512\" xmlns=\"http:\/\/www.w3.org\/2000\/svg\"><path d=\"M0 384.662V127.338c0-17.818 21.543-26.741 34.142-14.142l128.662 128.662c7.81 7.81 7.81 20.474 0 28.284L34.142 398.804C21.543 411.404 0 402.48 0 384.662z\"><\/path><\/svg><\/span>\n\t\t\t\t\t\t\t\t<span class=\"elementor-toggle-icon-opened\"><svg class=\"elementor-toggle-icon-opened e-font-icon-svg e-fas-caret-up\" viewBox=\"0 0 320 512\" xmlns=\"http:\/\/www.w3.org\/2000\/svg\"><path d=\"M288.662 352H31.338c-17.818 0-26.741-21.543-14.142-34.142l128.662-128.662c7.81-7.81 20.474-7.81 28.284 0l128.662 128.662c12.6 12.599 3.676 34.142-14.142 34.142z\"><\/path><\/svg><\/span>\n\t\t\t\t\t\t\t\t\t\t\t\t\t<\/span>\n\t\t\t\t\t\t\t\t\t\t\t\t<a class=\"elementor-toggle-title\" tabindex=\"0\">Tratamientos Unidad Columna HCB<\/a>\n\t\t\t\t\t<\/div>\n\n\t\t\t\t\t<div id=\"elementor-tab-content-1931\" class=\"elementor-tab-content elementor-clearfix\" data-tab=\"1\" role=\"region\" aria-labelledby=\"elementor-tab-title-1931\"><p><span style=\"font-weight: 400;\">En la actualidad el tratamiento conservador es la primera opci\u00f3n cuando no hay d\u00e9ficits neurol\u00f3gicos pero cuando fracasa este primer escal\u00f3n, la cirug\u00eda ofrece diversas soluciones seg\u00fan la causa del dolor.<\/span><\/p><p><span style=\"font-weight: 400;\">El equipo de Neurocirug\u00eda de HCB Hospitales tiene amplia experiencia en las \u00faltimas t\u00e9cnicas quir\u00fargicas para el tratamiento de los problemas de la columna vertebral. Adem\u00e1s, en los casos indicados, se realiza la intervenci\u00f3n mediante cirug\u00eda m\u00ednimamente invasiva con un gran beneficio para el paciente en cuanto a dolor, tama\u00f1o de la incisi\u00f3n y recuperaci\u00f3n posterior.<\/span><\/p><ul><li aria-level=\"1\"><b>Descompresi\u00f3n m\u00ednimamente invasiva<\/b><\/li><\/ul><p><span style=\"font-weight: 400;\">Microdiscectom\u00eda<\/span><\/p><p><span style=\"font-weight: 400;\">Microlaminectom\u00eda<\/span><\/p><p><span style=\"font-weight: 400;\">Abordaje endosc\u00f3pico<\/span><\/p><ul><li aria-level=\"1\"><b>Preservaci\u00f3n de la movilidad<\/b><\/li><\/ul><p><span style=\"font-weight: 400;\">Pr\u00f3tesis discal<\/span><\/p><ul><li aria-level=\"1\"><b>Cementaci\u00f3n vertebral<\/b><\/li><\/ul><p><span style=\"font-weight: 400;\">Cifoplastia<\/span><\/p><p><span style=\"font-weight: 400;\">Vertebroplastia<\/span><\/p><ul><li aria-level=\"1\"><b>Estabilizaci\u00f3n vertebral abierta o percut\u00e1nea<\/b><\/li><\/ul><p><span style=\"font-weight: 400;\">Fijaci\u00f3n transpedicular<\/span><\/p><p><span style=\"font-weight: 400;\">Abordaje posterior (TLIF)<\/span><\/p><p><span style=\"font-weight: 400;\">Abordaje anterior (ALIF)<\/span><\/p><p><span style=\"font-weight: 400;\">Abordaje lateral (XLIF)<\/span><\/p><ul><li aria-level=\"1\"><b>Tratamiento no quir\u00fargico<\/b><\/li><\/ul><p><span style=\"font-weight: 400;\">Infiltraciones o bloqueos facetarios o sacroil\u00edacos, radiculares.<\/span><\/p><p><span style=\"font-weight: 400;\">Riz\u00f3lisis facetaria (radiofrecuencia)<\/span><\/p><\/div>\n\t\t\t\t<\/div>\n\t\t\t\t\t\t\t\t<\/div>\n\t\t\t\t\t\t<\/div>\n\t\t\t\t<\/div>\n\t\t\t\t<div class=\"elementor-element elementor-element-a61c3be elementor-widget elementor-widget-toggle\" data-id=\"a61c3be\" data-element_type=\"widget\" data-e-type=\"widget\" data-widget_type=\"toggle.default\">\n\t\t\t\t<div class=\"elementor-widget-container\">\n\t\t\t\t\t\t\t<div class=\"elementor-toggle\">\n\t\t\t\t\t\t\t<div class=\"elementor-toggle-item\">\n\t\t\t\t\t<div id=\"elementor-tab-title-1741\" class=\"elementor-tab-title\" data-tab=\"1\" role=\"button\" aria-controls=\"elementor-tab-content-1741\" aria-expanded=\"false\">\n\t\t\t\t\t\t\t\t\t\t\t\t<span class=\"elementor-toggle-icon elementor-toggle-icon-left\" aria-hidden=\"true\">\n\t\t\t\t\t\t\t\t\t\t\t\t\t\t\t<span class=\"elementor-toggle-icon-closed\"><svg class=\"e-font-icon-svg e-fas-caret-right\" viewBox=\"0 0 192 512\" xmlns=\"http:\/\/www.w3.org\/2000\/svg\"><path d=\"M0 384.662V127.338c0-17.818 21.543-26.741 34.142-14.142l128.662 128.662c7.81 7.81 7.81 20.474 0 28.284L34.142 398.804C21.543 411.404 0 402.48 0 384.662z\"><\/path><\/svg><\/span>\n\t\t\t\t\t\t\t\t<span class=\"elementor-toggle-icon-opened\"><svg class=\"elementor-toggle-icon-opened e-font-icon-svg e-fas-caret-up\" viewBox=\"0 0 320 512\" xmlns=\"http:\/\/www.w3.org\/2000\/svg\"><path d=\"M288.662 352H31.338c-17.818 0-26.741-21.543-14.142-34.142l128.662-128.662c7.81-7.81 20.474-7.81 28.284 0l128.662 128.662c12.6 12.599 3.676 34.142-14.142 34.142z\"><\/path><\/svg><\/span>\n\t\t\t\t\t\t\t\t\t\t\t\t\t<\/span>\n\t\t\t\t\t\t\t\t\t\t\t\t<a class=\"elementor-toggle-title\" tabindex=\"0\">Especialistas<\/a>\n\t\t\t\t\t<\/div>\n\n\t\t\t\t\t<div id=\"elementor-tab-content-1741\" class=\"elementor-tab-content elementor-clearfix\" data-tab=\"1\" role=\"region\" aria-labelledby=\"elementor-tab-title-1741\"><p><b>Equipo Unidad de Columna HCB<\/b><\/p><p><b>Coordinadora de la Unidad de Columna\u00a0<\/b><\/p><p><span style=\"font-weight: 400;\">Milagros \u00c1lvarez Vega<\/span><\/p><p><strong><a href=\"mailto:malvarez@clinicabenidorm.com\">malvarez@clinicabenidorm.com<\/a>\u00a0<\/strong><\/p><p><span style=\"font-weight: 400;\">96 585 38 50 Ext. 5520<\/span><\/p><p><b>Neurocirug\u00eda<\/b><\/p><p><span style=\"font-weight: 400;\">Dr. Karim Ben Ghezala<\/span><\/p><p><span style=\"font-weight: 400;\">Dr. Juan Antonio Nieto Navarro<\/span><\/p><p><span style=\"font-weight: 400;\">Dra. Eva M\u00aa Pay Valverde<\/span><\/p><p><b>M\u00e9dico Rehabilitador<\/b><\/p><p><span style=\"font-weight: 400;\">Dr. Fernando Verd\u00fa M\u00e1s<\/span><\/p><p><b>Unidad Fisioterapia (Coordinadora)<\/b><\/p><p><span style=\"font-weight: 400;\">Nora Serrano Schoenfeld<\/span><\/p><p><b>Neurolog\u00eda<\/b><\/p><p><span style=\"font-weight: 400;\">Dr. Jos\u00e9 Javier Hern\u00e1ndez Mart\u00ednez<\/span><\/p><p><span style=\"font-weight: 400;\">Dra. Leticia Berenguer Ruiz<\/span><\/p><p><span style=\"font-weight: 400;\">Dra. M\u00aa Empar Blanco Cant\u00f3<\/span><\/p><p><span style=\"font-weight: 400;\">Dra. Paloma Gonzalez Belmar<\/span><\/p><\/div>\n\t\t\t\t<\/div>\n\t\t\t\t\t\t\t\t<\/div>\n\t\t\t\t\t\t<\/div>\n\t\t\t\t<\/div>\n\t\t\t\t\t<\/div>\n\t\t<\/div>\n\t\t\t\t\t<\/div>\n\t\t<\/section>\n\t\t\t\t<\/div>\n\t\t","protected":false},"excerpt":{"rendered":"<p>HCB Hospitales UNIDAD DE COLUMNA La Unidad de Columna de HCB Hospitales, parte del Servicio de Neurocirug\u00eda, trata las patolog\u00edas de la columna con la tecnolog\u00eda y t\u00e9cnicas quir\u00fargicas m\u00e1s innovadoras y beneficiosas para el paciente. La\u00a0Unidad de Columna de HCB Hospitales ofrece a cada paciente el tratamiento adecuado a sus necesidades, valorando de modo [&hellip;]<\/p>\n","protected":false},"author":2,"featured_media":0,"parent":22483,"menu_order":0,"comment_status":"closed","ping_status":"closed","template":"","meta":{"_acf_changed":false,"footnotes":""},"class_list":["post-10442","page","type-page","status-publish","hentry"],"acf":[],"_links":{"self":[{"href":"https:\/\/hcbhospitales.com\/en\/wp-json\/wp\/v2\/pages\/10442","targetHints":{"allow":["GET"]}}],"collection":[{"href":"https:\/\/hcbhospitales.com\/en\/wp-json\/wp\/v2\/pages"}],"about":[{"href":"https:\/\/hcbhospitales.com\/en\/wp-json\/wp\/v2\/types\/page"}],"author":[{"embeddable":true,"href":"https:\/\/hcbhospitales.com\/en\/wp-json\/wp\/v2\/users\/2"}],"replies":[{"embeddable":true,"href":"https:\/\/hcbhospitales.com\/en\/wp-json\/wp\/v2\/comments?post=10442"}],"version-history":[{"count":0,"href":"https:\/\/hcbhospitales.com\/en\/wp-json\/wp\/v2\/pages\/10442\/revisions"}],"up":[{"embeddable":true,"href":"https:\/\/hcbhospitales.com\/en\/wp-json\/wp\/v2\/pages\/22483"}],"wp:attachment":[{"href":"https:\/\/hcbhospitales.com\/en\/wp-json\/wp\/v2\/media?parent=10442"}],"curies":[{"name":"wp","href":"https:\/\/api.w.org\/{rel}","templated":true}]}}