{"id":28958,"date":"2025-07-17T14:14:39","date_gmt":"2025-07-17T12:14:39","guid":{"rendered":"https:\/\/hcbhospitales.com\/kopfschmerzen\/"},"modified":"2025-08-13T12:40:05","modified_gmt":"2025-08-13T10:40:05","slug":"kopfschmerzen","status":"publish","type":"page","link":"https:\/\/hcbhospitales.com\/de\/kopfschmerzen\/","title":{"rendered":"Kopfschmerzen"},"content":{"rendered":"\t\t<div data-elementor-type=\"wp-page\" data-elementor-id=\"28958\" class=\"elementor elementor-28958 elementor-28843\" data-elementor-post-type=\"page\">\n\t\t\t\t\t\t<section class=\"elementor-section elementor-top-section elementor-element elementor-element-580fb26 elementor-section-boxed elementor-section-height-default elementor-section-height-default\" data-id=\"580fb26\" data-element_type=\"section\" data-e-type=\"section\" data-settings=\"{&quot;jet_parallax_layout_list&quot;:[]}\">\n\t\t\t\t\t\t<div class=\"elementor-container elementor-column-gap-default\">\n\t\t\t\t\t<div class=\"elementor-column elementor-col-33 elementor-top-column elementor-element elementor-element-5bb01b6\" data-id=\"5bb01b6\" data-element_type=\"column\" data-e-type=\"column\">\n\t\t\t<div class=\"elementor-widget-wrap elementor-element-populated\">\n\t\t\t\t\t\t<div class=\"elementor-element elementor-element-a8aea63 elementor-widget elementor-widget-image\" data-id=\"a8aea63\" data-element_type=\"widget\" data-e-type=\"widget\" data-widget_type=\"image.default\">\n\t\t\t\t<div class=\"elementor-widget-container\">\n\t\t\t\t\t\t\t\t\t\t\t\t\t\t\t<img fetchpriority=\"high\" decoding=\"async\" width=\"300\" height=\"300\" src=\"https:\/\/hcbhospitales.com\/wp-content\/uploads\/2025\/07\/Diseno-sin-titulo.png\" class=\"attachment-medium size-medium wp-image-28848\" alt=\"\" srcset=\"https:\/\/hcbhospitales.com\/wp-content\/uploads\/2025\/07\/Diseno-sin-titulo.png 300w, https:\/\/hcbhospitales.com\/wp-content\/uploads\/2025\/07\/Diseno-sin-titulo-150x150.png 150w\" sizes=\"(max-width: 300px) 100vw, 300px\" \/>\t\t\t\t\t\t\t\t\t\t\t\t\t\t\t<\/div>\n\t\t\t\t<\/div>\n\t\t\t\t\t<\/div>\n\t\t<\/div>\n\t\t\t\t<div class=\"elementor-column elementor-col-66 elementor-top-column elementor-element elementor-element-4347ed5\" data-id=\"4347ed5\" data-element_type=\"column\" data-e-type=\"column\">\n\t\t\t<div class=\"elementor-widget-wrap elementor-element-populated\">\n\t\t\t\t\t\t<div class=\"elementor-element elementor-element-e4cfea4 elementor-widget__width-initial elementor-widget elementor-widget-text-editor\" data-id=\"e4cfea4\" data-element_type=\"widget\" data-e-type=\"widget\" data-widget_type=\"text-editor.default\">\n\t\t\t\t<div class=\"elementor-widget-container\">\n\t\t\t\t\t\t\t\t\t<p><strong data-start=\"4\" data-end=\"16\">Kopfschmerzen<\/strong> sind Kopfschmerzen, die in Intensit\u00e4t, H\u00e4ufigkeit und Dauer variieren k\u00f6nnen. Sie werden in verschiedene Arten unterteilt und k\u00f6nnen durch eine Vielzahl von Faktoren verursacht werden, von Muskelverspannungen bis hin zu komplexen neurologischen St\u00f6rungen. <br><br>Unsere <strong data-start=\"229\" data-end=\"265\">monografische Kopfschmerzsprechstunde<\/strong> innerhalb des <strong data-start=\"278\" data-end=\"304\">neurologischen Dienstes<\/strong> ist f\u00fcr Patienten gedacht, die unter <strong data-start=\"349\" data-end=\"361\">Migr\u00e4ne<\/strong> oder anderen <strong data-start=\"379\" data-end=\"403\">schwer zu behandelnden Kopfschmerzen<\/strong> leiden.<\/p>\t\t\t\t\t\t\t\t<\/div>\n\t\t\t\t<\/div>\n\t\t\t\t<section class=\"elementor-section elementor-inner-section elementor-element elementor-element-00d343a elementor-section-boxed elementor-section-height-default elementor-section-height-default\" data-id=\"00d343a\" data-element_type=\"section\" data-e-type=\"section\" data-settings=\"{&quot;jet_parallax_layout_list&quot;:[]}\">\n\t\t\t\t\t\t<div class=\"elementor-container elementor-column-gap-default\">\n\t\t\t\t\t<div class=\"elementor-column elementor-col-100 elementor-inner-column elementor-element elementor-element-ad8b4f6\" data-id=\"ad8b4f6\" data-element_type=\"column\" data-e-type=\"column\">\n\t\t\t<div class=\"elementor-widget-wrap elementor-element-populated\">\n\t\t\t\t\t\t<div class=\"elementor-element elementor-element-ecf3c73 elementor-align-center elementor-widget elementor-widget-button\" data-id=\"ecf3c73\" data-element_type=\"widget\" data-e-type=\"widget\" data-widget_type=\"button.default\">\n\t\t\t\t<div class=\"elementor-widget-container\">\n\t\t\t\t\t\t\t\t\t<div class=\"elementor-button-wrapper\">\n\t\t\t\t\t<a class=\"elementor-button elementor-button-link elementor-size-sm\" href=\"#miformulario\">\n\t\t\t\t\t\t<span class=\"elementor-button-content-wrapper\">\n\t\t\t\t\t\t\t\t\t<span class=\"elementor-button-text\">Weitere Informationen<\/span>\n\t\t\t\t\t<\/span>\n\t\t\t\t\t<\/a>\n\t\t\t\t<\/div>\n\t\t\t\t\t\t\t\t<\/div>\n\t\t\t\t<\/div>\n\t\t\t\t\t<\/div>\n\t\t<\/div>\n\t\t\t\t\t<\/div>\n\t\t<\/section>\n\t\t\t\t\t<\/div>\n\t\t<\/div>\n\t\t\t\t\t<\/div>\n\t\t<\/section>\n\t\t\t\t<section class=\"elementor-section elementor-top-section elementor-element elementor-element-217de7e3 elementor-section-boxed elementor-section-height-default elementor-section-height-default\" data-id=\"217de7e3\" data-element_type=\"section\" data-e-type=\"section\" data-settings=\"{&quot;jet_parallax_layout_list&quot;:[]}\">\n\t\t\t\t\t\t<div class=\"elementor-container elementor-column-gap-default\">\n\t\t\t\t\t<div class=\"elementor-column elementor-col-100 elementor-top-column elementor-element elementor-element-2c223bc7\" data-id=\"2c223bc7\" data-element_type=\"column\" data-e-type=\"column\">\n\t\t\t<div class=\"elementor-widget-wrap elementor-element-populated\">\n\t\t\t\t\t\t<div class=\"elementor-element elementor-element-7603d071 elementor-widget elementor-widget-text-editor\" data-id=\"7603d071\" data-element_type=\"widget\" data-e-type=\"widget\" data-widget_type=\"text-editor.default\">\n\t\t\t\t<div class=\"elementor-widget-container\">\n\t\t\t\t\t\t\t\t\t<h2 data-start=\"429\" data-end=\"452\"><strong>Warum sollten Sie uns w\u00e4hlen?<\/strong><\/h2><p data-start=\"454\" data-end=\"776\"><strong data-start=\"458\" data-end=\"470\">Migr\u00e4ne<\/strong> und <strong data-start=\"477\" data-end=\"499\">komplexe Kopfschmerzen<\/strong> sind h\u00e4ufige und schw\u00e4chende neurologische Erkrankungen. Die Behandlung dieser Erkrankungen erfordert eine spezialisierte und individuelle Behandlung. Bei HCB D\u00e9nia verf\u00fcgen wir \u00fcber ein hochqualifiziertes Team, das sich ausschlie\u00dflich auf die Diagnose und Behandlung dieser Erkrankungen spezialisiert hat.  <\/p><h2 data-start=\"783\" data-end=\"822\"><strong>Ein umfassender und individueller Ansatz<\/strong><\/h2><p data-start=\"824\" data-end=\"1098\">In unserer <strong data-start=\"835\" data-end=\"871\">monographischen Kopfschmerzsprechstunde<\/strong> f\u00fchren wir eine <strong data-start=\"888\" data-end=\"920\">detaillierte klinische Untersuchung<\/strong> durch, um Warnzeichen zu erkennen und die Art der Kopfschmerzen genau zu klassifizieren. Falls erforderlich, f\u00fchren wir zus\u00e4tzliche Tests durch, um eine vollst\u00e4ndige Diagnose zu stellen. <\/p><h2 data-start=\"1105\" data-end=\"1147\"><strong>Auf jeden Patienten abgestimmte Behandlungen<\/strong><\/h2><p data-start=\"1149\" data-end=\"1550\">Die Behandlung basiert auf <strong data-start=\"1199\" data-end=\"1217\">personalisierten<\/strong> pharmakologischen Therapien, die darauf abzielen, <strong data-start=\"1229\" data-end=\"1254\">die H\u00e4ufigkeit<\/strong> und <strong data-start=\"1257\" data-end=\"1271\">Intensit\u00e4t<\/strong> der Anf\u00e4lle <strong data-start=\"1229\" data-end=\"1254\">zu reduzieren<\/strong>. Dar\u00fcber hinaus setzen wir in ausgew\u00e4hlten F\u00e4llen Behandlungen wie <strong data-start=\"1351\" data-end=\"1388\">fortschrittliche neurologische Physiotherapie<\/strong> und <strong data-start=\"1391\" data-end=\"1425\">interventionelle Behandlungen<\/strong> (wie Infiltrationen und Nervenblockaden) ein, um die Ergebnisse zu optimieren und die Lebensqualit\u00e4t unserer Patienten zu verbessern. <\/p><h2 data-start=\"1557\" data-end=\"1589\"><strong>Wir verbessern Ihre Lebensqualit\u00e4t<\/strong><\/h2><p data-start=\"1591\" data-end=\"1837\">Dieses spezialisierte Pflegemodell verbessert nicht nur das Leben von Menschen mit chronischen oder komplexen Kopfschmerzen, sondern unterstreicht auch unser Engagement f\u00fcr <strong data-start=\"1754\" data-end=\"1768\">Spitzenleistungen<\/strong> und <strong data-start=\"1774\" data-end=\"1788\">Innovation<\/strong> in der neurologischen Versorgung.<\/p>\t\t\t\t\t\t\t\t<\/div>\n\t\t\t\t<\/div>\n\t\t\t\t\t<\/div>\n\t\t<\/div>\n\t\t\t\t\t<\/div>\n\t\t<\/section>\n\t\t\t\t<section class=\"elementor-section elementor-top-section elementor-element elementor-element-fa71ab4 elementor-section-boxed elementor-section-height-default elementor-section-height-default\" data-id=\"fa71ab4\" data-element_type=\"section\" data-e-type=\"section\" data-settings=\"{&quot;jet_parallax_layout_list&quot;:[]}\">\n\t\t\t\t\t\t<div class=\"elementor-container elementor-column-gap-default\">\n\t\t\t\t\t<div class=\"elementor-column elementor-col-100 elementor-top-column elementor-element elementor-element-3eed608\" data-id=\"3eed608\" data-element_type=\"column\" data-e-type=\"column\">\n\t\t\t<div class=\"elementor-widget-wrap\">\n\t\t\t\t\t\t\t<\/div>\n\t\t<\/div>\n\t\t\t\t\t<\/div>\n\t\t<\/section>\n\t\t\t\t<section class=\"elementor-section elementor-top-section elementor-element elementor-element-7de4eae elementor-section-boxed elementor-section-height-default elementor-section-height-default\" data-id=\"7de4eae\" data-element_type=\"section\" data-e-type=\"section\" data-settings=\"{&quot;jet_parallax_layout_list&quot;:[]}\">\n\t\t\t\t\t\t<div class=\"elementor-container elementor-column-gap-default\">\n\t\t\t\t\t<div class=\"elementor-column elementor-col-100 elementor-top-column elementor-element elementor-element-6cdbd63\" data-id=\"6cdbd63\" data-element_type=\"column\" data-e-type=\"column\" data-settings=\"{&quot;background_background&quot;:&quot;classic&quot;}\">\n\t\t\t<div class=\"elementor-widget-wrap elementor-element-populated\">\n\t\t\t\t\t\t<div class=\"elementor-element elementor-element-2373c1a elementor-widget elementor-widget-text-editor\" data-id=\"2373c1a\" data-element_type=\"widget\" data-e-type=\"widget\" data-widget_type=\"text-editor.default\">\n\t\t\t\t<div class=\"elementor-widget-container\">\n\t\t\t\t\t\t\t\t\t<p>Kontaktieren Sie unsere Spezialisten \u00fcber das folgende Formular:<\/p>\t\t\t\t\t\t\t\t<\/div>\n\t\t\t\t<\/div>\n\t\t\t\t<div class=\"elementor-element elementor-element-f63be3e elementor-widget elementor-widget-html\" data-id=\"f63be3e\" data-element_type=\"widget\" data-e-type=\"widget\" id=\"miformulario\" data-widget_type=\"html.default\">\n\t\t\t\t<div class=\"elementor-widget-container\">\n\t\t\t\t\t\n<script charset=\"utf-8\" type=\"text\/javascript\" src=\"\/\/js-eu1.hsforms.net\/forms\/embed\/v2.js\"><\/script><script>hbspt.forms.create({\n    portalId: \"144040882\",\n    formId: \"df87c9e8-6820-4362-af88-d73a7358b5f6\",\n    region: \"eu1\"\n  });\n<\/script>\t\t\t\t<\/div>\n\t\t\t\t<\/div>\n\t\t\t\t\t<\/div>\n\t\t<\/div>\n\t\t\t\t\t<\/div>\n\t\t<\/section>\n\t\t\t\t<\/div>\n\t\t","protected":false},"excerpt":{"rendered":"<p>Kopfschmerzen sind Kopfschmerzen, die in Intensit\u00e4t, H\u00e4ufigkeit und Dauer variieren k\u00f6nnen. Sie werden in verschiedene Arten unterteilt und k\u00f6nnen durch eine Vielzahl von Faktoren verursacht werden, von Muskelverspannungen bis hin zu komplexen neurologischen St\u00f6rungen. Unsere monografische Kopfschmerzsprechstunde innerhalb des neurologischen Dienstes ist f\u00fcr Patienten gedacht, die unter Migr\u00e4ne oder anderen schwer zu behandelnden Kopfschmerzen leiden. [&hellip;]<\/p>\n","protected":false},"author":6,"featured_media":0,"parent":0,"menu_order":0,"comment_status":"closed","ping_status":"closed","template":"elementor_header_footer","meta":{"_acf_changed":false,"footnotes":""},"class_list":["post-28958","page","type-page","status-publish","hentry"],"acf":[],"_links":{"self":[{"href":"https:\/\/hcbhospitales.com\/de\/wp-json\/wp\/v2\/pages\/28958","targetHints":{"allow":["GET"]}}],"collection":[{"href":"https:\/\/hcbhospitales.com\/de\/wp-json\/wp\/v2\/pages"}],"about":[{"href":"https:\/\/hcbhospitales.com\/de\/wp-json\/wp\/v2\/types\/page"}],"author":[{"embeddable":true,"href":"https:\/\/hcbhospitales.com\/de\/wp-json\/wp\/v2\/users\/6"}],"replies":[{"embeddable":true,"href":"https:\/\/hcbhospitales.com\/de\/wp-json\/wp\/v2\/comments?post=28958"}],"version-history":[{"count":0,"href":"https:\/\/hcbhospitales.com\/de\/wp-json\/wp\/v2\/pages\/28958\/revisions"}],"wp:attachment":[{"href":"https:\/\/hcbhospitales.com\/de\/wp-json\/wp\/v2\/media?parent=28958"}],"curies":[{"name":"wp","href":"https:\/\/api.w.org\/{rel}","templated":true}]}}