{"id":23027,"date":"2024-01-18T16:20:07","date_gmt":"2024-01-18T15:20:07","guid":{"rendered":"https:\/\/hcbhospitales.com\/?page_id=23027"},"modified":"2024-01-18T17:14:56","modified_gmt":"2024-01-18T16:14:56","slug":"hcb-dental","status":"publish","type":"page","link":"https:\/\/hcbhospitales.com\/de\/referenzeinheiten\/hcb-dental\/","title":{"rendered":"HCB DENTAL"},"content":{"rendered":"\t\t<div data-elementor-type=\"wp-page\" data-elementor-id=\"23027\" class=\"elementor elementor-23027 elementor-23022\" data-elementor-post-type=\"page\">\n\t\t\t\t\t\t<section class=\"elementor-section elementor-top-section elementor-element elementor-element-689e224 elementor-section-boxed elementor-section-height-default elementor-section-height-default\" data-id=\"689e224\" data-element_type=\"section\" data-e-type=\"section\" data-settings=\"{&quot;jet_parallax_layout_list&quot;:[{&quot;jet_parallax_layout_image&quot;:{&quot;url&quot;:&quot;&quot;,&quot;id&quot;:&quot;&quot;,&quot;size&quot;:&quot;&quot;},&quot;_id&quot;:&quot;bfae6c3&quot;,&quot;jet_parallax_layout_image_tablet&quot;:{&quot;url&quot;:&quot;&quot;,&quot;id&quot;:&quot;&quot;,&quot;size&quot;:&quot;&quot;},&quot;jet_parallax_layout_image_mobile&quot;:{&quot;url&quot;:&quot;&quot;,&quot;id&quot;:&quot;&quot;,&quot;size&quot;:&quot;&quot;},&quot;jet_parallax_layout_speed&quot;:{&quot;unit&quot;:&quot;%&quot;,&quot;size&quot;:50,&quot;sizes&quot;:[]},&quot;jet_parallax_layout_type&quot;:&quot;scroll&quot;,&quot;jet_parallax_layout_direction&quot;:&quot;1&quot;,&quot;jet_parallax_layout_fx_direction&quot;:null,&quot;jet_parallax_layout_z_index&quot;:&quot;&quot;,&quot;jet_parallax_layout_bg_x&quot;:50,&quot;jet_parallax_layout_bg_x_tablet&quot;:&quot;&quot;,&quot;jet_parallax_layout_bg_x_mobile&quot;:&quot;&quot;,&quot;jet_parallax_layout_bg_y&quot;:50,&quot;jet_parallax_layout_bg_y_tablet&quot;:&quot;&quot;,&quot;jet_parallax_layout_bg_y_mobile&quot;:&quot;&quot;,&quot;jet_parallax_layout_bg_size&quot;:&quot;auto&quot;,&quot;jet_parallax_layout_bg_size_tablet&quot;:&quot;&quot;,&quot;jet_parallax_layout_bg_size_mobile&quot;:&quot;&quot;,&quot;jet_parallax_layout_animation_prop&quot;:&quot;transform&quot;,&quot;jet_parallax_layout_on&quot;:[&quot;desktop&quot;,&quot;tablet&quot;]}],&quot;background_background&quot;:&quot;gradient&quot;}\">\n\t\t\t\t\t\t<div class=\"elementor-container elementor-column-gap-default\">\n\t\t\t\t\t<div class=\"elementor-column elementor-col-100 elementor-top-column elementor-element elementor-element-c3394f1\" data-id=\"c3394f1\" data-element_type=\"column\" data-e-type=\"column\">\n\t\t\t<div class=\"elementor-widget-wrap elementor-element-populated\">\n\t\t\t\t\t\t<div class=\"elementor-element elementor-element-0ce2380 elementor-widget elementor-widget-jet-breadcrumbs\" data-id=\"0ce2380\" data-element_type=\"widget\" data-e-type=\"widget\" data-widget_type=\"jet-breadcrumbs.default\">\n\t\t\t\t<div class=\"elementor-widget-container\">\n\t\t\t\t\t<div class=\"elementor-jet-breadcrumbs jet-blocks\">\n\t\t<div class=\"jet-breadcrumbs\">\n\t\t<div class=\"jet-breadcrumbs__content\">\n\t\t<div class=\"jet-breadcrumbs__wrap\"><div class=\"jet-breadcrumbs__item\"><a href=\"https:\/\/hcbhospitales.com\/de\/\" class=\"jet-breadcrumbs__item-link is-home\" rel=\"home\" title=\"HCB-Krankenh\u00e4user\">HCB-Krankenh\u00e4user<\/a><\/div>\n\t\t<\/div>\n\t\t<\/div>\n\t\t<\/div><\/div>\t\t\t\t<\/div>\n\t\t\t\t<\/div>\n\t\t\t\t<div class=\"elementor-element elementor-element-05690d4 elementor-widget elementor-widget-image\" data-id=\"05690d4\" data-element_type=\"widget\" data-e-type=\"widget\" data-widget_type=\"image.default\">\n\t\t\t\t<div class=\"elementor-widget-container\">\n\t\t\t\t\t\t\t\t\t\t\t\t\t\t\t<img fetchpriority=\"high\" decoding=\"async\" width=\"800\" height=\"600\" src=\"https:\/\/hcbhospitales.com\/wp-content\/uploads\/2024\/01\/logo-final.png\" class=\"attachment-full size-full wp-image-23074\" alt=\"\" srcset=\"https:\/\/hcbhospitales.com\/wp-content\/uploads\/2024\/01\/logo-final.png 800w, https:\/\/hcbhospitales.com\/wp-content\/uploads\/2024\/01\/logo-final-300x225.png 300w, https:\/\/hcbhospitales.com\/wp-content\/uploads\/2024\/01\/logo-final-768x576.png 768w\" sizes=\"(max-width: 800px) 100vw, 800px\" \/>\t\t\t\t\t\t\t\t\t\t\t\t\t\t\t<\/div>\n\t\t\t\t<\/div>\n\t\t\t\t<div class=\"elementor-element elementor-element-8c3d0d8 elementor-widget elementor-widget-text-editor\" data-id=\"8c3d0d8\" data-element_type=\"widget\" data-e-type=\"widget\" data-widget_type=\"text-editor.default\">\n\t\t\t\t<div class=\"elementor-widget-container\">\n\t\t\t\t\t\t\t\t\t<p>Das Team von HCB Dental hat das Konzept der Zahngesundheit mit einer Pioniereinheit in der Region Marina Alta erneuert.<\/p><p>Das Medizinische und Krankenhausspezifische Umfeld, in dem der Dienst t\u00e4tig ist, erm\u00f6glicht den Patienten Vorteile und Dienstleistungen mit viel umfassenderen Therapeutischen L\u00f6sungen anzubieten, und sorgt f\u00fcr mehr Sicherheit und Qualit\u00e4t in der zahn\u00e4rztlichen Versorgung.<\/p>\t\t\t\t\t\t\t\t<\/div>\n\t\t\t\t<\/div>\n\t\t\t\t<div class=\"elementor-element elementor-element-8a9a214 elementor-widget elementor-widget-text-editor\" data-id=\"8a9a214\" data-element_type=\"widget\" data-e-type=\"widget\" data-widget_type=\"text-editor.default\">\n\t\t\t\t<div class=\"elementor-widget-container\">\n\t\t\t\t\t\t\t\t\t<p>Die neue Einheit hat in diesem Gebiet einzigartige Vorteile:<\/p><ul><li>Wir arbeiten mit dem Notfalldienst des HCB D\u00e9nia zusammen. In den meisten F\u00e4llen erm\u00f6glicht es eine dringende Erstbehandlung.<\/li><li>Es werden Patienten mit Kranken-\/Zahnversicherung behandelt und Finanzierungsprogramme angeboten.<\/li><li>Es handelt sich um einen Dienst, der sich an Patienten richtet, die eine umfassende, qualitativ hochwertige Behandlung w\u00fcnschen.<\/li><li>Es werden komplexe Behandlungen mit Operationen und Rehabilitationen angeboten.<\/li><li>Wir verf\u00fcgen \u00fcber die Unterst\u00fctzung des Radiodiagnostischen Dienstes des HCB Calpe und HCB D\u00e9nia vor Ort ,sowie \u00fcber Operationss\u00e4le der neuesten Generation f\u00fcr Sedierung und alle Arten von Operationen.<\/li><li>Eigene 3D-Intraoralscanner.<\/li><li>Das medizinische und krankenhaus\u00e4hnliche Umfeld erm\u00f6glicht rein Medizinische Dienstleistungen und kommt den Patienten durch umfassendere Behandlungen und Ans\u00e4tze zugute:<ul><li>Physiotherapeutische Behandlung (mehr als 30 % der zahn\u00e4rztlichen Patienten ben\u00f6tigen diese Leistung zus\u00e4tzlich zu ihrer zahn\u00e4rztlichen Behandlung).<\/li><li>Behandlung von orofazialen Schmerzen in Zusammenarbeit mit den Abteilungen Neurologie und Hals-Nasen-Ohrenheilkunde der HCB-Krankenh\u00e4user.<\/li><li>Schnelle \u00dcberweisungen an den Kardiologischen Dienst f\u00fcr Patienten mit Herzproblemen, die bei Zahn\u00e4rztlichen Untersuchungen festgestellt wurden.<\/li><\/ul><\/li><\/ul>\t\t\t\t\t\t\t\t<\/div>\n\t\t\t\t<\/div>\n\t\t\t\t<div class=\"elementor-element elementor-element-ad88ab9 elementor-widget elementor-widget-toggle\" data-id=\"ad88ab9\" data-element_type=\"widget\" data-e-type=\"widget\" data-widget_type=\"toggle.default\">\n\t\t\t\t<div class=\"elementor-widget-container\">\n\t\t\t\t\t\t\t<div class=\"elementor-toggle\">\n\t\t\t\t\t\t\t<div class=\"elementor-toggle-item\">\n\t\t\t\t\t<div id=\"elementor-tab-title-1811\" class=\"elementor-tab-title\" data-tab=\"1\" role=\"button\" aria-controls=\"elementor-tab-content-1811\" aria-expanded=\"false\">\n\t\t\t\t\t\t\t\t\t\t\t\t<span class=\"elementor-toggle-icon elementor-toggle-icon-left\" aria-hidden=\"true\">\n\t\t\t\t\t\t\t\t\t\t\t\t\t\t\t<span class=\"elementor-toggle-icon-closed\"><svg class=\"e-font-icon-svg e-fas-caret-right\" viewBox=\"0 0 192 512\" xmlns=\"http:\/\/www.w3.org\/2000\/svg\"><path d=\"M0 384.662V127.338c0-17.818 21.543-26.741 34.142-14.142l128.662 128.662c7.81 7.81 7.81 20.474 0 28.284L34.142 398.804C21.543 411.404 0 402.48 0 384.662z\"><\/path><\/svg><\/span>\n\t\t\t\t\t\t\t\t<span class=\"elementor-toggle-icon-opened\"><svg class=\"elementor-toggle-icon-opened e-font-icon-svg e-fas-caret-up\" viewBox=\"0 0 320 512\" xmlns=\"http:\/\/www.w3.org\/2000\/svg\"><path d=\"M288.662 352H31.338c-17.818 0-26.741-21.543-14.142-34.142l128.662-128.662c7.81-7.81 20.474-7.81 28.284 0l128.662 128.662c12.6 12.599 3.676 34.142-14.142 34.142z\"><\/path><\/svg><\/span>\n\t\t\t\t\t\t\t\t\t\t\t\t\t<\/span>\n\t\t\t\t\t\t\t\t\t\t\t\t<a class=\"elementor-toggle-title\" tabindex=\"0\">Behandlungen und Dienstleistungen<\/a>\n\t\t\t\t\t<\/div>\n\n\t\t\t\t\t<div id=\"elementor-tab-content-1811\" class=\"elementor-tab-content elementor-clearfix\" data-tab=\"1\" role=\"region\" aria-labelledby=\"elementor-tab-title-1811\"><ul><li><p><b>Chirurgie und Implantate<\/b><\/p><p>Kiefer- und Gesichtschirurgie, Parodontal- und Mukogingivachirurgie<\/p><p>Minimalinvasive Implantologie<\/p><p>Sofortige Implantologie<\/p><\/li><li><p><b>Komplexe Zahnrestaurationen<\/b><\/p><p>Implantatprothese<\/p><p>Minimalinvasive adh\u00e4sive Rehabilitation auf nat\u00fcrlichen Z\u00e4hnen<\/p><p>\u00a0<\/p><\/li><li><p><b>\u00c4sthetische Zahn- und Gesichtschirurgie<\/b><\/p><p>Verblendungen<\/p><p>Aufhellung<\/p><p>Peribukkale F\u00fcllungen im Gesicht<\/p><p>Harmonisierung der Lippen<\/p><p>\u00a0<\/p><\/li><li><p><b>Kieferorthop\u00e4die<\/b><\/p><p>Konventionelle Kieferorthop\u00e4die<\/p><p>Unsichtbare Kieferorthop\u00e4die (Aligner)<\/p><\/li><li><p><b>Restaurative Zahnheilkunde und Endodontie<\/b><\/p><p>Biomimetische Restaurationen<\/p><p>Vitalpulpa-Therapie<\/p><p>\u00a0<\/p><\/li><li><p><b>Kiefergelenkserkrankungen und orofaziale Schmerzen<\/b><\/p><p>Alle Fachgebiete werden durch digitale Hilfsmittel unterst\u00fctzt und erg\u00e4nzt, um die Genauigkeit zu verbessern und die Invasivit\u00e4t zu minimieren.<\/p><\/li><\/ul><\/div>\n\t\t\t\t<\/div>\n\t\t\t\t\t\t\t<div class=\"elementor-toggle-item\">\n\t\t\t\t\t<div id=\"elementor-tab-title-1812\" class=\"elementor-tab-title\" data-tab=\"2\" role=\"button\" aria-controls=\"elementor-tab-content-1812\" aria-expanded=\"false\">\n\t\t\t\t\t\t\t\t\t\t\t\t<span class=\"elementor-toggle-icon elementor-toggle-icon-left\" aria-hidden=\"true\">\n\t\t\t\t\t\t\t\t\t\t\t\t\t\t\t<span class=\"elementor-toggle-icon-closed\"><svg class=\"e-font-icon-svg e-fas-caret-right\" viewBox=\"0 0 192 512\" xmlns=\"http:\/\/www.w3.org\/2000\/svg\"><path d=\"M0 384.662V127.338c0-17.818 21.543-26.741 34.142-14.142l128.662 128.662c7.81 7.81 7.81 20.474 0 28.284L34.142 398.804C21.543 411.404 0 402.48 0 384.662z\"><\/path><\/svg><\/span>\n\t\t\t\t\t\t\t\t<span class=\"elementor-toggle-icon-opened\"><svg class=\"elementor-toggle-icon-opened e-font-icon-svg e-fas-caret-up\" viewBox=\"0 0 320 512\" xmlns=\"http:\/\/www.w3.org\/2000\/svg\"><path d=\"M288.662 352H31.338c-17.818 0-26.741-21.543-14.142-34.142l128.662-128.662c7.81-7.81 20.474-7.81 28.284 0l128.662 128.662c12.6 12.599 3.676 34.142-14.142 34.142z\"><\/path><\/svg><\/span>\n\t\t\t\t\t\t\t\t\t\t\t\t\t<\/span>\n\t\t\t\t\t\t\t\t\t\t\t\t<a class=\"elementor-toggle-title\" tabindex=\"0\">Team<\/a>\n\t\t\t\t\t<\/div>\n\n\t\t\t\t\t<div id=\"elementor-tab-content-1812\" class=\"elementor-tab-content elementor-clearfix\" data-tab=\"2\" role=\"region\" aria-labelledby=\"elementor-tab-title-1812\"><p>Das Team von HCB Dental ist der Hauptunterschied zwischen HCB Dental und anderen Zahnzentren.<\/p><p>Es handelt sich um ein eingespieltes Team:<\/p><p>Alle \u00c4rzte verf\u00fcgen \u00fcber mehr als 15 Jahre Erfahrung in diesem Bereich. Dar\u00fcber hinaus sind sie Universit\u00e4tsprofessoren mit akademischen und Managementaufgaben an der Fakult\u00e4t f\u00fcr Zahnmedizin der Universit\u00e4t Valencia (Spanien).<\/p><ul><li>Alle Zahn\u00e4rzte sind in der Forschung t\u00e4tig und genie\u00dfen ein anerkanntes berufliches Ansehen.<\/li><li>HCB Dental ist dank der Erfahrung seines Teams zu einem Anbieter von unsichtbarer Kieferorthop\u00e4die mit Invisalign und Spark geworden.<\/li><\/ul><p>Alle haben private Zahnkliniken geleitet und haben Zugang zu den besten Dentallaboren Spaniens.<\/p><\/div>\n\t\t\t\t<\/div>\n\t\t\t\t\t\t\t<div class=\"elementor-toggle-item\">\n\t\t\t\t\t<div id=\"elementor-tab-title-1813\" class=\"elementor-tab-title\" data-tab=\"3\" role=\"button\" aria-controls=\"elementor-tab-content-1813\" aria-expanded=\"false\">\n\t\t\t\t\t\t\t\t\t\t\t\t<span class=\"elementor-toggle-icon elementor-toggle-icon-left\" aria-hidden=\"true\">\n\t\t\t\t\t\t\t\t\t\t\t\t\t\t\t<span class=\"elementor-toggle-icon-closed\"><svg class=\"e-font-icon-svg e-fas-caret-right\" viewBox=\"0 0 192 512\" xmlns=\"http:\/\/www.w3.org\/2000\/svg\"><path d=\"M0 384.662V127.338c0-17.818 21.543-26.741 34.142-14.142l128.662 128.662c7.81 7.81 7.81 20.474 0 28.284L34.142 398.804C21.543 411.404 0 402.48 0 384.662z\"><\/path><\/svg><\/span>\n\t\t\t\t\t\t\t\t<span class=\"elementor-toggle-icon-opened\"><svg class=\"elementor-toggle-icon-opened e-font-icon-svg e-fas-caret-up\" viewBox=\"0 0 320 512\" xmlns=\"http:\/\/www.w3.org\/2000\/svg\"><path d=\"M288.662 352H31.338c-17.818 0-26.741-21.543-14.142-34.142l128.662-128.662c7.81-7.81 20.474-7.81 28.284 0l128.662 128.662c12.6 12.599 3.676 34.142-14.142 34.142z\"><\/path><\/svg><\/span>\n\t\t\t\t\t\t\t\t\t\t\t\t\t<\/span>\n\t\t\t\t\t\t\t\t\t\t\t\t<a class=\"elementor-toggle-title\" tabindex=\"0\">Spezialisten<\/a>\n\t\t\t\t\t<\/div>\n\n\t\t\t\t\t<div id=\"elementor-tab-content-1813\" class=\"elementor-tab-content elementor-clearfix\" data-tab=\"3\" role=\"region\" aria-labelledby=\"elementor-tab-title-1813\"><p><strong>Prothetik und Zahn\u00e4sthetik<\/strong><\/p><p>Jose Francisco Gonz\u00e1lez Tom\u00e1s<\/p><p><strong>Okklusion, Kiefergelenk und orofaziale Schmerzen<\/strong><\/p><p>Javier L\u00f3pez-Trigo Mateu<\/p><p><strong>Chirurgie und Implantologie<\/strong><\/p><p>Javier Clemente Egio<\/p><p><strong>Konservative Zahnheilkunde und Endodontie<\/strong><\/p><p>Nuria Sastre Portes<\/p><p><strong>Konservierende Zahnheilkunde und Endodontie<\/strong><\/p><p>Carmen Mart\u00edn Carbonell<\/p><p><strong>Allgemeine Zahnheilkunde<\/strong><\/p><p>Francisco N\u00fa\u00f1ez Serrano<\/p><p><strong>Kieferorthop\u00e4die und Kinderzahnheilkunde<\/strong><\/p><p>Beatriz Clemente Guadalajara<\/p><\/div>\n\t\t\t\t<\/div>\n\t\t\t\t\t\t\t\t<\/div>\n\t\t\t\t\t\t<\/div>\n\t\t\t\t<\/div>\n\t\t\t\t\t<\/div>\n\t\t<\/div>\n\t\t\t\t\t<\/div>\n\t\t<\/section>\n\t\t\t\t<\/div>\n\t\t","protected":false},"excerpt":{"rendered":"<p>Home Das Team von HCB Dental hat das Konzept der Zahngesundheit mit einer Pioniereinheit in der Region Marina Alta erneuert. Das Medizinische und Krankenhausspezifische Umfeld, in dem der Dienst t\u00e4tig ist, erm\u00f6glicht den Patienten Vorteile und Dienstleistungen mit viel umfassenderen Therapeutischen L\u00f6sungen anzubieten, und sorgt f\u00fcr mehr Sicherheit und Qualit\u00e4t in der zahn\u00e4rztlichen Versorgung. Die [&hellip;]<\/p>\n","protected":false},"author":2,"featured_media":0,"parent":22487,"menu_order":0,"comment_status":"closed","ping_status":"closed","template":"elementor_header_footer","meta":{"_acf_changed":false,"footnotes":""},"class_list":["post-23027","page","type-page","status-publish","hentry"],"acf":[],"_links":{"self":[{"href":"https:\/\/hcbhospitales.com\/de\/wp-json\/wp\/v2\/pages\/23027","targetHints":{"allow":["GET"]}}],"collection":[{"href":"https:\/\/hcbhospitales.com\/de\/wp-json\/wp\/v2\/pages"}],"about":[{"href":"https:\/\/hcbhospitales.com\/de\/wp-json\/wp\/v2\/types\/page"}],"author":[{"embeddable":true,"href":"https:\/\/hcbhospitales.com\/de\/wp-json\/wp\/v2\/users\/2"}],"replies":[{"embeddable":true,"href":"https:\/\/hcbhospitales.com\/de\/wp-json\/wp\/v2\/comments?post=23027"}],"version-history":[{"count":6,"href":"https:\/\/hcbhospitales.com\/de\/wp-json\/wp\/v2\/pages\/23027\/revisions"}],"predecessor-version":[{"id":23080,"href":"https:\/\/hcbhospitales.com\/de\/wp-json\/wp\/v2\/pages\/23027\/revisions\/23080"}],"up":[{"embeddable":true,"href":"https:\/\/hcbhospitales.com\/de\/wp-json\/wp\/v2\/pages\/22487"}],"wp:attachment":[{"href":"https:\/\/hcbhospitales.com\/de\/wp-json\/wp\/v2\/media?parent=23027"}],"curies":[{"name":"wp","href":"https:\/\/api.w.org\/{rel}","templated":true}]}}