{"id":15214,"date":"2022-04-12T11:00:31","date_gmt":"2022-04-12T09:00:31","guid":{"rendered":"https:\/\/hcbhospitales.com\/?page_id=15214"},"modified":"2023-12-04T09:54:38","modified_gmt":"2023-12-04T08:54:38","slug":"haemodialyse-und-urlaubs-dialyse-von-der-hcb","status":"publish","type":"page","link":"https:\/\/hcbhospitales.com\/de\/referenzeinheiten\/haemodialyse-und-urlaubs-dialyse-von-der-hcb\/","title":{"rendered":"H\u00e4modialyse- und Urlaubs-Dialyse von der HCB"},"content":{"rendered":"\t\t<div data-elementor-type=\"wp-page\" data-elementor-id=\"15214\" class=\"elementor elementor-15214 elementor-5338\" data-elementor-post-type=\"page\">\n\t\t\t\t\t\t<section class=\"elementor-section elementor-top-section elementor-element elementor-element-8ba004e elementor-section-boxed elementor-section-height-default elementor-section-height-default\" data-id=\"8ba004e\" data-element_type=\"section\" data-e-type=\"section\" data-settings=\"{&quot;jet_parallax_layout_list&quot;:[{&quot;jet_parallax_layout_image&quot;:{&quot;url&quot;:&quot;&quot;,&quot;id&quot;:&quot;&quot;,&quot;size&quot;:&quot;&quot;},&quot;_id&quot;:&quot;bfae6c3&quot;,&quot;jet_parallax_layout_image_tablet&quot;:{&quot;url&quot;:&quot;&quot;,&quot;id&quot;:&quot;&quot;,&quot;size&quot;:&quot;&quot;},&quot;jet_parallax_layout_image_mobile&quot;:{&quot;url&quot;:&quot;&quot;,&quot;id&quot;:&quot;&quot;,&quot;size&quot;:&quot;&quot;},&quot;jet_parallax_layout_speed&quot;:{&quot;unit&quot;:&quot;%&quot;,&quot;size&quot;:50,&quot;sizes&quot;:[]},&quot;jet_parallax_layout_type&quot;:&quot;scroll&quot;,&quot;jet_parallax_layout_direction&quot;:&quot;1&quot;,&quot;jet_parallax_layout_fx_direction&quot;:null,&quot;jet_parallax_layout_z_index&quot;:&quot;&quot;,&quot;jet_parallax_layout_bg_x&quot;:50,&quot;jet_parallax_layout_bg_x_tablet&quot;:&quot;&quot;,&quot;jet_parallax_layout_bg_x_mobile&quot;:&quot;&quot;,&quot;jet_parallax_layout_bg_y&quot;:50,&quot;jet_parallax_layout_bg_y_tablet&quot;:&quot;&quot;,&quot;jet_parallax_layout_bg_y_mobile&quot;:&quot;&quot;,&quot;jet_parallax_layout_bg_size&quot;:&quot;auto&quot;,&quot;jet_parallax_layout_bg_size_tablet&quot;:&quot;&quot;,&quot;jet_parallax_layout_bg_size_mobile&quot;:&quot;&quot;,&quot;jet_parallax_layout_animation_prop&quot;:&quot;transform&quot;,&quot;jet_parallax_layout_on&quot;:[&quot;desktop&quot;,&quot;tablet&quot;]}],&quot;background_background&quot;:&quot;gradient&quot;}\">\n\t\t\t\t\t\t<div class=\"elementor-container elementor-column-gap-default\">\n\t\t\t\t\t<div class=\"elementor-column elementor-col-100 elementor-top-column elementor-element elementor-element-2b0e3e0\" data-id=\"2b0e3e0\" data-element_type=\"column\" data-e-type=\"column\">\n\t\t\t<div class=\"elementor-widget-wrap elementor-element-populated\">\n\t\t\t\t\t\t<div class=\"elementor-element elementor-element-e47c562 elementor-widget elementor-widget-jet-breadcrumbs\" data-id=\"e47c562\" data-element_type=\"widget\" data-e-type=\"widget\" data-widget_type=\"jet-breadcrumbs.default\">\n\t\t\t\t<div class=\"elementor-widget-container\">\n\t\t\t\t\t<div class=\"elementor-jet-breadcrumbs jet-blocks\">\n\t\t<div class=\"jet-breadcrumbs\">\n\t\t<div class=\"jet-breadcrumbs__content\">\n\t\t<div class=\"jet-breadcrumbs__wrap\"><div class=\"jet-breadcrumbs__item\"><a href=\"https:\/\/hcbhospitales.com\/de\/\" class=\"jet-breadcrumbs__item-link is-home\" rel=\"home\" title=\"HCB-Krankenh\u00e4user\">HCB-Krankenh\u00e4user<\/a><\/div>\n\t\t<\/div>\n\t\t<\/div>\n\t\t<\/div><\/div>\t\t\t\t<\/div>\n\t\t\t\t<\/div>\n\t\t\t\t<div class=\"elementor-element elementor-element-0d5f17a elementor-widget elementor-widget-image\" data-id=\"0d5f17a\" data-element_type=\"widget\" data-e-type=\"widget\" data-widget_type=\"image.default\">\n\t\t\t\t<div class=\"elementor-widget-container\">\n\t\t\t\t\t\t\t\t\t\t\t\t\t\t\t<img fetchpriority=\"high\" decoding=\"async\" width=\"800\" height=\"600\" src=\"https:\/\/hcbhospitales.com\/wp-content\/uploads\/2022\/02\/unidades-de-referencia-9.jpg\" class=\"attachment-full size-full wp-image-14108\" alt=\"\" srcset=\"https:\/\/hcbhospitales.com\/wp-content\/uploads\/2022\/02\/unidades-de-referencia-9.jpg 800w, https:\/\/hcbhospitales.com\/wp-content\/uploads\/2022\/02\/unidades-de-referencia-9-300x225.jpg 300w, https:\/\/hcbhospitales.com\/wp-content\/uploads\/2022\/02\/unidades-de-referencia-9-768x576.jpg 768w\" sizes=\"(max-width: 800px) 100vw, 800px\" \/>\t\t\t\t\t\t\t\t\t\t\t\t\t\t\t<\/div>\n\t\t\t\t<\/div>\n\t\t\t\t<div class=\"elementor-element elementor-element-4a588bd elementor-widget elementor-widget-text-editor\" data-id=\"4a588bd\" data-element_type=\"widget\" data-e-type=\"widget\" data-widget_type=\"text-editor.default\">\n\t\t\t\t<div class=\"elementor-widget-container\">\n\t\t\t\t\t\t\t\t\t<p><span style=\"font-weight: 400;\">Die H\u00e4modialyse- und Urlaubs-Dialyse von HCB Benidorm ist ein Teil des nephrologischen Dienstes des Krankenhauses Hospital Clinica Benidorm (HCB), im Zentrum von Benidorm, im Herzen der Costa Blanca (Spanien).<\/span><\/p><p>\u00a0<\/p><p><span style=\"font-weight: 400;\">Die H\u00e4modialyse Station und Urlaubs-Dialyse von HCB bietet Patienten mit Dialysebehandlungen in unseren exklusiven Einrichtungen die besten Behandlungen an, mit den neusten Technologien unterst\u00fctzt durch unsere 40 medizinische Fachbereiche in Polikliniken, Einweisung im Krankenhaus, Notfallaufnahme und Intensiv-Station.<\/span><\/p><p>\u00a0<\/p><p><span style=\"font-weight: 400;\">Die Arbeit der H\u00e4modialyse \u2013 und Urlaubs-Dialysestation von HCB ist orientiert auf nationale Patienten und Ausl\u00e4nder die Resident sind, Langzeitbewohner, und diejenigen die speziell ihren Urlaub an der Costa Blanca verbringen m\u00f6chten.<\/span><\/p><p>\u00a0<\/p><p><a href=\"https:\/\/www.clinicabenidorm.com\/referenzabteilungen\/dialyseimbenidorm\/#1539676596739-84cc3c3f-1eb9\" target=\"_blank\" rel=\"noopener\"><b>HCB Modell f\u00fcr die Betreuung ausl\u00e4ndischer Patienten<\/b><\/a><\/p><p><span style=\"font-weight: 400;\">Die Station der H\u00e4modialyse- und Urlaubs-Dialyse, folgt dem Vorbild der Betreuung der internationalen Patientenversorgung im HCB Benidorm, basierend auf einem internationalen und mehrsprachigen medizinischen Administrativen -und Dolmetscherteam, das Patienten und ihren Begleitern hilft sich wie in ihrem Land zu f\u00fchlen.<\/span><\/p><p><span style=\"font-weight: 400;\">Das Ger\u00e4t passt sich an die Bed\u00fcrfnisse des Patienten an, damit Sie eine gute Dialysebehandlung bekommen, mit Beachtung der Richtlinien ihrer Herkunftsorte wird sichergestellt, dass ihre Ferien und ihre Dialyse optimal erreicht werden.<\/span><\/p><p><span style=\"font-weight: 400;\">Zu diesem Zweck werden Dialysesitzungen mit dem Patienten organisiert. In Zusammenarbeit mit den wichtigsten Reiseb\u00fcros in Benidorm wird Unterst\u00fctzung bei der Verwaltung des Aufenthalts des Patienten, seiner Begleiter und bei der Organisation von Freizeit- und Unterhaltungsaktivit\u00e4ten angeboten.<\/span><\/p>\t\t\t\t\t\t\t\t<\/div>\n\t\t\t\t<\/div>\n\t\t\t\t<div class=\"elementor-element elementor-element-b6fa917 elementor-widget elementor-widget-jet-images-layout\" data-id=\"b6fa917\" data-element_type=\"widget\" data-e-type=\"widget\" data-widget_type=\"jet-images-layout.default\">\n\t\t\t\t<div class=\"elementor-widget-container\">\n\t\t\t\t\t<div class=\"elementor-jet-images-layout jet-elements\">\n<div class=\"jet-images-layout layout-type-justify\" data-settings='{&quot;layoutType&quot;:&quot;justify&quot;,&quot;justifyHeight&quot;:300}'>\n\t<div class=\"jet-images-layout__list column-desktop-3 column-tablet-2 column-mobile-1\" >\n<div class=\"jet-images-layout__item \">\n\t<div class=\"jet-images-layout__inner\">\n\t\t<div class=\"jet-images-layout__image-loader\"><span><\/span><\/div>\n\t\t<a class=\"jet-images-layout__link \" href=\"https:\/\/hcbhospitales.com\/wp-content\/uploads\/2022\/08\/Unidad-Dialisis-1.jpg\" data-elementor-open-lightbox=\"yes\" data-elementor-lightbox-slideshow=\"b6fa917\">\n\t\t\t<div class=\"jet-images-layout__image\">\n\t\t\t\t<img decoding=\"async\" class=\"jet-images-layout__image-instance\" src=\"https:\/\/hcbhospitales.com\/wp-content\/uploads\/2022\/08\/Unidad-Dialisis-1.jpg\" data-width=\"1279\" data-height=\"853\" alt=\"Unidad Dialisis-1\" loading=\"lazy\">\t\t\t<\/div>\n\t\t\t<div class=\"jet-images-layout__content\"><\/div>\n\t\t<\/a>\n\t<\/div>\n<\/div>\n<div class=\"jet-images-layout__item \">\n\t<div class=\"jet-images-layout__inner\">\n\t\t<div class=\"jet-images-layout__image-loader\"><span><\/span><\/div>\n\t\t<a class=\"jet-images-layout__link \" href=\"https:\/\/hcbhospitales.com\/wp-content\/uploads\/2022\/08\/Unidad-Dialisis-3.jpg\" data-elementor-open-lightbox=\"yes\" data-elementor-lightbox-slideshow=\"b6fa917\">\n\t\t\t<div class=\"jet-images-layout__image\">\n\t\t\t\t<img decoding=\"async\" class=\"jet-images-layout__image-instance\" src=\"https:\/\/hcbhospitales.com\/wp-content\/uploads\/2022\/08\/Unidad-Dialisis-3.jpg\" data-width=\"1279\" data-height=\"853\" alt=\"Unidad Dialisis-3\" loading=\"lazy\">\t\t\t<\/div>\n\t\t\t<div class=\"jet-images-layout__content\"><\/div>\n\t\t<\/a>\n\t<\/div>\n<\/div>\n<div class=\"jet-images-layout__item \">\n\t<div class=\"jet-images-layout__inner\">\n\t\t<div class=\"jet-images-layout__image-loader\"><span><\/span><\/div>\n\t\t<a class=\"jet-images-layout__link \" href=\"https:\/\/hcbhospitales.com\/wp-content\/uploads\/2022\/08\/Unidad-Dialisis-2.jpg\" data-elementor-open-lightbox=\"yes\" data-elementor-lightbox-slideshow=\"b6fa917\">\n\t\t\t<div class=\"jet-images-layout__image\">\n\t\t\t\t<img decoding=\"async\" class=\"jet-images-layout__image-instance\" src=\"https:\/\/hcbhospitales.com\/wp-content\/uploads\/2022\/08\/Unidad-Dialisis-2.jpg\" data-width=\"1279\" data-height=\"853\" alt=\"Unidad Dialisis-2\" loading=\"lazy\">\t\t\t<\/div>\n\t\t\t<div class=\"jet-images-layout__content\"><\/div>\n\t\t<\/a>\n\t<\/div>\n<\/div>\n<div class=\"jet-images-layout__item \">\n\t<div class=\"jet-images-layout__inner\">\n\t\t<div class=\"jet-images-layout__image-loader\"><span><\/span><\/div>\n\t\t<a class=\"jet-images-layout__link \" href=\"https:\/\/hcbhospitales.com\/wp-content\/uploads\/2022\/08\/Unidad-Dialisis-4.jpg\" data-elementor-open-lightbox=\"yes\" data-elementor-lightbox-slideshow=\"b6fa917\">\n\t\t\t<div class=\"jet-images-layout__image\">\n\t\t\t\t<img decoding=\"async\" class=\"jet-images-layout__image-instance\" src=\"https:\/\/hcbhospitales.com\/wp-content\/uploads\/2022\/08\/Unidad-Dialisis-4.jpg\" data-width=\"853\" data-height=\"1280\" alt=\"Unidad Dialisis-4\" loading=\"lazy\">\t\t\t<\/div>\n\t\t\t<div class=\"jet-images-layout__content\"><\/div>\n\t\t<\/a>\n\t<\/div>\n<\/div>\n<\/div><\/div>\n<\/div>\t\t\t\t<\/div>\n\t\t\t\t<\/div>\n\t\t\t\t<div class=\"elementor-element elementor-element-5d943f6 elementor-widget elementor-widget-toggle\" data-id=\"5d943f6\" data-element_type=\"widget\" data-e-type=\"widget\" data-widget_type=\"toggle.default\">\n\t\t\t\t<div class=\"elementor-widget-container\">\n\t\t\t\t\t\t\t<div class=\"elementor-toggle\">\n\t\t\t\t\t\t\t<div class=\"elementor-toggle-item\">\n\t\t\t\t\t<div id=\"elementor-tab-title-9811\" class=\"elementor-tab-title\" data-tab=\"1\" role=\"button\" aria-controls=\"elementor-tab-content-9811\" aria-expanded=\"false\">\n\t\t\t\t\t\t\t\t\t\t\t\t<span class=\"elementor-toggle-icon elementor-toggle-icon-left\" aria-hidden=\"true\">\n\t\t\t\t\t\t\t\t\t\t\t\t\t\t\t<span class=\"elementor-toggle-icon-closed\"><svg class=\"e-font-icon-svg e-fas-caret-right\" viewBox=\"0 0 192 512\" xmlns=\"http:\/\/www.w3.org\/2000\/svg\"><path d=\"M0 384.662V127.338c0-17.818 21.543-26.741 34.142-14.142l128.662 128.662c7.81 7.81 7.81 20.474 0 28.284L34.142 398.804C21.543 411.404 0 402.48 0 384.662z\"><\/path><\/svg><\/span>\n\t\t\t\t\t\t\t\t<span class=\"elementor-toggle-icon-opened\"><svg class=\"elementor-toggle-icon-opened e-font-icon-svg e-fas-caret-up\" viewBox=\"0 0 320 512\" xmlns=\"http:\/\/www.w3.org\/2000\/svg\"><path d=\"M288.662 352H31.338c-17.818 0-26.741-21.543-14.142-34.142l128.662-128.662c7.81-7.81 20.474-7.81 28.284 0l128.662 128.662c12.6 12.599 3.676 34.142-14.142 34.142z\"><\/path><\/svg><\/span>\n\t\t\t\t\t\t\t\t\t\t\t\t\t<\/span>\n\t\t\t\t\t\t\t\t\t\t\t\t<a class=\"elementor-toggle-title\" tabindex=\"0\">Die Einheit der H\u00e4modialyse und Urlaubs-Dialyse von HCB strebt einen Qualit\u00e4ts und Sicherheits Service f\u00fcr die Patienten an:<\/a>\n\t\t\t\t\t<\/div>\n\n\t\t\t\t\t<div id=\"elementor-tab-content-9811\" class=\"elementor-tab-content elementor-clearfix\" data-tab=\"1\" role=\"region\" aria-labelledby=\"elementor-tab-title-9811\"><ul><li style=\"font-weight: 400;\" aria-level=\"1\"><span style=\"font-weight: 400;\">Se estudia el informe m\u00e9dico del paciente y su pauta de hemodi\u00e1lisis, adapt\u00e1ndose para conseguir realizar la mejor sesi\u00f3n de Hemodi\u00e1lisis posible.<\/span><\/li><li style=\"font-weight: 400;\" aria-level=\"1\"><span style=\"font-weight: 400;\">Die Qualit\u00e4t der erhaltenen Dialysefl\u00fcssigkeit ist hochrein (h\u00f6chstm\u00f6gliche Qualit\u00e4t) und wird von der Spanischen Gesellschaft f\u00fcr Nephrologie und anderen internationalen Gesellschaften f\u00fcr alle Arten der H\u00e4modialyse empfohlen.<\/span><\/li><li style=\"font-weight: 400;\" aria-level=\"1\"><span style=\"font-weight: 400;\">Die Station hat durch langj\u00e4hrige Erfahrungen die M\u00f6glichkeit, Komplikationen in der Zahlungsabwicklung zu regeln, um eine ununterbrochene Behandlung zu garantieren.<\/span><\/li><li style=\"font-weight: 400;\" aria-level=\"1\"><span style=\"font-weight: 400;\">Die Einheit regelt Komplikationen, die durch den Gef\u00e4\u00dfzugang im Zentrum selbst entstehen.<\/span><\/li><li style=\"font-weight: 400;\" aria-level=\"1\"><span style=\"font-weight: 400;\">Aufgrund des Qualit\u00e4tsniveaus des Dienstes ist es ein mit dem Gesundheitsdienst f\u00fcr die Dialyse in der Region vereinbartes Zentrum.<\/span><\/li><li style=\"font-weight: 400;\" aria-level=\"1\"><span style=\"font-weight: 400;\">Der Service verf\u00fcgt \u00fcber die Akkreditierung der Qualit\u00e4t nach ISO 9001\/2015 und der Umweltqualit\u00e4t ISO 14001\/2015<\/span><\/li><li style=\"font-weight: 400;\" aria-level=\"1\"><span style=\"font-weight: 400;\">Zusammenarbeit mit ALCER und anderen Vereinigungen von Nierenpatienten.<\/span><\/li><li style=\"font-weight: 400;\" aria-level=\"1\"><span style=\"font-weight: 400;\">Kooperationsvereinbarung mit AVIBE (Verband der Reiseb\u00fcros von Benidorm) und der Stiftung Visit Benidorm.<\/span><\/li><\/ul><\/div>\n\t\t\t\t<\/div>\n\t\t\t\t\t\t\t<div class=\"elementor-toggle-item\">\n\t\t\t\t\t<div id=\"elementor-tab-title-9812\" class=\"elementor-tab-title\" data-tab=\"2\" role=\"button\" aria-controls=\"elementor-tab-content-9812\" aria-expanded=\"false\">\n\t\t\t\t\t\t\t\t\t\t\t\t<span class=\"elementor-toggle-icon elementor-toggle-icon-left\" aria-hidden=\"true\">\n\t\t\t\t\t\t\t\t\t\t\t\t\t\t\t<span class=\"elementor-toggle-icon-closed\"><svg class=\"e-font-icon-svg e-fas-caret-right\" viewBox=\"0 0 192 512\" xmlns=\"http:\/\/www.w3.org\/2000\/svg\"><path d=\"M0 384.662V127.338c0-17.818 21.543-26.741 34.142-14.142l128.662 128.662c7.81 7.81 7.81 20.474 0 28.284L34.142 398.804C21.543 411.404 0 402.48 0 384.662z\"><\/path><\/svg><\/span>\n\t\t\t\t\t\t\t\t<span class=\"elementor-toggle-icon-opened\"><svg class=\"elementor-toggle-icon-opened e-font-icon-svg e-fas-caret-up\" viewBox=\"0 0 320 512\" xmlns=\"http:\/\/www.w3.org\/2000\/svg\"><path d=\"M288.662 352H31.338c-17.818 0-26.741-21.543-14.142-34.142l128.662-128.662c7.81-7.81 20.474-7.81 28.284 0l128.662 128.662c12.6 12.599 3.676 34.142-14.142 34.142z\"><\/path><\/svg><\/span>\n\t\t\t\t\t\t\t\t\t\t\t\t\t<\/span>\n\t\t\t\t\t\t\t\t\t\t\t\t<a class=\"elementor-toggle-title\" tabindex=\"0\">Las modernas y acogedoras instalaciones de la Unidad cuentan con:<\/a>\n\t\t\t\t\t<\/div>\n\n\t\t\t\t\t<div id=\"elementor-tab-content-9812\" class=\"elementor-tab-content elementor-clearfix\" data-tab=\"2\" role=\"region\" aria-labelledby=\"elementor-tab-title-9812\"><ul><li style=\"font-weight: 400;\" aria-level=\"1\"><span style=\"font-weight: 400;\">26 Behandlungspl\u00e4tze mit der\u00a0<\/span><i><span style=\"font-weight: 400;\">Fresenius\u00ae<\/span><\/i><span style=\"font-weight: 400;\">\u00a0Behandlung.<\/span><\/li><li style=\"font-weight: 400;\" aria-level=\"1\"><span style=\"font-weight: 400;\">Verf\u00fcgbare Nacht -Dialyse von 22 Uhr bis 2 Uhr (nur in f\u00fcnfer Gruppen oder mehr).<\/span><\/li><li style=\"font-weight: 400;\" aria-level=\"1\"><span style=\"font-weight: 400;\">Speziale Dienstleistung f\u00fcr Patienten mit ansteckender Erkrankungen.<\/span><\/li><li style=\"font-weight: 400;\" aria-level=\"1\"><span style=\"font-weight: 400;\">Verf\u00fcgbarkeit der Krankenwagen.<\/span><\/li><\/ul><ul><li style=\"font-weight: 400;\" aria-level=\"1\"><span style=\"font-weight: 400;\">Aklimatisierte R\u00e4ume mit elektrischen Lehnsessel, Fernsehprogramme mit mehreren Kan\u00e4len in mehreren Sprachen, Ton \u00fcber Kopfh\u00f6rer, Radio, usw.<\/span><\/li><li style=\"font-weight: 400;\" aria-level=\"1\"><span style=\"font-weight: 400;\">Medizinisches Personal und Spezialisierte Krankenpflege.<\/span><\/li><li style=\"font-weight: 400;\" aria-level=\"1\"><span style=\"font-weight: 400;\">Erfrischungsgetr\u00e4nk w\u00e4hrend der Sitzung und am Ende der Sitzung.<\/span><\/li><li style=\"font-weight: 400;\" aria-level=\"1\"><span style=\"font-weight: 400;\">\u00dcbersetzungs-Service in mehreren Sprachen.<\/span><\/li><\/ul><\/div>\n\t\t\t\t<\/div>\n\t\t\t\t\t\t\t\t<\/div>\n\t\t\t\t\t\t<\/div>\n\t\t\t\t<\/div>\n\t\t\t\t<div class=\"elementor-element elementor-element-07f4dfb elementor-widget elementor-widget-toggle\" data-id=\"07f4dfb\" data-element_type=\"widget\" data-e-type=\"widget\" data-widget_type=\"toggle.default\">\n\t\t\t\t<div class=\"elementor-widget-container\">\n\t\t\t\t\t\t\t<div class=\"elementor-toggle\">\n\t\t\t\t\t\t\t<div class=\"elementor-toggle-item\">\n\t\t\t\t\t<div id=\"elementor-tab-title-8341\" class=\"elementor-tab-title\" data-tab=\"1\" role=\"button\" aria-controls=\"elementor-tab-content-8341\" aria-expanded=\"false\">\n\t\t\t\t\t\t\t\t\t\t\t\t<span class=\"elementor-toggle-icon elementor-toggle-icon-left\" aria-hidden=\"true\">\n\t\t\t\t\t\t\t\t\t\t\t\t\t\t\t<span class=\"elementor-toggle-icon-closed\"><svg class=\"e-font-icon-svg e-fas-caret-right\" viewBox=\"0 0 192 512\" xmlns=\"http:\/\/www.w3.org\/2000\/svg\"><path d=\"M0 384.662V127.338c0-17.818 21.543-26.741 34.142-14.142l128.662 128.662c7.81 7.81 7.81 20.474 0 28.284L34.142 398.804C21.543 411.404 0 402.48 0 384.662z\"><\/path><\/svg><\/span>\n\t\t\t\t\t\t\t\t<span class=\"elementor-toggle-icon-opened\"><svg class=\"elementor-toggle-icon-opened e-font-icon-svg e-fas-caret-up\" viewBox=\"0 0 320 512\" xmlns=\"http:\/\/www.w3.org\/2000\/svg\"><path d=\"M288.662 352H31.338c-17.818 0-26.741-21.543-14.142-34.142l128.662-128.662c7.81-7.81 20.474-7.81 28.284 0l128.662 128.662c12.6 12.599 3.676 34.142-14.142 34.142z\"><\/path><\/svg><\/span>\n\t\t\t\t\t\t\t\t\t\t\t\t\t<\/span>\n\t\t\t\t\t\t\t\t\t\t\t\t<a class=\"elementor-toggle-title\" tabindex=\"0\">Reservierungen und Kontakt Aufnahme<\/a>\n\t\t\t\t\t<\/div>\n\n\t\t\t\t\t<div id=\"elementor-tab-content-8341\" class=\"elementor-tab-content elementor-clearfix\" data-tab=\"1\" role=\"region\" aria-labelledby=\"elementor-tab-title-8341\">\t\t<div data-elementor-type=\"section\" data-elementor-id=\"14810\" class=\"elementor elementor-14810\" data-elementor-post-type=\"elementor_library\">\n\t\t\t\t\t<section class=\"elementor-section elementor-top-section elementor-element elementor-element-83ed348 elementor-section-content-middle elementor-section-boxed elementor-section-height-default elementor-section-height-default\" data-id=\"83ed348\" data-element_type=\"section\" data-e-type=\"section\" data-settings=\"{&quot;jet_parallax_layout_list&quot;:[]}\">\n\t\t\t\t\t\t<div class=\"elementor-container elementor-column-gap-default\">\n\t\t\t\t\t<div class=\"elementor-column elementor-col-50 elementor-top-column elementor-element elementor-element-a5b7558\" data-id=\"a5b7558\" data-element_type=\"column\" data-e-type=\"column\">\n\t\t\t<div class=\"elementor-widget-wrap elementor-element-populated\">\n\t\t\t\t\t\t<div class=\"elementor-element elementor-element-3e4b216 elementor-widget elementor-widget-text-editor\" data-id=\"3e4b216\" data-element_type=\"widget\" data-e-type=\"widget\" data-widget_type=\"text-editor.default\">\n\t\t\t\t<div class=\"elementor-widget-container\">\n\t\t\t\t\t\t\t\t\t<p><span style=\"font-weight: 400;\">Pide la informaci\u00f3n que necesites para conocer nuestro servicio o si necesitas ayuda para reservar una plaza mediante este formulario y nos pondremos en contacto contigo.<\/span><\/p><p><span style=\"font-weight: 400;\">Si deseas iniciar ya la RESERVA DE PLAZA, lee\u00a0<\/span><a href=\"https:\/\/hcbhospitales.com\/wp-content\/uploads\/2022\/08\/RECOMENDACIONES-Y-NORMAS-HEMODIALISIS-HCB.pdf\" target=\"_blank\" rel=\"noopener\"><b>las\u00a0<\/b><b>instrucciones<\/b><span style=\"font-weight: 400;\">\u00a0y\u00a0<\/span><b>las <\/b><b>normas de la sala<\/b><span style=\"font-weight: 400;\">.<\/span><\/a><\/p><p><span style=\"font-weight: 400;\">Avda. Alfonso Puchades, 8<\/span><\/p><p><span style=\"font-weight: 400;\">03501 Benidorm, Alicante (Espa\u00f1a)<\/span><\/p><p><a href=\"tel:0034965853850\"><span style=\"font-weight: 400;\">96 585 38 50<\/span><\/a><\/p><p><a href=\"mailto:dialisis@clinicabenidorm.com\"><span style=\"font-weight: 400;\">dialisis@clinicabenidorm.com<\/span><\/a><\/p>\t\t\t\t\t\t\t\t<\/div>\n\t\t\t\t<\/div>\n\t\t\t\t\t<\/div>\n\t\t<\/div>\n\t\t\t\t<div class=\"elementor-column elementor-col-50 elementor-top-column elementor-element elementor-element-7cdd401\" data-id=\"7cdd401\" data-element_type=\"column\" data-e-type=\"column\">\n\t\t\t<div class=\"elementor-widget-wrap\">\n\t\t\t\t\t\t\t<\/div>\n\t\t<\/div>\n\t\t\t\t\t<\/div>\n\t\t<\/section>\n\t\t\t\t<\/div>\n\t\t<\/div>\n\t\t\t\t<\/div>\n\t\t\t\t\t\t\t\t<\/div>\n\t\t\t\t\t\t<\/div>\n\t\t\t\t<\/div>\n\t\t\t\t\t<\/div>\n\t\t<\/div>\n\t\t\t\t\t<\/div>\n\t\t<\/section>\n\t\t\t\t<section class=\"elementor-section elementor-top-section elementor-element elementor-element-9e52ae4 elementor-section-boxed elementor-section-height-default elementor-section-height-default\" data-id=\"9e52ae4\" data-element_type=\"section\" data-e-type=\"section\" data-settings=\"{&quot;jet_parallax_layout_list&quot;:[]}\">\n\t\t\t\t\t\t<div class=\"elementor-container elementor-column-gap-default\">\n\t\t\t\t\t<div class=\"elementor-column elementor-col-100 elementor-top-column elementor-element elementor-element-c494335\" data-id=\"c494335\" data-element_type=\"column\" data-e-type=\"column\">\n\t\t\t<div class=\"elementor-widget-wrap elementor-element-populated\">\n\t\t\t\t\t\t<div class=\"elementor-element elementor-element-ec33a6c elementor-widget elementor-widget-jet-video\" data-id=\"ec33a6c\" data-element_type=\"widget\" data-e-type=\"widget\" data-widget_type=\"jet-video.default\">\n\t\t\t\t<div class=\"elementor-widget-container\">\n\t\t\t\t\t<div class=\"elementor-jet-video jet-elements\">\n<div class=\"jet-video jet-video--fa5-compat jet-video-aspect-ratio jet-video-aspect-ratio--21-9\" data-settings=\"{&quot;lightbox&quot;:false,&quot;autoplay&quot;:false}\"><iframe class=\"jet-video-iframe\" allowfullscreen allow=\"autoplay;encrypted-media\" title=\"youtube Video Player\" data-lazy-load=\"https:\/\/www.youtube.com\/embed\/yUMihrJPE6o?feature=oembed&amp;start&amp;end&amp;wmode=opaque&amp;autoplay=0&amp;loop=0&amp;controls=1&amp;mute=0&amp;rel=0&amp;modestbranding=0\"><\/iframe>\n<div class=\"jet-video__overlay jet-video__overlay--custom-bg\" style=\"background-image: url(https:\/\/i.ytimg.com\/vi_webp\/yUMihrJPE6o\/maxresdefault.webp);\">\n<div class=\"jet-video__play-button\" role=\"button\" tabindex=\"0\" aria-label=\"Video play button\"><span class=\"jet-elements-icon jet-video__play-button-icon\"><svg aria-hidden=\"true\" class=\"e-font-icon-svg e-far-play-circle\" viewBox=\"0 0 512 512\" xmlns=\"http:\/\/www.w3.org\/2000\/svg\"><path d=\"M371.7 238l-176-107c-15.8-8.8-35.7 2.5-35.7 21v208c0 18.4 19.8 29.8 35.7 21l176-101c16.4-9.1 16.4-32.8 0-42zM504 256C504 119 393 8 256 8S8 119 8 256s111 248 248 248 248-111 248-248zm-448 0c0-110.5 89.5-200 200-200s200 89.5 200 200-89.5 200-200 200S56 366.5 56 256z\"><\/path><\/svg><\/span>\t<span class=\"elementor-screen-only\">Play Video<\/span>\n<\/div>\n<\/div>\n<\/div>\n<\/div>\t\t\t\t<\/div>\n\t\t\t\t<\/div>\n\t\t\t\t\t<\/div>\n\t\t<\/div>\n\t\t\t\t\t<\/div>\n\t\t<\/section>\n\t\t\t\t<\/div>\n\t\t","protected":false},"excerpt":{"rendered":"<p>HCB Hospitales Die H\u00e4modialyse- und Urlaubs-Dialyse von HCB Benidorm ist ein Teil des nephrologischen Dienstes des Krankenhauses Hospital Clinica Benidorm (HCB), im Zentrum von Benidorm, im Herzen der Costa Blanca (Spanien). \u00a0 Die H\u00e4modialyse Station und Urlaubs-Dialyse von HCB bietet Patienten mit Dialysebehandlungen in unseren exklusiven Einrichtungen die besten Behandlungen an, mit den neusten Technologien [&hellip;]<\/p>\n","protected":false},"author":2,"featured_media":0,"parent":22487,"menu_order":0,"comment_status":"closed","ping_status":"closed","template":"","meta":{"_acf_changed":false,"footnotes":""},"class_list":["post-15214","page","type-page","status-publish","hentry"],"acf":[],"_links":{"self":[{"href":"https:\/\/hcbhospitales.com\/de\/wp-json\/wp\/v2\/pages\/15214","targetHints":{"allow":["GET"]}}],"collection":[{"href":"https:\/\/hcbhospitales.com\/de\/wp-json\/wp\/v2\/pages"}],"about":[{"href":"https:\/\/hcbhospitales.com\/de\/wp-json\/wp\/v2\/types\/page"}],"author":[{"embeddable":true,"href":"https:\/\/hcbhospitales.com\/de\/wp-json\/wp\/v2\/users\/2"}],"replies":[{"embeddable":true,"href":"https:\/\/hcbhospitales.com\/de\/wp-json\/wp\/v2\/comments?post=15214"}],"version-history":[{"count":3,"href":"https:\/\/hcbhospitales.com\/de\/wp-json\/wp\/v2\/pages\/15214\/revisions"}],"predecessor-version":[{"id":22638,"href":"https:\/\/hcbhospitales.com\/de\/wp-json\/wp\/v2\/pages\/15214\/revisions\/22638"}],"up":[{"embeddable":true,"href":"https:\/\/hcbhospitales.com\/de\/wp-json\/wp\/v2\/pages\/22487"}],"wp:attachment":[{"href":"https:\/\/hcbhospitales.com\/de\/wp-json\/wp\/v2\/media?parent=15214"}],"curies":[{"name":"wp","href":"https:\/\/api.w.org\/{rel}","templated":true}]}}