{"id":15198,"date":"2022-04-12T11:06:00","date_gmt":"2022-04-12T09:06:00","guid":{"rendered":"https:\/\/hcbhospitales.com\/?page_id=15198"},"modified":"2023-12-04T09:54:14","modified_gmt":"2023-12-04T08:54:14","slug":"abteilung-fuer-rehabilitation-und-physiotherapie","status":"publish","type":"page","link":"https:\/\/hcbhospitales.com\/de\/referenzeinheiten\/abteilung-fuer-rehabilitation-und-physiotherapie\/","title":{"rendered":"Abteilung F\u00fcr Rehabilitation Und Physiotherapie"},"content":{"rendered":"\t\t<div data-elementor-type=\"wp-page\" data-elementor-id=\"15198\" class=\"elementor elementor-15198 elementor-5356\" data-elementor-post-type=\"page\">\n\t\t\t\t\t\t<section class=\"elementor-section elementor-top-section elementor-element elementor-element-8ba004e elementor-section-boxed elementor-section-height-default elementor-section-height-default\" data-id=\"8ba004e\" data-element_type=\"section\" data-e-type=\"section\" data-settings=\"{&quot;jet_parallax_layout_list&quot;:[{&quot;jet_parallax_layout_image&quot;:{&quot;url&quot;:&quot;&quot;,&quot;id&quot;:&quot;&quot;,&quot;size&quot;:&quot;&quot;},&quot;_id&quot;:&quot;bfae6c3&quot;,&quot;jet_parallax_layout_image_tablet&quot;:{&quot;url&quot;:&quot;&quot;,&quot;id&quot;:&quot;&quot;,&quot;size&quot;:&quot;&quot;},&quot;jet_parallax_layout_image_mobile&quot;:{&quot;url&quot;:&quot;&quot;,&quot;id&quot;:&quot;&quot;,&quot;size&quot;:&quot;&quot;},&quot;jet_parallax_layout_speed&quot;:{&quot;unit&quot;:&quot;%&quot;,&quot;size&quot;:50,&quot;sizes&quot;:[]},&quot;jet_parallax_layout_type&quot;:&quot;scroll&quot;,&quot;jet_parallax_layout_direction&quot;:&quot;1&quot;,&quot;jet_parallax_layout_fx_direction&quot;:null,&quot;jet_parallax_layout_z_index&quot;:&quot;&quot;,&quot;jet_parallax_layout_bg_x&quot;:50,&quot;jet_parallax_layout_bg_x_tablet&quot;:&quot;&quot;,&quot;jet_parallax_layout_bg_x_mobile&quot;:&quot;&quot;,&quot;jet_parallax_layout_bg_y&quot;:50,&quot;jet_parallax_layout_bg_y_tablet&quot;:&quot;&quot;,&quot;jet_parallax_layout_bg_y_mobile&quot;:&quot;&quot;,&quot;jet_parallax_layout_bg_size&quot;:&quot;auto&quot;,&quot;jet_parallax_layout_bg_size_tablet&quot;:&quot;&quot;,&quot;jet_parallax_layout_bg_size_mobile&quot;:&quot;&quot;,&quot;jet_parallax_layout_animation_prop&quot;:&quot;transform&quot;,&quot;jet_parallax_layout_on&quot;:[&quot;desktop&quot;,&quot;tablet&quot;]}],&quot;background_background&quot;:&quot;gradient&quot;}\">\n\t\t\t\t\t\t<div class=\"elementor-container elementor-column-gap-default\">\n\t\t\t\t\t<div class=\"elementor-column elementor-col-100 elementor-top-column elementor-element elementor-element-2b0e3e0\" data-id=\"2b0e3e0\" data-element_type=\"column\" data-e-type=\"column\">\n\t\t\t<div class=\"elementor-widget-wrap elementor-element-populated\">\n\t\t\t\t\t\t<div class=\"elementor-element elementor-element-2909d80 elementor-widget elementor-widget-jet-breadcrumbs\" data-id=\"2909d80\" data-element_type=\"widget\" data-e-type=\"widget\" data-widget_type=\"jet-breadcrumbs.default\">\n\t\t\t\t<div class=\"elementor-widget-container\">\n\t\t\t\t\t<div class=\"elementor-jet-breadcrumbs jet-blocks\">\n\t\t<div class=\"jet-breadcrumbs\">\n\t\t<div class=\"jet-breadcrumbs__content\">\n\t\t<div class=\"jet-breadcrumbs__wrap\"><div class=\"jet-breadcrumbs__item\"><a href=\"https:\/\/hcbhospitales.com\/de\/\" class=\"jet-breadcrumbs__item-link is-home\" rel=\"home\" title=\"HCB-Krankenh\u00e4user\">HCB-Krankenh\u00e4user<\/a><\/div>\n\t\t<\/div>\n\t\t<\/div>\n\t\t<\/div><\/div>\t\t\t\t<\/div>\n\t\t\t\t<\/div>\n\t\t\t\t<div class=\"elementor-element elementor-element-b5eabd7 elementor-widget elementor-widget-image\" data-id=\"b5eabd7\" data-element_type=\"widget\" data-e-type=\"widget\" data-widget_type=\"image.default\">\n\t\t\t\t<div class=\"elementor-widget-container\">\n\t\t\t\t\t\t\t\t\t\t\t\t\t\t\t<img fetchpriority=\"high\" decoding=\"async\" width=\"800\" height=\"600\" src=\"https:\/\/hcbhospitales.com\/wp-content\/uploads\/2022\/02\/unidades-de-referencia-7.jpg\" class=\"attachment-full size-full wp-image-14104\" alt=\"\" srcset=\"https:\/\/hcbhospitales.com\/wp-content\/uploads\/2022\/02\/unidades-de-referencia-7.jpg 800w, https:\/\/hcbhospitales.com\/wp-content\/uploads\/2022\/02\/unidades-de-referencia-7-300x225.jpg 300w, https:\/\/hcbhospitales.com\/wp-content\/uploads\/2022\/02\/unidades-de-referencia-7-768x576.jpg 768w\" sizes=\"(max-width: 800px) 100vw, 800px\" \/>\t\t\t\t\t\t\t\t\t\t\t\t\t\t\t<\/div>\n\t\t\t\t<\/div>\n\t\t\t\t<div class=\"elementor-element elementor-element-4a588bd elementor-widget elementor-widget-text-editor\" data-id=\"4a588bd\" data-element_type=\"widget\" data-e-type=\"widget\" data-widget_type=\"text-editor.default\">\n\t\t\t\t<div class=\"elementor-widget-container\">\n\t\t\t\t\t\t\t\t\t<p><b>ABTEILUNG F\u00dcR REHABILITATION UND PHYSIOTHERAPIE<\/b><\/p><p><span style=\"font-weight: 400;\">Die Abteilung f\u00fcr Physiotherapie und Rehabilitation bei HCB Hospitales versorgt ambulante und station\u00e4re Patienten.\u00a0<\/span><\/p><p><span style=\"font-weight: 400;\">Das Mitarbeiterteam der medizinischen Physiotherapie und Rehabilitation am HCB besteht aus einem auf physikalische Medizin und Rehabilitation spezialisierten Arzt, Physiotherapeuten und Assistenten.\u00a0<\/span><\/p><p><span style=\"font-weight: 400;\">Der Rehabilitations- und Physiotherapiedienst am HCB bietet eine umfassende Betreuung der Patienten mit verschiedenen gesundheitlichen Einschr\u00e4nkungen w\u00e4hrend ihrer Wiederherstellung nach Verletzungen oder zur Verbesserung ihres Leistungsniveaus.<\/span><\/p><p><span style=\"font-weight: 400;\">Die wesentlichen Behandlungsschwerpunkte der Medizinischen Physiotherapie und Rehabilitation am HCB sind:\u00a0<\/span><\/p><ul><li aria-level=\"1\"><a href=\"https:\/\/www.clinicabenidorm.com\/unidades-referencia\/fisioterapia-medica-hospital-clinica-benidorm\/#unidad-aparato-locomotor\" target=\"_blank\" rel=\"noopener\"><b>Bereich Bewegungsapparat<\/b><\/a><\/li><\/ul><ul><li aria-level=\"1\"><a href=\"https:\/\/www.clinicabenidorm.com\/unidades-referencia\/fisioterapia-medica-hospital-clinica-benidorm\/#unidad-aparato-locomotor\" target=\"_blank\" rel=\"noopener\"><b>Neurorehabilitation<\/b><\/a><\/li><\/ul><ul><li aria-level=\"1\"><a href=\"https:\/\/www.clinicabenidorm.com\/unidades-referencia\/fisioterapia-medica-hospital-clinica-benidorm\/#unidad-aparato-locomotor\" target=\"_blank\" rel=\"noopener\"><b>Bereich Lymph\u00f6deme, Veneninsuffizienz<\/b><\/a><\/li><\/ul><ul><li aria-level=\"1\"><a href=\"https:\/\/www.clinicabenidorm.com\/unidades-referencia\/fisioterapia-medica-hospital-clinica-benidorm\/#unidad-aparato-locomotor\" target=\"_blank\" rel=\"noopener\"><b>Bereich Wiederherstellung des Beckenbodens: Inkontinenz<\/b><\/a><\/li><\/ul><ul><li aria-level=\"1\"><a href=\"https:\/\/www.clinicabenidorm.com\/unidades-referencia\/fisioterapia-medica-hospital-clinica-benidorm\/#unidad-aparato-locomotor\" target=\"_blank\" rel=\"noopener\"><b>Rehabilitation f\u00fcr Kinder<\/b><\/a><\/li><\/ul><p><span style=\"font-weight: 400;\">Die Gesundheitsversorgung der Abteilung findet in \u00e4rztlichen Sprechstunden und in speziellen \u00dcbungsr\u00e4umen statt. Dar\u00fcber hinaus wird sie auch ggf. auf den Stationen als spezieller Service f\u00fcr station\u00e4re Patienten angeboten.\u00a0<\/span><\/p><p>\u00a0<\/p><p><b>MEDIZINISCHE PHYSIOTHERAPIE HCB BENIDORM<\/b><\/p><p><span style=\"font-weight: 400;\">Die Einrichtungen in Benidorm (500 m\u00b2 mit zwei Sprechzimmern, sechs Behandlungsboxen und einem ger\u00e4umigen Fitnessraum sowie Umkleider\u00e4umen mit Duschen und Schlie\u00dff\u00e4chern und gro\u00dfz\u00fcgigen Gemeinschafts- und Empfangsbereichen) besitzen eine moderne Technologie f\u00fcr medizinische Rehabilitation und Physiotherapie.\u00a0<\/span><\/p><p><b>Das Physiotherapiezentrum HCB Benidorm befindet sich in der Avenida de L\u00b4 Aig\u00fcera, 13 (Benidorm). Es liegt zwischen der Avenida de L\u00b4Aig\u00fcera (etwa auf H\u00f6he der Stierkampfarena) und der Calle Orcheta, die an der zentral gelegenen Avenida Beniard\u00e0 beginnt.<\/b><\/p><p><b>TERMINVERGABE UND INFORMATION<\/b><\/p><p><a href=\"mailto:rehabilitacion@hcbhospitales.com\"><span style=\"font-weight: 400;\">rehabilitacion@hcbhospitales.com<\/span><\/a><\/p><p><span style=\"font-weight: 400;\">Telefon 96 607 27 33<\/span><\/p>\t\t\t\t\t\t\t\t<\/div>\n\t\t\t\t<\/div>\n\t\t\t\t<div class=\"elementor-element elementor-element-2be3f03 elementor-widget elementor-widget-toggle\" data-id=\"2be3f03\" data-element_type=\"widget\" data-e-type=\"widget\" data-widget_type=\"toggle.default\">\n\t\t\t\t<div class=\"elementor-widget-container\">\n\t\t\t\t\t\t\t<div class=\"elementor-toggle\">\n\t\t\t\t\t\t\t<div class=\"elementor-toggle-item\">\n\t\t\t\t\t<div id=\"elementor-tab-title-4601\" class=\"elementor-tab-title\" data-tab=\"1\" role=\"button\" aria-controls=\"elementor-tab-content-4601\" aria-expanded=\"false\">\n\t\t\t\t\t\t\t\t\t\t\t\t<span class=\"elementor-toggle-icon elementor-toggle-icon-left\" aria-hidden=\"true\">\n\t\t\t\t\t\t\t\t\t\t\t\t\t\t\t<span class=\"elementor-toggle-icon-closed\"><svg class=\"e-font-icon-svg e-fas-caret-right\" viewBox=\"0 0 192 512\" xmlns=\"http:\/\/www.w3.org\/2000\/svg\"><path d=\"M0 384.662V127.338c0-17.818 21.543-26.741 34.142-14.142l128.662 128.662c7.81 7.81 7.81 20.474 0 28.284L34.142 398.804C21.543 411.404 0 402.48 0 384.662z\"><\/path><\/svg><\/span>\n\t\t\t\t\t\t\t\t<span class=\"elementor-toggle-icon-opened\"><svg class=\"elementor-toggle-icon-opened e-font-icon-svg e-fas-caret-up\" viewBox=\"0 0 320 512\" xmlns=\"http:\/\/www.w3.org\/2000\/svg\"><path d=\"M288.662 352H31.338c-17.818 0-26.741-21.543-14.142-34.142l128.662-128.662c7.81-7.81 20.474-7.81 28.284 0l128.662 128.662c12.6 12.599 3.676 34.142-14.142 34.142z\"><\/path><\/svg><\/span>\n\t\t\t\t\t\t\t\t\t\t\t\t\t<\/span>\n\t\t\t\t\t\t\t\t\t\t\t\t<a class=\"elementor-toggle-title\" tabindex=\"0\">Das Mitarbeiterteam am HCB Benidorm<\/a>\n\t\t\t\t\t<\/div>\n\n\t\t\t\t\t<div id=\"elementor-tab-content-4601\" class=\"elementor-tab-content elementor-clearfix\" data-tab=\"1\" role=\"region\" aria-labelledby=\"elementor-tab-title-4601\"><p><b>Arzt f\u00fcr Rehabilitation<\/b><\/p><p><span style=\"font-weight: 400;\">Dr. Fernando Verd\u00fa Mas<\/span><\/p><p><b>Leiterin der Abteilung f\u00fcr Physiotherapie am HCB<\/b><\/p><p><span style=\"font-weight: 400;\">Nora Serrano Schoenfeld<\/span><\/p><p><b>Physiotherapeuten<\/b><\/p><p><span style=\"font-weight: 400;\">\u00c1ngela Pascual<\/span><\/p><p><span style=\"font-weight: 400;\">Claudia Schulz<\/span><\/p><p><span style=\"font-weight: 400;\">Eva Fuentes<\/span><\/p><p><span style=\"font-weight: 400;\">Laura P\u00e9rez Cano<\/span><\/p><p>\u00a0<\/p><p><b>Mitarbeiterteam am HCB Denia<\/b><\/p><p><b>Arzt f\u00fcr Rehabilitation<\/b><\/p><p><span style=\"font-weight: 400;\">Dr. Fernando Verd\u00fa Mas<\/span><\/p><p><br \/><br \/><br \/><br \/><\/p><\/div>\n\t\t\t\t<\/div>\n\t\t\t\t\t\t\t\t<\/div>\n\t\t\t\t\t\t<\/div>\n\t\t\t\t<\/div>\n\t\t\t\t<div class=\"elementor-element elementor-element-8c5ea9d elementor-widget elementor-widget-gallery\" data-id=\"8c5ea9d\" data-element_type=\"widget\" data-e-type=\"widget\" data-settings=\"{&quot;columns&quot;:3,&quot;lazyload&quot;:&quot;yes&quot;,&quot;gallery_layout&quot;:&quot;grid&quot;,&quot;columns_tablet&quot;:2,&quot;columns_mobile&quot;:1,&quot;gap&quot;:{&quot;unit&quot;:&quot;px&quot;,&quot;size&quot;:10,&quot;sizes&quot;:[]},&quot;gap_tablet&quot;:{&quot;unit&quot;:&quot;px&quot;,&quot;size&quot;:10,&quot;sizes&quot;:[]},&quot;gap_mobile&quot;:{&quot;unit&quot;:&quot;px&quot;,&quot;size&quot;:10,&quot;sizes&quot;:[]},&quot;link_to&quot;:&quot;file&quot;,&quot;aspect_ratio&quot;:&quot;3:2&quot;,&quot;overlay_background&quot;:&quot;yes&quot;,&quot;content_hover_animation&quot;:&quot;fade-in&quot;}\" data-widget_type=\"gallery.default\">\n\t\t\t\t<div class=\"elementor-widget-container\">\n\t\t\t\t\t\t\t<div class=\"elementor-gallery__container\">\n\t\t\t\t\t\t\t<a class=\"e-gallery-item elementor-gallery-item elementor-animated-content\" href=\"https:\/\/hcbhospitales.com\/wp-content\/uploads\/2022\/08\/Fisio-Denia.jpg\" data-elementor-open-lightbox=\"yes\" data-elementor-lightbox-slideshow=\"8c5ea9d\" data-elementor-lightbox-title=\"Fisio Denia\" data-e-action-hash=\"#elementor-action%3Aaction%3Dlightbox%26settings%3DeyJpZCI6MTM4ODIsInVybCI6Imh0dHBzOlwvXC9oY2Job3NwaXRhbGVzLmNvbVwvd3AtY29udGVudFwvdXBsb2Fkc1wvMjAyMlwvMDhcL0Zpc2lvLURlbmlhLmpwZyIsInNsaWRlc2hvdyI6IjhjNWVhOWQifQ%3D%3D\">\n\t\t\t\t\t<div class=\"e-gallery-image elementor-gallery-item__image\" data-thumbnail=\"https:\/\/hcbhospitales.com\/wp-content\/uploads\/2022\/08\/Fisio-Denia.jpg\" data-width=\"1280\" data-height=\"1024\" aria-label=\"\" role=\"img\" ><\/div>\n\t\t\t\t\t\t\t\t\t\t\t<div class=\"elementor-gallery-item__overlay\"><\/div>\n\t\t\t\t\t\t\t\t\t\t\t\t\t\t<\/a>\n\t\t\t\t\t\t\t<a class=\"e-gallery-item elementor-gallery-item elementor-animated-content\" href=\"https:\/\/hcbhospitales.com\/wp-content\/uploads\/2022\/08\/Fisioterapia-Denia.jpg\" data-elementor-open-lightbox=\"yes\" data-elementor-lightbox-slideshow=\"8c5ea9d\" data-elementor-lightbox-title=\"Fisioterapia Denia\" data-e-action-hash=\"#elementor-action%3Aaction%3Dlightbox%26settings%3DeyJpZCI6MTM4ODUsInVybCI6Imh0dHBzOlwvXC9oY2Job3NwaXRhbGVzLmNvbVwvd3AtY29udGVudFwvdXBsb2Fkc1wvMjAyMlwvMDhcL0Zpc2lvdGVyYXBpYS1EZW5pYS5qcGciLCJzbGlkZXNob3ciOiI4YzVlYTlkIn0%3D\">\n\t\t\t\t\t<div class=\"e-gallery-image elementor-gallery-item__image\" data-thumbnail=\"https:\/\/hcbhospitales.com\/wp-content\/uploads\/2022\/08\/Fisioterapia-Denia.jpg\" data-width=\"1280\" data-height=\"1024\" aria-label=\"\" role=\"img\" ><\/div>\n\t\t\t\t\t\t\t\t\t\t\t<div class=\"elementor-gallery-item__overlay\"><\/div>\n\t\t\t\t\t\t\t\t\t\t\t\t\t\t<\/a>\n\t\t\t\t\t\t\t<a class=\"e-gallery-item elementor-gallery-item elementor-animated-content\" href=\"https:\/\/hcbhospitales.com\/wp-content\/uploads\/2022\/08\/HCB-Fisioterapia-Box-2-dentro.jpg\" data-elementor-open-lightbox=\"yes\" data-elementor-lightbox-slideshow=\"8c5ea9d\" data-elementor-lightbox-title=\"HCB Fisioterapia Box 2 dentro\" data-e-action-hash=\"#elementor-action%3Aaction%3Dlightbox%26settings%3DeyJpZCI6MTM4ODgsInVybCI6Imh0dHBzOlwvXC9oY2Job3NwaXRhbGVzLmNvbVwvd3AtY29udGVudFwvdXBsb2Fkc1wvMjAyMlwvMDhcL0hDQi1GaXNpb3RlcmFwaWEtQm94LTItZGVudHJvLmpwZyIsInNsaWRlc2hvdyI6IjhjNWVhOWQifQ%3D%3D\">\n\t\t\t\t\t<div class=\"e-gallery-image elementor-gallery-item__image\" data-thumbnail=\"https:\/\/hcbhospitales.com\/wp-content\/uploads\/2022\/08\/HCB-Fisioterapia-Box-2-dentro.jpg\" data-width=\"1280\" data-height=\"1024\" aria-label=\"\" role=\"img\" ><\/div>\n\t\t\t\t\t\t\t\t\t\t\t<div class=\"elementor-gallery-item__overlay\"><\/div>\n\t\t\t\t\t\t\t\t\t\t\t\t\t\t<\/a>\n\t\t\t\t\t\t\t<a class=\"e-gallery-item elementor-gallery-item elementor-animated-content\" href=\"https:\/\/hcbhospitales.com\/wp-content\/uploads\/2022\/08\/HCB-Fisioterapia-recepci-an1.jpg\" data-elementor-open-lightbox=\"yes\" data-elementor-lightbox-slideshow=\"8c5ea9d\" data-elementor-lightbox-title=\"HCB Fisioterapia recepci+-\u00aan1\" data-e-action-hash=\"#elementor-action%3Aaction%3Dlightbox%26settings%3DeyJpZCI6MTM4OTEsInVybCI6Imh0dHBzOlwvXC9oY2Job3NwaXRhbGVzLmNvbVwvd3AtY29udGVudFwvdXBsb2Fkc1wvMjAyMlwvMDhcL0hDQi1GaXNpb3RlcmFwaWEtcmVjZXBjaS1hbjEuanBnIiwic2xpZGVzaG93IjoiOGM1ZWE5ZCJ9\">\n\t\t\t\t\t<div class=\"e-gallery-image elementor-gallery-item__image\" data-thumbnail=\"https:\/\/hcbhospitales.com\/wp-content\/uploads\/2022\/08\/HCB-Fisioterapia-recepci-an1.jpg\" data-width=\"1280\" data-height=\"1024\" aria-label=\"\" role=\"img\" ><\/div>\n\t\t\t\t\t\t\t\t\t\t\t<div class=\"elementor-gallery-item__overlay\"><\/div>\n\t\t\t\t\t\t\t\t\t\t\t\t\t\t<\/a>\n\t\t\t\t\t\t\t<a class=\"e-gallery-item elementor-gallery-item elementor-animated-content\" href=\"https:\/\/hcbhospitales.com\/wp-content\/uploads\/2022\/08\/HCB-Fisioterapia-sala-rehabilitaci-an_detalle4.jpg\" data-elementor-open-lightbox=\"yes\" data-elementor-lightbox-slideshow=\"8c5ea9d\" data-elementor-lightbox-title=\"HCB Fisioterapia sala rehabilitaci+-\u00aan_detalle4\" data-e-action-hash=\"#elementor-action%3Aaction%3Dlightbox%26settings%3DeyJpZCI6MTM4OTQsInVybCI6Imh0dHBzOlwvXC9oY2Job3NwaXRhbGVzLmNvbVwvd3AtY29udGVudFwvdXBsb2Fkc1wvMjAyMlwvMDhcL0hDQi1GaXNpb3RlcmFwaWEtc2FsYS1yZWhhYmlsaXRhY2ktYW5fZGV0YWxsZTQuanBnIiwic2xpZGVzaG93IjoiOGM1ZWE5ZCJ9\">\n\t\t\t\t\t<div class=\"e-gallery-image elementor-gallery-item__image\" data-thumbnail=\"https:\/\/hcbhospitales.com\/wp-content\/uploads\/2022\/08\/HCB-Fisioterapia-sala-rehabilitaci-an_detalle4.jpg\" data-width=\"1280\" data-height=\"1024\" aria-label=\"\" role=\"img\" ><\/div>\n\t\t\t\t\t\t\t\t\t\t\t<div class=\"elementor-gallery-item__overlay\"><\/div>\n\t\t\t\t\t\t\t\t\t\t\t\t\t\t<\/a>\n\t\t\t\t\t\t\t<a class=\"e-gallery-item elementor-gallery-item elementor-animated-content\" href=\"https:\/\/hcbhospitales.com\/wp-content\/uploads\/2022\/08\/HCB-Fisioterapia-sala-rehabilitaci-an2.jpg\" data-elementor-open-lightbox=\"yes\" data-elementor-lightbox-slideshow=\"8c5ea9d\" data-elementor-lightbox-title=\"HCB Fisioterapia sala rehabilitaci+-\u00aan2\" data-e-action-hash=\"#elementor-action%3Aaction%3Dlightbox%26settings%3DeyJpZCI6MTM4OTcsInVybCI6Imh0dHBzOlwvXC9oY2Job3NwaXRhbGVzLmNvbVwvd3AtY29udGVudFwvdXBsb2Fkc1wvMjAyMlwvMDhcL0hDQi1GaXNpb3RlcmFwaWEtc2FsYS1yZWhhYmlsaXRhY2ktYW4yLmpwZyIsInNsaWRlc2hvdyI6IjhjNWVhOWQifQ%3D%3D\">\n\t\t\t\t\t<div class=\"e-gallery-image elementor-gallery-item__image\" data-thumbnail=\"https:\/\/hcbhospitales.com\/wp-content\/uploads\/2022\/08\/HCB-Fisioterapia-sala-rehabilitaci-an2.jpg\" data-width=\"1280\" data-height=\"1024\" aria-label=\"\" role=\"img\" ><\/div>\n\t\t\t\t\t\t\t\t\t\t\t<div class=\"elementor-gallery-item__overlay\"><\/div>\n\t\t\t\t\t\t\t\t\t\t\t\t\t\t<\/a>\n\t\t\t\t\t<\/div>\n\t\t\t\t\t<\/div>\n\t\t\t\t<\/div>\n\t\t\t\t\t<\/div>\n\t\t<\/div>\n\t\t\t\t\t<\/div>\n\t\t<\/section>\n\t\t\t\t<\/div>\n\t\t","protected":false},"excerpt":{"rendered":"<p>HCB Hospitales ABTEILUNG F\u00dcR REHABILITATION UND PHYSIOTHERAPIE Die Abteilung f\u00fcr Physiotherapie und Rehabilitation bei HCB Hospitales versorgt ambulante und station\u00e4re Patienten.\u00a0 Das Mitarbeiterteam der medizinischen Physiotherapie und Rehabilitation am HCB besteht aus einem auf physikalische Medizin und Rehabilitation spezialisierten Arzt, Physiotherapeuten und Assistenten.\u00a0 Der Rehabilitations- und Physiotherapiedienst am HCB bietet eine umfassende Betreuung der Patienten [&hellip;]<\/p>\n","protected":false},"author":2,"featured_media":0,"parent":22487,"menu_order":0,"comment_status":"closed","ping_status":"closed","template":"","meta":{"_acf_changed":false,"footnotes":""},"class_list":["post-15198","page","type-page","status-publish","hentry"],"acf":[],"_links":{"self":[{"href":"https:\/\/hcbhospitales.com\/de\/wp-json\/wp\/v2\/pages\/15198","targetHints":{"allow":["GET"]}}],"collection":[{"href":"https:\/\/hcbhospitales.com\/de\/wp-json\/wp\/v2\/pages"}],"about":[{"href":"https:\/\/hcbhospitales.com\/de\/wp-json\/wp\/v2\/types\/page"}],"author":[{"embeddable":true,"href":"https:\/\/hcbhospitales.com\/de\/wp-json\/wp\/v2\/users\/2"}],"replies":[{"embeddable":true,"href":"https:\/\/hcbhospitales.com\/de\/wp-json\/wp\/v2\/comments?post=15198"}],"version-history":[{"count":3,"href":"https:\/\/hcbhospitales.com\/de\/wp-json\/wp\/v2\/pages\/15198\/revisions"}],"predecessor-version":[{"id":22632,"href":"https:\/\/hcbhospitales.com\/de\/wp-json\/wp\/v2\/pages\/15198\/revisions\/22632"}],"up":[{"embeddable":true,"href":"https:\/\/hcbhospitales.com\/de\/wp-json\/wp\/v2\/pages\/22487"}],"wp:attachment":[{"href":"https:\/\/hcbhospitales.com\/de\/wp-json\/wp\/v2\/media?parent=15198"}],"curies":[{"name":"wp","href":"https:\/\/api.w.org\/{rel}","templated":true}]}}